{"id":8,"date":"2014-03-18T12:04:56","date_gmt":"2014-03-18T12:04:56","guid":{"rendered":"http:\/\/ifmc-zse.hr\/2014\/hr\/?page_id=8"},"modified":"2014-10-15T14:50:35","modified_gmt":"2014-10-15T14:50:35","slug":"program","status":"publish","type":"page","link":"https:\/\/ifmc-zse.hr\/2014\/hr\/program\/","title":{"rendered":"Program"},"content":{"rendered":"<div class=\"agenda-title\">\n<h2>Srijeda, 15. listopada 2014.<\/h2>\n<\/div>\n<table style=\"width: 100%;\" border=\"0\" cellspacing=\"0\" cellpadding=\"0\">\n<tbody>\n<tr>\n<td style=\"text-align: center;\" valign=\"top\" width=\"150\">19:00 \u2013 22:00<\/td>\n<td valign=\"top\" width=\"474\">Registracija sudionika<\/td>\n<\/tr>\n<tr>\n<td style=\"text-align: center;\" valign=\"top\" width=\"150\">19:00 \u2013 21:00<\/td>\n<td valign=\"top\" width=\"474\">Ve\u010dera<\/td>\n<\/tr>\n<tr>\n<td style=\"text-align: center;\" valign=\"top\" width=\"150\">21:00 \u2013 22:30<\/td>\n<td valign=\"top\" width=\"474\">Koktel dobrodo\u0161lice, Hotel Lone Congress Hall Lobby<\/td>\n<\/tr>\n<\/tbody>\n<\/table>\n<div class=\"agenda-title\">\n<h2>\u010cetvrtak, 16. listopada 2014.<\/h2>\n<\/div>\n<table style=\"width: 100%;\" border=\"0\" cellspacing=\"0\" cellpadding=\"0\">\n<tbody>\n<tr>\n<td style=\"text-align: center;\" width=\"146\">08:00 \u2013 09:00<\/td>\n<td width=\"478\">Registracija sudionika<\/td>\n<\/tr>\n<tr>\n<td style=\"text-align: center;\" width=\"146\">09:00 \u2013 09:30<\/td>\n<td width=\"478\">Otvaranje konferencije<\/td>\n<\/tr>\n<tr>\n<td style=\"text-align: center;\" width=\"146\"><\/td>\n<td width=\"478\">Uvodne rije\u010di<\/td>\n<\/tr>\n<tr>\n<td style=\"text-align: center;\" width=\"146\"><\/td>\n<td width=\"478\">Dodjela nagrada za najbolje odnose s ulagateljima dru\u0161tvima uvr\u0161tenima na Zagreba\u010dku burzu<br \/>\n<a href=\"http:\/\/www.poslovni.hr\/\"><img decoding=\"async\" loading=\"lazy\" class=\"alignnone wp-image-46 size-thumbnail\" src=\"http:\/\/ifmc-zse.hr\/2014\/wp-content\/themes\/iconic-one-child\/img\/sponsors\/PoslovniDnevnik-Logo.png\" alt=\"Poslovni Dnevnik\" width=\"200\" height=\"100\" \/><\/a><\/td>\n<\/tr>\n<tr>\n<td style=\"text-align: center;\" width=\"146\">09:30 \u2013 10:00<\/td>\n<td width=\"478\">\n<h3><b>Keynote speach<\/b><\/h3>\n<ul>\n<li>Prof. dr. sc.\u00a0<a title=\"Boris Vuj\u010di\u0107\" href=\"http:\/\/ifmc-zse.hr\/2014\/hr\/predavaci\/#BorisVujcic\">Boris Vuj\u010di\u0107<\/a>, guverner Hrvatske narodne banke<\/li>\n<\/ul>\n<\/td>\n<\/tr>\n<tr>\n<td style=\"text-align: center;\" width=\"146\">10:00 \u2013 10:30<\/td>\n<td width=\"478\">\n<h3>CEE\/SEE growth prospectives within ongoing economic and political trends (Ukraine, shale, EU integration&#8230;)<\/h3>\n<ul>\n<li><a title=\"Simon Quijano-Evans\" href=\"http:\/\/ifmc-zse.hr\/2014\/hr\/predavaci\/#SimonQuijano\">Simon Quijano-Evans<\/a>, Head of EM Research, Commerzbank<\/li>\n<\/ul>\n<\/td>\n<\/tr>\n<tr>\n<td style=\"text-align: center;\" width=\"146\">10:30 \u2013 11:00<\/td>\n<td width=\"478\">Stanka za kavu<br \/>\n<a href=\"http:\/\/www.bnpparibas.com\/en\/bnp-paribas-croatia\"><img decoding=\"async\" loading=\"lazy\" class=\"alignnone wp-image-46 size-thumbnail\" src=\"http:\/\/ifmc-zse.hr\/2014\/wp-content\/themes\/iconic-one-child\/img\/sponsors\/BNPParibas-Logo.png\" alt=\"BNP Paribas\" width=\"150\" height=\"75\" \/><\/a><\/td>\n<\/tr>\n<tr>\n<td style=\"text-align: center;\" width=\"146\">11:00 \u2013 11:30<\/td>\n<td width=\"478\">\n<h3><span lang=\"EN-US\">The search for stable portfolio returns<\/span><\/h3>\n<ul>\n<li><a title=\"Christian Stocker\" href=\"http:\/\/ifmc-zse.hr\/2014\/hr\/predavaci\/#ChristianStocker\">Christian Stocker<\/a>,\u00a0Director, Equity Strategist,\u00a0Cross Asset Strategy, UniCredit Research<\/li>\n<\/ul>\n<\/td>\n<\/tr>\n<tr>\n<td style=\"text-align: center;\" width=\"146\">11:30 \u2013 12:00<\/td>\n<td width=\"478\">\n<h3>Pension funds&#8217; trends in United Kingdom<\/h3>\n<ul>\n<li><a style=\"font-weight: bold; color: #5e5e5e;\" title=\"Paul Lee\" href=\"http:\/\/ifmc-zse.hr\/2014\/hr\/predavaci\/#PaulLee\">Paul Lee<\/a>,\u00a0Head of Investment Affairs,\u00a0National Association of Pension Funds<\/li>\n<\/ul>\n<\/td>\n<\/tr>\n<tr>\n<td style=\"text-align: center;\" width=\"146\">12:00 \u2013 14:00<\/td>\n<td width=\"478\">Ru\u010dak<\/td>\n<\/tr>\n<tr>\n<td style=\"text-align: center;\" width=\"146\">14:00 \u2013 14:30<\/td>\n<td width=\"478\">\n<h3>EU Pensions Trends<\/h3>\n<ul>\n<li><a title=\"Matti Leppala\" href=\"http:\/\/ifmc-zse.hr\/2014\/hr\/predavaci\/#MatiLeppala\">Matti Lepp\u00e4l\u00e4<\/a>, Secretary General, CEO, Pensions Europe<\/li>\n<\/ul>\n<\/td>\n<\/tr>\n<tr>\n<td style=\"text-align: center;\" width=\"146\">14:30 &#8211; 15:00<\/td>\n<td width=\"478\">\n<h3>Istra\u017eivanje stavova javnosti i dionika u mirovinskom sustavu u Republici Hrvatskoj<\/h3>\n<ul>\n<li><a title=\"Mirna Cvitan\" href=\"http:\/\/ifmc-zse.hr\/2014\/hr\/predavaci\/#MirnaCvitan\">Mirna Cvitan<\/a>, Senior Research Executive, Ipsos Puls<\/li>\n<\/ul>\n<\/td>\n<\/tr>\n<tr>\n<td style=\"text-align: center;\" width=\"146\">15:00 &#8211; 16:00<\/td>\n<td width=\"478\">\n<h3>Novo mirovinsko zakonodavstvo: korak naprijed u razvoju sustava<\/h3>\n<p><a title=\"Tomislav \u010corak\" href=\"http:\/\/ifmc-zse.hr\/2014\/hr\/predavaci\/#TomislavCorak\">Tomislav \u010corak<\/a>, moderator (Principal, The Boston Consulting Group)<\/p>\n<ul>\n<li><a title=\"Dinko Novoselec\" href=\"http:\/\/ifmc-zse.hr\/2014\/hr\/predavaci\/#DinkoNovoselec\">Dinko Novoselec<\/a>, Predsjednik Uprave,\u00a0Allianz ZB d.o.o.\u00a0dru\u0161tvo za upravljanje obveznim mirovinskim fondom<\/li>\n<li><a title=\"Mario Radakovi\u0107\" href=\"http:\/\/ifmc-zse.hr\/2014\/hr\/predavaci\/#MarioRadakovic\">Mario Radakovi\u0107<\/a>,\u00a0\u010dlan Upravnog vije\u0107a Hrvatske agencije za nadzor financijskih usluga<\/li>\n<li><a title=\"Mirjana Ra\u0111enovi\u0107\" href=\"http:\/\/ifmc-zse.hr\/2014\/hr\/predavaci\/#MirjanaRadenovic\">Mirjana Ra\u0111enovi\u0107<\/a>,\u00a0Pomo\u0107nica ministra rada i mirovinskog sustava<\/li>\n<li><a title=\"Manda Zuli\u0107\" href=\"http:\/\/ifmc-zse.hr\/2014\/hr\/predavaci\/#MandaZulic\">Manda Zuli\u0107<\/a>, Predsjednica Uprave,\u00a0Raiffeisen mirovinsko dru\u0161tvo za upravljanje dobrovoljnim mirovinskim fondovima d.o.o.<\/li>\n<li><a title=\"Biserka \u017dalac\" href=\"http:\/\/ifmc-zse.hr\/2014\/hr\/predavaci\/#BiserkaZalac\">Biserka \u017dalac<\/a>, Direktorica,\u00a0Raiffeisen mirovinsko osiguravaju\u0107e dru\u0161tvo d.d.<\/li>\n<\/ul>\n<\/td>\n<\/tr>\n<tr>\n<td style=\"text-align: center;\" width=\"146\">19:00 \u2013 20:30<\/td>\n<td width=\"478\">Ve\u010dera<\/td>\n<\/tr>\n<tr>\n<td style=\"text-align: center;\" width=\"146\">20:30 \u2013 21:30<\/td>\n<td width=\"478\">Dru\u0161tveni program &#8211; &#8216;Aperol: Gorko-slatka pri\u010da&#8217;<br \/>\n<a href=\"http:\/\/www.ppd.com.hr\/\"><img decoding=\"async\" loading=\"lazy\" class=\"alignnone wp-image-46 size-thumbnail\" src=\"http:\/\/ifmc-zse.hr\/2014\/wp-content\/themes\/iconic-one-child\/img\/sponsors\/PPD-Logo.png\" alt=\"PPD Distribucija\" width=\"150\" height=\"75\" \/><\/a><\/td>\n<\/tr>\n<tr>\n<td style=\"text-align: center;\" width=\"146\">21:30 \u2013 22:30<\/td>\n<td width=\"478\">Podravkina kulinarska pri\u010da<br \/>\n<a href=\"http:\/\/www.podravka.hr\/\"><img decoding=\"async\" loading=\"lazy\" class=\"alignnone wp-image-46 size-thumbnail\" src=\"http:\/\/ifmc-zse.hr\/2014\/wp-content\/themes\/iconic-one-child\/img\/sponsors\/Podravka-Logo.png\" alt=\"Podravka\" width=\"150\" height=\"75\" \/><\/a><\/td>\n<\/tr>\n<tr>\n<td style=\"text-align: center;\" width=\"146\">22:30<\/td>\n<td width=\"478\">Zabavna ve\u010der: The Night Express Band, Hotel Lone Night Club<\/td>\n<\/tr>\n<tr>\n<td style=\"text-align: center;\" width=\"146\"><\/td>\n<td width=\"478\"><\/td>\n<\/tr>\n<\/tbody>\n<\/table>\n<div class=\"agenda-title\">\n<h2>Petak, 17. listopada 2014.<\/h2>\n<\/div>\n<table style=\"width: 100%;\" border=\"0\" cellspacing=\"0\" cellpadding=\"0\">\n<tbody>\n<tr>\n<td style=\"text-align: center;\" width=\"146\">10:00 \u2013 10:30<\/td>\n<td width=\"478\">\n<h3>Uvodno obra\u0107anje<\/h3>\n<ul>\n<li><a href=\"http:\/\/ifmc-zse.hr\/2014\/hr\/predavaci\/#PetarPierreMatek\">Petar-Pierre Matek<\/a>,\u00a0predsjednik Upravnog vije\u0107a Hrvatske agencije za nadzor financijskih usluga<\/li>\n<\/ul>\n<\/td>\n<\/tr>\n<tr>\n<td style=\"text-align: center;\" width=\"146\">\u00a010:30\u00a0\u2013 11:00<\/td>\n<td width=\"478\">\n<h3>Investing in infrastructure<\/h3>\n<ul>\n<li><a title=\"Michael Straka\" href=\"http:\/\/ifmc-zse.hr\/2014\/hr\/predavaci\/#MichaelStraka\">Michael Straka<\/a>,\u00a0Global Head of Infrastructure, Global Client Group, Deutsche Asset &amp; Wealth Management<\/li>\n<\/ul>\n<\/td>\n<\/tr>\n<tr>\n<td style=\"text-align: center;\" width=\"146\">11:00 \u2013 11:30<\/td>\n<td width=\"478\">Stanka za kavu<br \/>\n<a href=\"http:\/\/www.baaderbank.de\/en.html?no_cache=1\"><img decoding=\"async\" loading=\"lazy\" class=\"alignnone wp-image-46 size-thumbnail\" src=\"http:\/\/ifmc-zse.hr\/2014\/wp-content\/themes\/iconic-one-child\/img\/sponsors\/Baader-Logo.png\" alt=\"Baader\" width=\"150\" height=\"75\" \/><\/a><\/td>\n<\/tr>\n<tr>\n<td style=\"text-align: center;\" width=\"146\">11:30 \u2013 12:00<\/td>\n<td width=\"478\">\n<h3>Regional fixed income performance and outlook<\/h3>\n<ul>\n<li><a title=\"Luis Oganes\" href=\"http:\/\/ifmc-zse.hr\/2014\/hr\/predavaci\/#LuisOganes\">Luis Oganes<\/a>,\u00a0Managing Director, Global Head of Emerging Markets Research, J. P. Morgan<\/li>\n<\/ul>\n<\/td>\n<\/tr>\n<tr>\n<td style=\"text-align: center;\" width=\"146\">12:00 \u2013 13:00<\/td>\n<td width=\"478\">\n<h3>Burze budu\u0107nosti<\/h3>\n<p><a title=\"Zdeslav \u0160anti\u0107\" href=\"http:\/\/ifmc-zse.hr\/2014\/hr\/predavaci\/#ZdeslavSantic\">Zdeslav \u0160anti\u0107<\/a>,\u00a0moderator (Societe Generale &#8211; Splitska banka, Glavni ekonomist)<\/p>\n<ul>\n<li><a title=\"Lucian Anghel\" href=\"http:\/\/ifmc-zse.hr\/2014\/hr\/predavaci\/#LucianAnghel\">Lucian Anghel<\/a>, CEO of BCR Pensii and Chairman of Bucharest Stock Exchange<\/li>\n<li><a title=\"Ivana Ga\u017ei\u0107\" href=\"http:\/\/ifmc-zse.hr\/2014\/hr\/predavaci\/#IvanaGazic\">Ivana Ga\u017ei\u0107<\/a>,\u00a0Predsjednica Uprave, Zagreba\u010dka burza<\/li>\n<li><a title=\"Petr Koblic\" href=\"http:\/\/ifmc-zse.hr\/2014\/hr\/predavaci\/#PetrKoblic\">Petr Koblic<\/a>,\u00a0Joint CEO of CEE Stock Exchange Group<\/li>\n<li><a title=\"Ivan Kurtovi\u0107\" href=\"http:\/\/ifmc-zse.hr\/2014\/hr\/predavaci\/#IvanKurtovic\">Ivan Kurtovi\u0107<\/a>, Izvr\u0161ni direktor, InterCapital<\/li>\n<\/ul>\n<\/td>\n<\/tr>\n<tr>\n<td style=\"text-align: center;\" width=\"146\">13:00 \u2013 14:00<\/td>\n<td width=\"478\">Ru\u010dak<\/td>\n<\/tr>\n<tr>\n<td style=\"text-align: center;\" width=\"146\">14:00 \u2013 14:30<\/td>\n<td width=\"478\">\n<h3>Keynote address<\/h3>\n<ul>\n<li>prof. dr. sc.\u00a0<a title=\"Mirando Mrsi\u0107\" href=\"http:\/\/ifmc-zse.hr\/2014\/hr\/predavaci\/#MirandoMrsic\">Mirando Mrsi\u0107<\/a>, dr. med., ministar rada i mirovinskog sustava<\/li>\n<\/ul>\n<\/td>\n<\/tr>\n<tr>\n<td style=\"text-align: center;\" width=\"146\">14:30 \u2013 15:00<\/td>\n<td width=\"478\">\n<h3>Pension funds developments in Romania and New Europe<\/h3>\n<ul>\n<li>dr.\u00a0<a title=\"Lucian Anghel\" href=\"http:\/\/ifmc-zse.hr\/2014\/hr\/predavaci\/#LucianAnghel\">Lucian Anghel<\/a>,\u00a0CEO of BCR Pensii and Chairman of Bucharest Stock Exchange<\/li>\n<\/ul>\n<\/td>\n<\/tr>\n<tr>\n<td style=\"text-align: center;\" width=\"146\">15:00 \u2013 15:30<\/td>\n<td width=\"478\">\n<h3><span lang=\"HR\">Capital flows, credit and stock market: Case of Slovenia, Croatia and Hungary<\/span><\/h3>\n<ul>\n<li>dr. sc.\u00a0<a title=\"Neven Vidakovi\u0107\" href=\"http:\/\/ifmc-zse.hr\/2014\/hr\/predavaci\/#NevenVidakovic\">Neven Vidakovi\u0107<\/a>, Vice Dean for development, quality, professional and scientific research at Effectus university college<\/li>\n<\/ul>\n<\/td>\n<\/tr>\n<tr>\n<td style=\"text-align: center;\" width=\"146\">15:30 &#8211; 16:00<\/td>\n<td width=\"478\">\n<h3>Modeliranje preferencija investitora na hrvatskom tr\u017ei\u0161tu kapitala:\u00a0tr\u017ei\u0161na cijena rizika volatilnosti<\/h3>\n<ul>\n<li><a title=\"Petra Posedel\" href=\"http:\/\/ifmc-zse.hr\/2014\/hr\/predavaci\/#PetraPosedel\">Petra Posedel<\/a>, PhD, Chair, Department of Mathematics and Statistics, Zagreb School of Economics and Management<\/li>\n<\/ul>\n<\/td>\n<\/tr>\n<tr>\n<td style=\"text-align: center;\" width=\"146\">16:00 &#8211; 16:30<\/td>\n<td width=\"478\">\n<h3>Zavr\u0161na rije\u010d i zatvaranje konferencije<\/h3>\n<\/td>\n<\/tr>\n<tr>\n<td style=\"text-align: center;\" width=\"146\">19:00 \u2013 21:00<\/td>\n<td width=\"478\">Ve\u010dera<\/td>\n<\/tr>\n<tr>\n<td style=\"text-align: center;\" width=\"146\">22:00<\/td>\n<td width=\"478\">Zabavna ve\u010der,\u00a0Hotel Lone Night Club<\/td>\n<\/tr>\n<\/tbody>\n<\/table>\n<div class=\"agenda-title\">\n<h2 align=\"left\">Subota, 18. listopada 2014.<\/h2>\n<\/div>\n<table style=\"width: 100%;\" border=\"0\" cellspacing=\"0\" cellpadding=\"0\">\n<tbody>\n<tr>\n<td style=\"text-align: center;\" width=\"146\">10:00<\/td>\n<td width=\"478\">Detox morning &#8211; popust za sudionike Konferencije u\u00a0<a title=\"Hotel Lone spa\" href=\"http:\/\/www.lonehotel.com\/wellness_i_spa\">Wellness &amp; spa centru Hotela Lone<\/a><\/td>\n<\/tr>\n<\/tbody>\n<\/table>\n<p>&nbsp;<\/p>\n","protected":false},"excerpt":{"rendered":"<p>Srijeda, 15. listopada 2014. 19:00 \u2013 22:00 Registracija sudionika 19:00 \u2013 21:00 Ve\u010dera 21:00 \u2013 22:30 Koktel dobrodo\u0161lice, Hotel Lone Congress Hall Lobby \u010cetvrtak, 16. listopada 2014. 08:00 \u2013 09:00 Registracija sudionika 09:00 \u2013 09:30 Otvaranje konferencije Uvodne rije\u010di Dodjela nagrada za najbolje odnose s ulagateljima dru\u0161tvima uvr\u0161tenima na Zagreba\u010dku burzu 09:30 \u2013 10:00 Keynote\u2026 <span class=\"read-more\"><a href=\"https:\/\/ifmc-zse.hr\/2014\/hr\/program\/\">Read More &raquo;<\/a><\/span><\/p>\n","protected":false},"author":1,"featured_media":0,"parent":0,"menu_order":1,"comment_status":"closed","ping_status":"closed","template":"page-templates\/full-width.php","meta":[],"_links":{"self":[{"href":"https:\/\/ifmc-zse.hr\/2014\/hr\/wp-json\/wp\/v2\/pages\/8"}],"collection":[{"href":"https:\/\/ifmc-zse.hr\/2014\/hr\/wp-json\/wp\/v2\/pages"}],"about":[{"href":"https:\/\/ifmc-zse.hr\/2014\/hr\/wp-json\/wp\/v2\/types\/page"}],"author":[{"embeddable":true,"href":"https:\/\/ifmc-zse.hr\/2014\/hr\/wp-json\/wp\/v2\/users\/1"}],"replies":[{"embeddable":true,"href":"https:\/\/ifmc-zse.hr\/2014\/hr\/wp-json\/wp\/v2\/comments?post=8"}],"version-history":[{"count":5,"href":"https:\/\/ifmc-zse.hr\/2014\/hr\/wp-json\/wp\/v2\/pages\/8\/revisions"}],"predecessor-version":[{"id":303,"href":"https:\/\/ifmc-zse.hr\/2014\/hr\/wp-json\/wp\/v2\/pages\/8\/revisions\/303"}],"wp:attachment":[{"href":"https:\/\/ifmc-zse.hr\/2014\/hr\/wp-json\/wp\/v2\/media?parent=8"}],"curies":[{"name":"wp","href":"https:\/\/api.w.org\/{rel}","templated":true}]}}