{"id":14,"date":"2014-03-18T12:06:05","date_gmt":"2014-03-18T12:06:05","guid":{"rendered":"http:\/\/ifmc-zse.hr\/2014\/hr\/?page_id=14"},"modified":"2014-10-13T13:14:59","modified_gmt":"2014-10-13T13:14:59","slug":"informacije-i-kontakti","status":"publish","type":"page","link":"https:\/\/ifmc-zse.hr\/2014\/hr\/informacije-i-kontakti\/","title":{"rendered":"Informacije i kontakti"},"content":{"rendered":"<div style=\"text-align: center; border: 1px solid #ddd; background-color: #f1f1f1;\">\n<h3>Prijave su zatvorene. Za sve promjene molimo obratite se info desku Konferencije u Hotelu Lone.<\/h3>\n<\/div>\n<h2>Smje\u0161taj<\/h2>\n<p><del>Smje\u0161taj za sve sudionike Konferencije osiguran je u <a href=\"http:\/\/www.lonehotel.com\/\">hotelu Lone<\/a> i <a href=\"http:\/\/www.maistra.com\/Eden_Rovinj\">hotelu Eden<\/a>, Rovinj.<\/del><\/p>\n<p><strong>Hotel Lone i hotel Eden su popunjeni.<\/strong><\/p>\n<p>Smje\u0161taj je mogu\u0107 u <a href=\"http:\/\/www.montemulinihotel.com\/hr\/\">Hotelu Monte Mulini<\/a><span class=\"Apple-converted-space\"> (5 zvjezdica).\u00a0<\/span>Hotel Monte Mulini je smje\u0161ten u neposrednoj blizini Hotela Lone.<\/p>\n<p>Cijene za sudionike Konferencije dnevno (po osobi i po danu):<\/p>\n<p>Hotel Monte Mulini:<\/p>\n<ul>\n<li>Jednokrevetna soba: <strong>1.125,00 HRK<\/strong><\/li>\n<li>Dvokrevetna soba: <strong>727,50 HRK<\/strong><\/li>\n<\/ul>\n<p>PDV i boravi\u0161na pristojba uklju\u010deni su u cijenu.<\/p>\n<p>Konferencija i sva doga\u0111anja prema programu Konferencije odr\u017eat \u0107e se u hotelu Lone, Rovinj.<\/p>\n<h2>Kotizacija<\/h2>\n<p>Kotizacija: <strong>2.800,00 HRK<\/strong> (PDV uklju\u010den)<\/p>\n<p>Kotizacija uklju\u010duje konferencijski materijal, sve obroke te sva doga\u0111anja prema programu Konferencije. Kotizacija ne uklju\u010duje tro\u0161kove smje\u0161taja u hotelu niti putne tro\u0161kove.<\/p>\n<h2>Pla\u0107anje<\/h2>\n<p>Smje\u0161taj i kotizacija bit \u0107e napla\u0107eni sukladno podacima navedenima u elektroni\u010dkoj prijavi.<\/p>\n<p>U elektroni\u010dkoj prijavi imate mogu\u0107nost pla\u0107anja putem virmana ili kreditnom karticom.<\/p>\n<p>Pla\u0107anje putem virmana mora biti izvr\u0161eno u roku navedenom na ponudi.<\/p>\n<p>Svi osobni tro\u0161kovi (minibar, telefonski tro\u0161kovi itd.) pla\u0107aju se na recepciji hotela prije odlaska.<\/p>\n<h2 id=\"OtkazniUvjeti\">Otkazni uvjeti<\/h2>\n<p>Uvjeti otkaza za smje\u0161taj:<\/p>\n<ul>\n<li>Otkaz smje\u0161taja do 15. rujna 2014. \u2013 bez tro\u0161kova.<\/li>\n<li>Za otkaz smje\u0161taja izme\u0111u 15. rujna 2014. i 3. listopada 2014. sudionik je du\u017ean platiti iznos u visini 100% tro\u0161ka prvog no\u0107enja.<\/li>\n<li>Za otkaz smje\u0161taja nakon 3. listopada 2014. te za slu\u010daj nedolaska, kasnijeg dolaska ili ranijeg odlaska, sudionik je du\u017ean platiti iznos u visini 100% tro\u0161kova cijelog smje\u0161taja.<\/li>\n<\/ul>\n<p>Uvjeti otkaza za kotizaciju:<\/p>\n<ul>\n<li>Otkaz sudjelovanja do 15. rujna 2014. \u2013 bez tro\u0161kova.<\/li>\n<li>Za otkaz sudjelovanja izme\u0111u 15. rujna 2014. i 3. listopada 2014 sudioniku \u0107e se vratiti iznos u visini 80% tro\u0161kova kotizacije, umanjen za administrativne tro\u0161kove u iznosu od 100,00 HRK po sudioniku.<\/li>\n<li>Za otkaz sudjelovanja nakon 3. listopada 2014. povrat kotizacije nije mogu\u0107, osim uz pisanu potvrdu Organizatora.<\/li>\n<\/ul>\n<p>Bilo kakvi otkazi ili promjene moraju se javiti Organizatoru u pisanoj formi: pismom, faxom ili e-po\u0161tom na kontakte navedene na stranici \u00a0Informacije i kontakti.<\/p>\n<p>Za otkaze sudjelovanja zaprimljene nakon 3. listopada 2014., ili za nedolazak, kasniji dolazak ili raniji odlazak, povrat novca ne\u0107e biti mogu\u0107, no mogu\u0107e je slanje zamjenskog sudionika uz pisanu obavijest do 14. listopada 2014. na kontakte navedene na stranici Informacije i kontakti, uz suglasnost Organizatora.<\/p>\n<p>U slu\u010daju da nismo primili Va\u0161u uplatu do 15. listopada 2014., sudjelovanje na Konferenciji ne\u0107e biti mogu\u0107e.<\/p>\n<p>Eventualni povrati upla\u0107enih sredstava vr\u0161it \u0107e se po zavr\u0161etku Konferencije.<\/p>\n<h2>Registracija<\/h2>\n<p>Registracija se vr\u0161i putem <s><a href=\"#\">elektroni\u010dke prijave<\/a><\/s>.<\/p>\n<p>Po primitku Va\u0161e registracije, Va\u0161a registracija bit \u0107e potvr\u0111ena automatskim odgovorom. \u00a0Sudjelovanje na Konferenciji \u0107e biti potvr\u0111eno po primitku Va\u0161e uplate.<\/p>\n<h2>Administracija<\/h2>\n<p>Za sva pitanja slobodno kontaktirajte tehni\u010dkog organizatora konferencije \u2013 tvrtku GLOBTOUR EVENT:<\/p>\n<p><img decoding=\"async\" class=\"alignnone wp-image-46 size-thumbnail\" src=\"http:\/\/ifmc-zse.hr\/2014\/wp-content\/themes\/iconic-one-child\/img\/sponsors\/Globtour-Logo.png\" alt=\"GLOBTOUR EVENT\" \/><br \/>\nGLOBTOUR EVENT d.o.o.<br \/>\nTrg Nikole \u0160ubi\u0107a Zrinskog 1\/l, Zagreb<br \/>\nE-po\u0161ta: <a href=\"mailto:info@ifmc-zse.hr\">info@ifmc-zse.hr<\/a><br \/>\nTEL.: +385 1 488 1100<br \/>\nFAX: +385 1 481 22 77<\/p>\n","protected":false},"excerpt":{"rendered":"<p>Prijave su zatvorene. Za sve promjene molimo obratite se info desku Konferencije u Hotelu Lone. Smje\u0161taj Smje\u0161taj za sve sudionike Konferencije osiguran je u hotelu Lone i hotelu Eden, Rovinj. Hotel Lone i hotel Eden su popunjeni. Smje\u0161taj je mogu\u0107 u Hotelu Monte Mulini (5 zvjezdica).\u00a0Hotel Monte Mulini je smje\u0161ten u neposrednoj blizini Hotela Lone.\u2026 <span class=\"read-more\"><a href=\"https:\/\/ifmc-zse.hr\/2014\/hr\/informacije-i-kontakti\/\">Read More &raquo;<\/a><\/span><\/p>\n","protected":false},"author":1,"featured_media":0,"parent":0,"menu_order":3,"comment_status":"closed","ping_status":"closed","template":"page-templates\/full-width.php","meta":[],"_links":{"self":[{"href":"https:\/\/ifmc-zse.hr\/2014\/hr\/wp-json\/wp\/v2\/pages\/14"}],"collection":[{"href":"https:\/\/ifmc-zse.hr\/2014\/hr\/wp-json\/wp\/v2\/pages"}],"about":[{"href":"https:\/\/ifmc-zse.hr\/2014\/hr\/wp-json\/wp\/v2\/types\/page"}],"author":[{"embeddable":true,"href":"https:\/\/ifmc-zse.hr\/2014\/hr\/wp-json\/wp\/v2\/users\/1"}],"replies":[{"embeddable":true,"href":"https:\/\/ifmc-zse.hr\/2014\/hr\/wp-json\/wp\/v2\/comments?post=14"}],"version-history":[{"count":5,"href":"https:\/\/ifmc-zse.hr\/2014\/hr\/wp-json\/wp\/v2\/pages\/14\/revisions"}],"predecessor-version":[{"id":296,"href":"https:\/\/ifmc-zse.hr\/2014\/hr\/wp-json\/wp\/v2\/pages\/14\/revisions\/296"}],"wp:attachment":[{"href":"https:\/\/ifmc-zse.hr\/2014\/hr\/wp-json\/wp\/v2\/media?parent=14"}],"curies":[{"name":"wp","href":"https:\/\/api.w.org\/{rel}","templated":true}]}}