{"id":672,"date":"2020-08-19T14:24:00","date_gmt":"2020-08-19T14:24:00","guid":{"rendered":"http:\/\/ifmc-zse.hr\/2020\/?page_id=672"},"modified":"2020-08-29T21:10:05","modified_gmt":"2020-08-29T21:10:05","slug":"drustvena-odgovornost","status":"publish","type":"page","link":"http:\/\/ifmc-zse.hr\/2020\/drustvena-odgovornost\/","title":{"rendered":"DRU\u0160TVENA ODGOVORNOST"},"content":{"rendered":"\t\t<div data-elementor-type=\"wp-post\" data-elementor-id=\"672\" class=\"elementor elementor-672\">\n\t\t\t\t\t\t<div class=\"elementor-inner\">\n\t\t\t\t<div class=\"elementor-section-wrap\">\n\t\t\t\t\t\t\t\t\t<section class=\"elementor-section elementor-top-section elementor-element elementor-element-b549c2b elementor-section-boxed elementor-section-height-default elementor-section-height-default\" data-id=\"b549c2b\" data-element_type=\"section\">\n\t\t\t\t\t\t<div class=\"elementor-container elementor-column-gap-default\">\n\t\t\t\t\t\t\t<div class=\"elementor-row\">\n\t\t\t\t\t<div class=\"elementor-column elementor-col-100 elementor-top-column elementor-element elementor-element-26c9817\" data-id=\"26c9817\" data-element_type=\"column\">\n\t\t\t<div class=\"elementor-column-wrap elementor-element-populated\">\n\t\t\t\t\t\t\t<div class=\"elementor-widget-wrap\">\n\t\t\t\t\t\t<div class=\"elementor-element elementor-element-3603e69 elementor-widget elementor-widget-text-editor\" data-id=\"3603e69\" data-element_type=\"widget\" data-widget_type=\"text-editor.default\">\n\t\t\t\t<div class=\"elementor-widget-container\">\n\t\t\t\t\t\t\t\t<div class=\"elementor-text-editor elementor-clearfix\">\n\t\t\t\t<p class=\"MsoNormal\"><span style=\"font-family: Georgia, Palatino; font-size: 12pt;\">Konferencija \u2018Izazov promjene\u2019 nastoji biti dru\u0161tveno odgovorna i poduprijeti ciljeve koje smatramo va\u017enima. Jedan od njih jest i Unicefova tradicionalna utrka &#8220;Mlije\u010dna staza&#8221;.<\/span><\/p>\n<p><strong>UNICEFOVA UTRKA MLIJE\u010cNA STAZA 2020. &nbsp;&#8211; tisu\u0107e staza ZA jedan cilj <\/strong><\/p>\n<p>UNICEF-ova utrka <a href=\"https:\/\/www.mlijecnastaza.hr\/\">Mlije\u010dna staza<\/a> svake godine okuplja tisu\u0107e trka\u010da, rekreativaca, hoda\u010da, obitelji, djece, navija\u010da, volontera i osoba iz javnog \u017eivota koji zajedno doprinose ostvarenju humanitarnog cilja.<\/p>\n<p>I ove godine UNICEF \u017eeli okupiti \u0161to vi\u0161e zvijezda na Mlije\u010dnoj stazi kako bi osigurali podr\u0161ku djeci s te\u0161ko\u0107ama u razvoju u Hrvatskoj.<\/p>\n<p>Zbog novonastalih okolnosti i brige za zdravlje svih sudionika utrka po prvi puta okuplja sudionike uz pomo\u0107 mobilne aplikacije &#8211; dovoljno je prijaviti se, preuzeti aplikaciju i skupljati kilometre mogu\u0107nosti od 5. do 20. 9. 2020.<\/p>\n<p>U utrci Mlije\u010dna staza svatko mo\u017ee sudjelovati kada, koliko i kako najbolje mo\u017ee &#8211; tr\u010danjem, hodanjem, \u0161etnjom, u kolicima, na biciklu, romobilu&#8230; s obitelji, prijateljima&#8230;u parku ili kvartu, na treningu, planinarenju ili u \u0161etnji.<\/p>\n<p>Mlije\u010dna staza je utrka u kojoj nije najva\u017enija brzina pojedinca ve\u0107 da zajedno, kilometar po kilometar pretvaramo te\u0161ko\u0107e u mogu\u0107nosti i \u0161to br\u017ee do\u0111emo do cilja \u2013 da svako dijete s te\u0161ko\u0107ama u Hrvatskoj dobije priliku ispuniti svoje potencijale.<\/p>\n<p>Priklju\u010dite se Mlije\u010dnoj stazi i skupljajte kilometre mogu\u0107nosti za bolju budu\u0107nost djece s te\u0161ko\u0107ama u razvoju.<\/p>\n<p>Vi\u0161e o utrci i prijavama na <a href=\"https:\/\/www.mlijecnastaza.hr\/\">mlijecnastaza.hr<\/a><\/p>\t\t\t\t\t<\/div>\n\t\t\t\t\t\t<\/div>\n\t\t\t\t<\/div>\n\t\t\t\t\t\t<\/div>\n\t\t\t\t\t<\/div>\n\t\t<\/div>\n\t\t\t\t\t\t\t\t<\/div>\n\t\t\t\t\t<\/div>\n\t\t<\/section>\n\t\t\t\t\t\t\t\t\t<\/div>\n\t\t\t<\/div>\n\t\t\t\t\t<\/div>\n\t\t","protected":false},"excerpt":{"rendered":"<p>Konferencija \u2018Izazov promjene\u2019 nastoji biti dru\u0161tveno odgovorna i poduprijeti ciljeve koje smatramo va\u017enima. Jedan od njih jest i ...<\/p>","protected":false},"author":3,"featured_media":0,"parent":0,"menu_order":0,"comment_status":"closed","ping_status":"closed","template":"","meta":[],"_links":{"self":[{"href":"http:\/\/ifmc-zse.hr\/2020\/wp-json\/wp\/v2\/pages\/672"}],"collection":[{"href":"http:\/\/ifmc-zse.hr\/2020\/wp-json\/wp\/v2\/pages"}],"about":[{"href":"http:\/\/ifmc-zse.hr\/2020\/wp-json\/wp\/v2\/types\/page"}],"author":[{"embeddable":true,"href":"http:\/\/ifmc-zse.hr\/2020\/wp-json\/wp\/v2\/users\/3"}],"replies":[{"embeddable":true,"href":"http:\/\/ifmc-zse.hr\/2020\/wp-json\/wp\/v2\/comments?post=672"}],"version-history":[{"count":5,"href":"http:\/\/ifmc-zse.hr\/2020\/wp-json\/wp\/v2\/pages\/672\/revisions"}],"predecessor-version":[{"id":2302,"href":"http:\/\/ifmc-zse.hr\/2020\/wp-json\/wp\/v2\/pages\/672\/revisions\/2302"}],"wp:attachment":[{"href":"http:\/\/ifmc-zse.hr\/2020\/wp-json\/wp\/v2\/media?parent=672"}],"curies":[{"name":"wp","href":"https:\/\/api.w.org\/{rel}","templated":true}]}}