{"id":42,"date":"2018-05-08T13:50:06","date_gmt":"2018-05-08T13:50:06","guid":{"rendered":"http:\/\/ifmc-zse.hr\/2020\/?page_id=42"},"modified":"2020-10-13T17:55:48","modified_gmt":"2020-10-13T17:55:48","slug":"smjestaj","status":"publish","type":"page","link":"http:\/\/ifmc-zse.hr\/2020\/smjestaj\/","title":{"rendered":"SMJE\u0160TAJ"},"content":{"rendered":"\t\t<div data-elementor-type=\"wp-post\" data-elementor-id=\"42\" class=\"elementor elementor-42\">\n\t\t\t\t\t\t<div class=\"elementor-inner\">\n\t\t\t\t<div class=\"elementor-section-wrap\">\n\t\t\t\t\t\t\t\t\t<section class=\"elementor-section elementor-top-section elementor-element elementor-element-3eda639 elementor-section-boxed elementor-section-height-default elementor-section-height-default\" data-id=\"3eda639\" data-element_type=\"section\">\n\t\t\t\t\t\t<div class=\"elementor-container elementor-column-gap-default\">\n\t\t\t\t\t\t\t<div class=\"elementor-row\">\n\t\t\t\t\t<div class=\"elementor-column elementor-col-100 elementor-top-column elementor-element elementor-element-d1234cf\" data-id=\"d1234cf\" data-element_type=\"column\">\n\t\t\t<div class=\"elementor-column-wrap elementor-element-populated\">\n\t\t\t\t\t\t\t<div class=\"elementor-widget-wrap\">\n\t\t\t\t\t\t<div class=\"elementor-element elementor-element-8451f61 elementor-widget elementor-widget-text-editor\" data-id=\"8451f61\" data-element_type=\"widget\" data-widget_type=\"text-editor.default\">\n\t\t\t\t<div class=\"elementor-widget-container\">\n\t\t\t\t\t\t\t\t<div class=\"elementor-text-editor elementor-clearfix\">\n\t\t\t\t<p>Prijave za rezervaciju smje\u0161taja\u00a0 su slu\u017ebeno zatvorene jer su zbog ograni\u010denog broja sudionika popunjena sva mjesta.<\/p><p>Ukoliko ve\u0107 imate prijavljeno sudjelovanje na konferenciji, a niste jo\u0161 uspjeli rezervirati smje\u0161taj, ljubazno Vas molimo da nam se javite putem maila: ifmc-zse@penta-zagreb.hr\u00a0<\/p>\t\t\t\t\t<\/div>\n\t\t\t\t\t\t<\/div>\n\t\t\t\t<\/div>\n\t\t\t\t\t\t<\/div>\n\t\t\t\t\t<\/div>\n\t\t<\/div>\n\t\t\t\t\t\t\t\t<\/div>\n\t\t\t\t\t<\/div>\n\t\t<\/section>\n\t\t\t\t<section class=\"elementor-section elementor-top-section elementor-element elementor-element-7e0cd8b elementor-section-boxed elementor-section-height-default elementor-section-height-default\" data-id=\"7e0cd8b\" data-element_type=\"section\">\n\t\t\t\t\t\t<div class=\"elementor-container elementor-column-gap-default\">\n\t\t\t\t\t\t\t<div class=\"elementor-row\">\n\t\t\t\t\t<div class=\"elementor-column elementor-col-100 elementor-top-column elementor-element elementor-element-f26befa\" data-id=\"f26befa\" data-element_type=\"column\">\n\t\t\t<div class=\"elementor-column-wrap elementor-element-populated\">\n\t\t\t\t\t\t\t<div class=\"elementor-widget-wrap\">\n\t\t\t\t\t\t<div class=\"elementor-element elementor-element-b9d5706 elementor-align-center elementor-widget elementor-widget-button\" data-id=\"b9d5706\" data-element_type=\"widget\" data-widget_type=\"button.default\">\n\t\t\t\t<div class=\"elementor-widget-container\">\n\t\t\t\t\t<div class=\"elementor-button-wrapper\">\n\t\t\t<a class=\"elementor-button elementor-size-lg\" role=\"button\">\n\t\t\t\t\t\t<span class=\"elementor-button-content-wrapper\">\n\t\t\t\t\t\t<span class=\"elementor-button-text\">REZERVACIJA SMJE\u0160TAJAJE ZATVORENA<\/span>\n\t\t<\/span>\n\t\t\t\t\t<\/a>\n\t\t<\/div>\n\t\t\t\t<\/div>\n\t\t\t\t<\/div>\n\t\t\t\t\t\t<\/div>\n\t\t\t\t\t<\/div>\n\t\t<\/div>\n\t\t\t\t\t\t\t\t<\/div>\n\t\t\t\t\t<\/div>\n\t\t<\/section>\n\t\t\t\t<section class=\"elementor-section elementor-top-section elementor-element elementor-element-3bad531 elementor-section-boxed elementor-section-height-default elementor-section-height-default\" data-id=\"3bad531\" data-element_type=\"section\">\n\t\t\t\t\t\t<div class=\"elementor-container elementor-column-gap-default\">\n\t\t\t\t\t\t\t<div class=\"elementor-row\">\n\t\t\t\t\t<div class=\"elementor-column elementor-col-100 elementor-top-column elementor-element elementor-element-59f9a40\" data-id=\"59f9a40\" data-element_type=\"column\">\n\t\t\t<div class=\"elementor-column-wrap elementor-element-populated\">\n\t\t\t\t\t\t\t<div class=\"elementor-widget-wrap\">\n\t\t\t\t\t\t<div class=\"elementor-element elementor-element-b38631a elementor-widget elementor-widget-spacer\" data-id=\"b38631a\" data-element_type=\"widget\" data-widget_type=\"spacer.default\">\n\t\t\t\t<div class=\"elementor-widget-container\">\n\t\t\t\t\t<div class=\"elementor-spacer\">\n\t\t\t<div class=\"elementor-spacer-inner\"><\/div>\n\t\t<\/div>\n\t\t\t\t<\/div>\n\t\t\t\t<\/div>\n\t\t\t\t\t\t<\/div>\n\t\t\t\t\t<\/div>\n\t\t<\/div>\n\t\t\t\t\t\t\t\t<\/div>\n\t\t\t\t\t<\/div>\n\t\t<\/section>\n\t\t\t\t<section class=\"elementor-section elementor-top-section elementor-element elementor-element-26a64f7 elementor-section-boxed elementor-section-height-default elementor-section-height-default\" data-id=\"26a64f7\" data-element_type=\"section\">\n\t\t\t\t\t\t<div class=\"elementor-container elementor-column-gap-default\">\n\t\t\t\t\t\t\t<div class=\"elementor-row\">\n\t\t\t\t\t<div class=\"elementor-column elementor-col-100 elementor-top-column elementor-element elementor-element-3c6b759\" data-id=\"3c6b759\" data-element_type=\"column\">\n\t\t\t<div class=\"elementor-column-wrap elementor-element-populated\">\n\t\t\t\t\t\t\t<div class=\"elementor-widget-wrap\">\n\t\t\t\t\t\t<div class=\"elementor-element elementor-element-2409947 elementor-widget elementor-widget-text-editor\" data-id=\"2409947\" data-element_type=\"widget\" data-widget_type=\"text-editor.default\">\n\t\t\t\t<div class=\"elementor-widget-container\">\n\t\t\t\t\t\t\t\t<div class=\"elementor-text-editor elementor-clearfix\">\n\t\t\t\t<table><tbody><tr><td width=\"208\">\u00a0<\/td><td width=\"208\"><strong>Jednokrevetna soba<\/strong><\/td><td width=\"208\"><strong>Dvokrevetna soba<\/strong><\/td><\/tr><tr><td width=\"208\"><strong><a href=\"https:\/\/www.maistra.com\/hr\/hotel-lone-rovinj\">Lone Business hotel<\/a><\/strong><\/td><td width=\"208\">985.00 kn<\/td><td width=\"208\">1,035.00 kn<\/td><\/tr><tr><td width=\"208\"><strong><a href=\"https:\/\/www.maistra.com\/hr\/hotel-eden-rovinj\">Eden 4****<\/a><\/strong><\/td><td width=\"208\">584.00 kn<\/td><td width=\"208\">698.00 kn<\/td><\/tr><\/tbody><\/table>\t\t\t\t\t<\/div>\n\t\t\t\t\t\t<\/div>\n\t\t\t\t<\/div>\n\t\t\t\t\t\t<\/div>\n\t\t\t\t\t<\/div>\n\t\t<\/div>\n\t\t\t\t\t\t\t\t<\/div>\n\t\t\t\t\t<\/div>\n\t\t<\/section>\n\t\t\t\t<section class=\"elementor-section elementor-top-section elementor-element elementor-element-f90b1df elementor-section-boxed elementor-section-height-default elementor-section-height-default\" data-id=\"f90b1df\" data-element_type=\"section\">\n\t\t\t\t\t\t<div class=\"elementor-container elementor-column-gap-default\">\n\t\t\t\t\t\t\t<div class=\"elementor-row\">\n\t\t\t\t\t<div class=\"elementor-column elementor-col-100 elementor-top-column elementor-element elementor-element-54af82c\" data-id=\"54af82c\" data-element_type=\"column\">\n\t\t\t<div class=\"elementor-column-wrap elementor-element-populated\">\n\t\t\t\t\t\t\t<div class=\"elementor-widget-wrap\">\n\t\t\t\t\t\t<div class=\"elementor-element elementor-element-e28c438 elementor-widget elementor-widget-text-editor\" data-id=\"e28c438\" data-element_type=\"widget\" data-widget_type=\"text-editor.default\">\n\t\t\t\t<div class=\"elementor-widget-container\">\n\t\t\t\t\t\t\t\t<div class=\"elementor-text-editor elementor-clearfix\">\n\t\t\t\t<strong><span style=\"font-family: Helvetica; font-size: 12pt; color: #000080;\">VA\u017dNO<\/span><\/strong>\n<ul>\n \t<li style=\"text-align: justify;\"><span style=\"font-family: Helvetica; font-size: 12pt; color: #54595f;\">Rezervacija smje\u0161aja mogu\u0107a je isklju\u010divo za sudionike konferencije.<\/span><\/li>\n \t<li style=\"text-align: justify;\"><span style=\"font-family: Helvetica; font-size: 12pt; color: #54595f;\"><span style=\"background-color: initial;\">Prijava se vr\u0161i putem online sustava.<\/span><\/span><\/li>\n \t<li style=\"text-align: justify;\"><span style=\"font-family: Helvetica; font-size: 12pt; color: #54595f;\"><span style=\"background-color: initial;\">Sva pla\u0107anja se vr\u0161e na temelju online prijave, tj. dobivenog predra\u010duna ili online pla\u0107anja putem kreditne kartice.<\/span><\/span><\/li>\n \t<li style=\"text-align: justify;\"><span style=\"font-family: Helvetica; font-size: 12pt; color: #54595f;\"><span style=\"background-color: initial;\">Sve izmjene potrebno je javiti konferencijskom organizatoru na mail\u00a0<\/span><span style=\"background-color: initial;\">ifmc-zse@penta-zagreb.hr najkasnije 24 sata prije dolaska<\/span><\/span><\/li>\n \t<li style=\"text-align: justify;\"><span style=\"font-family: Helvetica; font-size: 12pt; color: #54595f;\"><span style=\"background-color: initial;\">Izmjene i otkazi obra\u0111uju se na temelju uvjeta otkaza pojedine usluge<\/span><\/span><\/li>\n \t<li style=\"text-align: justify;\"><span style=\"color: #000000; font-family: Helvetica;\"><span style=\"font-size: 16px;\">Usluga je potvr\u0111ena nakon izvr\u0161ene uplate i poslane potvrde o sudjelovanju od strane organizatora<\/span><\/span><\/li>\n<\/ul>\t\t\t\t\t<\/div>\n\t\t\t\t\t\t<\/div>\n\t\t\t\t<\/div>\n\t\t\t\t\t\t<\/div>\n\t\t\t\t\t<\/div>\n\t\t<\/div>\n\t\t\t\t\t\t\t\t<\/div>\n\t\t\t\t\t<\/div>\n\t\t<\/section>\n\t\t\t\t<section class=\"elementor-section elementor-top-section elementor-element elementor-element-caa086e elementor-section-boxed elementor-section-height-default elementor-section-height-default\" data-id=\"caa086e\" data-element_type=\"section\">\n\t\t\t\t\t\t<div class=\"elementor-container elementor-column-gap-default\">\n\t\t\t\t\t\t\t<div class=\"elementor-row\">\n\t\t\t\t\t<div class=\"elementor-column elementor-col-100 elementor-top-column elementor-element elementor-element-02fd30c\" data-id=\"02fd30c\" data-element_type=\"column\">\n\t\t\t<div class=\"elementor-column-wrap elementor-element-populated\">\n\t\t\t\t\t\t\t<div class=\"elementor-widget-wrap\">\n\t\t\t\t\t\t<div class=\"elementor-element elementor-element-bee16ae elementor-widget-divider--view-line elementor-widget elementor-widget-divider\" data-id=\"bee16ae\" data-element_type=\"widget\" data-widget_type=\"divider.default\">\n\t\t\t\t<div class=\"elementor-widget-container\">\n\t\t\t\t\t<div class=\"elementor-divider\">\n\t\t\t<span class=\"elementor-divider-separator\">\n\t\t\t\t\t\t<\/span>\n\t\t<\/div>\n\t\t\t\t<\/div>\n\t\t\t\t<\/div>\n\t\t\t\t\t\t<\/div>\n\t\t\t\t\t<\/div>\n\t\t<\/div>\n\t\t\t\t\t\t\t\t<\/div>\n\t\t\t\t\t<\/div>\n\t\t<\/section>\n\t\t\t\t<section class=\"elementor-section elementor-top-section elementor-element elementor-element-7be6172 elementor-section-boxed elementor-section-height-default elementor-section-height-default\" data-id=\"7be6172\" data-element_type=\"section\">\n\t\t\t\t\t\t<div class=\"elementor-container elementor-column-gap-default\">\n\t\t\t\t\t\t\t<div class=\"elementor-row\">\n\t\t\t\t\t<div class=\"elementor-column elementor-col-100 elementor-top-column elementor-element elementor-element-7eddacb\" data-id=\"7eddacb\" data-element_type=\"column\">\n\t\t\t<div class=\"elementor-column-wrap elementor-element-populated\">\n\t\t\t\t\t\t\t<div class=\"elementor-widget-wrap\">\n\t\t\t\t\t\t<div class=\"elementor-element elementor-element-71d6927 elementor-tabs-view-horizontal elementor-widget elementor-widget-tabs\" data-id=\"71d6927\" data-element_type=\"widget\" data-widget_type=\"tabs.default\">\n\t\t\t\t<div class=\"elementor-widget-container\">\n\t\t\t\t\t<div class=\"elementor-tabs\">\n\t\t\t<div class=\"elementor-tabs-wrapper\" role=\"tablist\" >\n\t\t\t\t\t\t\t\t\t<div id=\"elementor-tab-title-1191\" class=\"elementor-tab-title elementor-tab-desktop-title\" aria-selected=\"true\" data-tab=\"1\" role=\"tab\" tabindex=\"0\" aria-controls=\"elementor-tab-content-1191\" aria-expanded=\"false\">HOTEL LONE -  o hotelu!<\/div>\n\t\t\t\t\t\t\t\t\t<div id=\"elementor-tab-title-1192\" class=\"elementor-tab-title elementor-tab-desktop-title\" aria-selected=\"false\" data-tab=\"2\" role=\"tab\" tabindex=\"-1\" aria-controls=\"elementor-tab-content-1192\" aria-expanded=\"false\">HOTEL EDEN - o hotelu!<\/div>\n\t\t\t\t\t\t\t<\/div>\n\t\t\t<div class=\"elementor-tabs-content-wrapper\" role=\"tablist\" aria-orientation=\"vertical\">\n\t\t\t\t\t\t\t\t\t<div class=\"elementor-tab-title elementor-tab-mobile-title\" aria-selected=\"true\" data-tab=\"1\" role=\"tab\" tabindex=\"0\" aria-controls=\"elementor-tab-content-1191\" aria-expanded=\"false\">HOTEL LONE -  o hotelu!<\/div>\n\t\t\t\t\t<div id=\"elementor-tab-content-1191\" class=\"elementor-tab-content elementor-clearfix\" data-tab=\"1\" role=\"tabpanel\" aria-labelledby=\"elementor-tab-title-1191\" tabindex=\"0\" hidden=\"false\"><p style=\"text-align: justify;\"><span style=\"font-family: Helvetica; font-size: 12pt; color: #000000;\"><strong>Adresa:<\/strong>\u00a0Ul. Luje Adamovi\u0107a 31, 52210, Rovinj<\/span><br \/><span style=\"font-family: Helvetica; font-size: 12pt; color: #000000;\"> <strong>Telefon:<\/strong>+385\u00a052 800 250<\/span><\/p><p style=\"text-align: justify;\"><span style=\"font-family: Helvetica; font-size: 12pt; color: #000000;\"> <strong>Check-in:<\/strong>\u00a015:00 sati<\/span><br \/><span style=\"font-family: Helvetica; font-size: 12pt; color: #000000;\"> <strong>Check-out:<\/strong>\u00a011:00 sati<\/span><\/p><p style=\"text-align: justify;\"><span style=\"font-family: Helvetica; font-size: 12pt; color: #000000;\">Vje\u0161to sakriven u zelenom srcu Rovinja, Hotel Lone veli\u010danstven je primjer po\u0161tovanja prirodnog krajolika. Obgrljen \u0161umom i okrenut moru, doima se poput luksuzna broda koji je pa\u017eljivo pristao u okru\u017eenje, ni\u010dim ne naru\u0161iv\u0161i zate\u010deni sklad prirode. Jednostavnost, minimalizam, \u010dista elegancija \u2013 prve su asocijacije koje dolaze u valovima pri svakom pogledu na ovo savr\u0161eno zdanje. Iznimna udobnost i visoko personalizirana usluga njegove su osnovne karakteristike, a od sadr\u017eaja se izdvaja najbolje opremljen kongresni centar u regiji.<\/span><\/p><p style=\"text-align: justify;\"><span style=\"font-family: Helvetica; font-size: 12pt; color: #000000;\"><strong>PARKING<\/strong><\/span><\/p><p style=\"text-align: ljustify;\"><span style=\"font-family: Helvetica; font-size: 12pt; color: #000000;\">Parkirali\u0161te je\u00a0dostupno u blizini\u00a0objekta i nije potrebna rezervacija.<\/span><br \/><span style=\"font-family: Helvetica; font-size: 12pt; color: #000000;\"> Parking u gara\u017ei se napla\u0107uje na recepciji hotela<strong>.<\/strong><\/span><\/p><\/div>\n\t\t\t\t\t\t\t\t\t<div class=\"elementor-tab-title elementor-tab-mobile-title\" aria-selected=\"false\" data-tab=\"2\" role=\"tab\" tabindex=\"-1\" aria-controls=\"elementor-tab-content-1192\" aria-expanded=\"false\">HOTEL EDEN - o hotelu!<\/div>\n\t\t\t\t\t<div id=\"elementor-tab-content-1192\" class=\"elementor-tab-content elementor-clearfix\" data-tab=\"2\" role=\"tabpanel\" aria-labelledby=\"elementor-tab-title-1192\" tabindex=\"0\" hidden=\"hidden\"><p style=\"text-align: justify;\"><span style=\"font-family: Helvetica; font-size: 12pt; color: #000000;\"><strong>Adresa:<\/strong> Ul. Luje Adamovi\u0107a 33, 52210, Rovinj<\/span><br \/><span style=\"font-family: Helvetica; font-size: 12pt; color: #000000;\"> <strong>Telefon:<\/strong>+385\u00a052 800 250<\/span><\/p><p style=\"text-align: justify;\"><span style=\"font-family: Helvetica; font-size: 12pt; color: #000000;\"> <strong>Check-in:<\/strong>\u00a015:00 sati<\/span><br \/><span style=\"font-family: Helvetica; font-size: 12pt; color: #000000;\"> <strong>Check-out:<\/strong>\u00a011:00 sati<\/span><\/p><div id=\"summary\" class=\"\" data-et-mouseenter=\"customGoal:BUeeZdbaBOdUfTXNVO:1 customGoal:BUeePYUQdLPSKPGeeUZC:1\" data-et-click=\"customGoal:BUeeZdbaBOdUfTXNVO:2 customGoal:BUeePYUQdLPSKPGeeUZC:2\"><p style=\"text-align: justify;\"><span style=\"font-family: Helvetica; color: #000000;\">Smje\u0161ten u hladu stoljetnih borova, hotel Eden nudi rasko\u0161ne elegantne sobe s pogledom na mirnu uvalu udaljenu samo nekoliko minuta hoda od stare gradske jezgre Rovinja.<\/span><\/p><p style=\"text-align: justify;\"><span style=\"font-family: Helvetica; color: #000000;\">Hotel se nalazi 50m od hotela Lone, a u slu\u010daju rezervacije smje\u0161taja u hotelu Eden imajte na umu da je doru\u010dak serviran u samom hotelu, a svi ostali obroci objavljeni u slu\u017ebenom programu konferencije odr\u017eavaju se u hotelu Lone.<\/span><\/p><\/div><p style=\"text-align: justify;\"><span style=\"font-family: Helvetica; font-size: 12pt; color: #000000;\"><strong>PARKING<\/strong><\/span><\/p><p style=\"text-align: ljustify;\"><span style=\"font-family: Helvetica; font-size: 12pt; color: #000000;\">Parkirali\u0161te je\u00a0dostupno u blizini\u00a0objekta i nije potrebna rezervacija.<\/span><\/p><\/div>\n\t\t\t\t\t\t\t<\/div>\n\t\t<\/div>\n\t\t\t\t<\/div>\n\t\t\t\t<\/div>\n\t\t\t\t\t\t<\/div>\n\t\t\t\t\t<\/div>\n\t\t<\/div>\n\t\t\t\t\t\t\t\t<\/div>\n\t\t\t\t\t<\/div>\n\t\t<\/section>\n\t\t\t\t<section class=\"elementor-section elementor-top-section elementor-element elementor-element-da2483e elementor-section-boxed elementor-section-height-default elementor-section-height-default\" data-id=\"da2483e\" data-element_type=\"section\">\n\t\t\t\t\t\t<div class=\"elementor-container elementor-column-gap-default\">\n\t\t\t\t\t\t\t<div class=\"elementor-row\">\n\t\t\t\t\t<div class=\"elementor-column elementor-col-100 elementor-top-column elementor-element elementor-element-4e33afe\" data-id=\"4e33afe\" data-element_type=\"column\">\n\t\t\t<div class=\"elementor-column-wrap\">\n\t\t\t\t\t\t\t<div class=\"elementor-widget-wrap\">\n\t\t\t\t\t\t\t\t<\/div>\n\t\t\t\t\t<\/div>\n\t\t<\/div>\n\t\t\t\t\t\t\t\t<\/div>\n\t\t\t\t\t<\/div>\n\t\t<\/section>\n\t\t\t\t\t\t\t\t\t<\/div>\n\t\t\t<\/div>\n\t\t\t\t\t<\/div>\n\t\t","protected":false},"excerpt":{"rendered":"<p>Prijave za rezervaciju smje\u0161taja\u00a0 su slu\u017ebeno zatvorene jer su zbog ograni\u010denog broja sudionika popunjena sva mjesta. Ukoliko ve\u0107 ...<\/p>","protected":false},"author":2,"featured_media":0,"parent":0,"menu_order":0,"comment_status":"closed","ping_status":"closed","template":"","meta":[],"_links":{"self":[{"href":"http:\/\/ifmc-zse.hr\/2020\/wp-json\/wp\/v2\/pages\/42"}],"collection":[{"href":"http:\/\/ifmc-zse.hr\/2020\/wp-json\/wp\/v2\/pages"}],"about":[{"href":"http:\/\/ifmc-zse.hr\/2020\/wp-json\/wp\/v2\/types\/page"}],"author":[{"embeddable":true,"href":"http:\/\/ifmc-zse.hr\/2020\/wp-json\/wp\/v2\/users\/2"}],"replies":[{"embeddable":true,"href":"http:\/\/ifmc-zse.hr\/2020\/wp-json\/wp\/v2\/comments?post=42"}],"version-history":[{"count":5,"href":"http:\/\/ifmc-zse.hr\/2020\/wp-json\/wp\/v2\/pages\/42\/revisions"}],"predecessor-version":[{"id":2384,"href":"http:\/\/ifmc-zse.hr\/2020\/wp-json\/wp\/v2\/pages\/42\/revisions\/2384"}],"wp:attachment":[{"href":"http:\/\/ifmc-zse.hr\/2020\/wp-json\/wp\/v2\/media?parent=42"}],"curies":[{"name":"wp","href":"https:\/\/api.w.org\/{rel}","templated":true}]}}