{"id":40,"date":"2018-05-08T13:49:59","date_gmt":"2018-05-08T13:49:59","guid":{"rendered":"http:\/\/ifmc-zse.hr\/2020\/?page_id=40"},"modified":"2020-10-13T18:00:56","modified_gmt":"2020-10-13T18:00:56","slug":"registracija","status":"publish","type":"page","link":"http:\/\/ifmc-zse.hr\/2020\/registracija\/","title":{"rendered":"REGISTRACIJA"},"content":{"rendered":"\t\t<div data-elementor-type=\"wp-post\" data-elementor-id=\"40\" class=\"elementor elementor-40\">\n\t\t\t\t\t\t<div class=\"elementor-inner\">\n\t\t\t\t<div class=\"elementor-section-wrap\">\n\t\t\t\t\t\t\t\t\t<section class=\"elementor-section elementor-top-section elementor-element elementor-element-cf53102 elementor-section-boxed elementor-section-height-default elementor-section-height-default\" data-id=\"cf53102\" data-element_type=\"section\">\n\t\t\t\t\t\t<div class=\"elementor-container elementor-column-gap-default\">\n\t\t\t\t\t\t\t<div class=\"elementor-row\">\n\t\t\t\t\t<div class=\"elementor-column elementor-col-100 elementor-top-column elementor-element elementor-element-4c98e01\" data-id=\"4c98e01\" data-element_type=\"column\">\n\t\t\t<div class=\"elementor-column-wrap elementor-element-populated\">\n\t\t\t\t\t\t\t<div class=\"elementor-widget-wrap\">\n\t\t\t\t\t\t<div class=\"elementor-element elementor-element-9266fe2 elementor-widget elementor-widget-text-editor\" data-id=\"9266fe2\" data-element_type=\"widget\" data-widget_type=\"text-editor.default\">\n\t\t\t\t<div class=\"elementor-widget-container\">\n\t\t\t\t\t\t\t\t<div class=\"elementor-text-editor elementor-clearfix\">\n\t\t\t\t<p>Konferencija &#8220;Izazov promjene&#8221; planirana je u skladu s mjerama za\u0161tite tijekom epidemije <a href=\"http:\/\/ifmc-zse.hr\/2020\/covid-19\/\">koronavirusa<\/a> te sukladno preporukama Hrvatskog zavoda za javno zdravstvo u svezi javnih doga\u0111anja i okupljanja.<\/p><p>Konferencija \u0107e se organizirati uz pridr\u017eavanje op\u0107ih protuepidemijskih mjera, preporuka i uputa Hrvatskog zavoda za javno zdravstvo, kao \u0161to su po\u0161tovanje preporu\u010denog razmaka sjede\u0107ih mjesta u dvorani, redovito dezinficiranje povr\u0161ina i dostupnost dezinfekcijskih sredstva, ograni\u010deni broj sudionika te <a href=\"http:\/\/ifmc-zse.hr\/2020\/covid-19\/\">druge mjere<\/a> koje \u0107emo poduzimati kako bi va\u0161 boravak na konferenciji bio \u010dim ugodniji.<\/p>\t\t\t\t\t<\/div>\n\t\t\t\t\t\t<\/div>\n\t\t\t\t<\/div>\n\t\t\t\t\t\t<\/div>\n\t\t\t\t\t<\/div>\n\t\t<\/div>\n\t\t\t\t\t\t\t\t<\/div>\n\t\t\t\t\t<\/div>\n\t\t<\/section>\n\t\t\t\t<section class=\"elementor-section elementor-top-section elementor-element elementor-element-3131acb elementor-section-boxed elementor-section-height-default elementor-section-height-default\" data-id=\"3131acb\" data-element_type=\"section\">\n\t\t\t\t\t\t<div class=\"elementor-container elementor-column-gap-default\">\n\t\t\t\t\t\t\t<div class=\"elementor-row\">\n\t\t\t\t\t<div class=\"elementor-column elementor-col-100 elementor-top-column elementor-element elementor-element-1804599\" data-id=\"1804599\" data-element_type=\"column\">\n\t\t\t<div class=\"elementor-column-wrap elementor-element-populated\">\n\t\t\t\t\t\t\t<div class=\"elementor-widget-wrap\">\n\t\t\t\t\t\t<div class=\"elementor-element elementor-element-0b164d8 elementor-widget elementor-widget-text-editor\" data-id=\"0b164d8\" data-element_type=\"widget\" data-widget_type=\"text-editor.default\">\n\t\t\t\t<div class=\"elementor-widget-container\">\n\t\t\t\t\t\t\t\t<div class=\"elementor-text-editor elementor-clearfix\">\n\t\t\t\t<p>Prijave na konferenciju su slu\u017ebeno zatvorene jer su zbog ograni\u010denog broja sudionika popunjena sva mjesta.<\/p>\t\t\t\t\t<\/div>\n\t\t\t\t\t\t<\/div>\n\t\t\t\t<\/div>\n\t\t\t\t\t\t<\/div>\n\t\t\t\t\t<\/div>\n\t\t<\/div>\n\t\t\t\t\t\t\t\t<\/div>\n\t\t\t\t\t<\/div>\n\t\t<\/section>\n\t\t\t\t<section class=\"elementor-section elementor-top-section elementor-element elementor-element-6f56f57 elementor-section-boxed elementor-section-height-default elementor-section-height-default\" data-id=\"6f56f57\" data-element_type=\"section\">\n\t\t\t\t\t\t<div class=\"elementor-container elementor-column-gap-default\">\n\t\t\t\t\t\t\t<div class=\"elementor-row\">\n\t\t\t\t\t<div class=\"elementor-column elementor-col-100 elementor-top-column elementor-element elementor-element-dd80df2\" data-id=\"dd80df2\" data-element_type=\"column\">\n\t\t\t<div class=\"elementor-column-wrap elementor-element-populated\">\n\t\t\t\t\t\t\t<div class=\"elementor-widget-wrap\">\n\t\t\t\t\t\t<div class=\"elementor-element elementor-element-079ffb6 elementor-align-center elementor-widget elementor-widget-button\" data-id=\"079ffb6\" data-element_type=\"widget\" data-widget_type=\"button.default\">\n\t\t\t\t<div class=\"elementor-widget-container\">\n\t\t\t\t\t<div class=\"elementor-button-wrapper\">\n\t\t\t<a class=\"elementor-button elementor-size-lg\" role=\"button\">\n\t\t\t\t\t\t<span class=\"elementor-button-content-wrapper\">\n\t\t\t\t\t\t<span class=\"elementor-button-text\">REGISTRACIJA JE ZATVORENA<\/span>\n\t\t<\/span>\n\t\t\t\t\t<\/a>\n\t\t<\/div>\n\t\t\t\t<\/div>\n\t\t\t\t<\/div>\n\t\t\t\t\t\t<\/div>\n\t\t\t\t\t<\/div>\n\t\t<\/div>\n\t\t\t\t\t\t\t\t<\/div>\n\t\t\t\t\t<\/div>\n\t\t<\/section>\n\t\t\t\t<section class=\"elementor-section elementor-top-section elementor-element elementor-element-90d0be8 elementor-section-boxed elementor-section-height-default elementor-section-height-default\" data-id=\"90d0be8\" data-element_type=\"section\">\n\t\t\t\t\t\t<div class=\"elementor-container elementor-column-gap-default\">\n\t\t\t\t\t\t\t<div class=\"elementor-row\">\n\t\t\t\t\t<div class=\"elementor-column elementor-col-100 elementor-top-column elementor-element elementor-element-92444b8\" data-id=\"92444b8\" data-element_type=\"column\">\n\t\t\t<div class=\"elementor-column-wrap elementor-element-populated\">\n\t\t\t\t\t\t\t<div class=\"elementor-widget-wrap\">\n\t\t\t\t\t\t<div class=\"elementor-element elementor-element-c66a4f8 elementor-widget elementor-widget-text-editor\" data-id=\"c66a4f8\" data-element_type=\"widget\" data-widget_type=\"text-editor.default\">\n\t\t\t\t<div class=\"elementor-widget-container\">\n\t\t\t\t\t\t\t\t<div class=\"elementor-text-editor elementor-clearfix\">\n\t\t\t\t<p><span style=\"color: #000080; font-family: Helvetica; font-size: 12pt;\"><strong>KOTIZACIJA ZA SUDIONIKE:<\/strong><\/span><\/p><p><span style=\"font-family: Helvetica; font-size: 12pt; color: #54595f;\">Za uplate\u00a0<strong>do 18. rujna 2020<\/strong>.:\u00a0<strong>2.900,00 HRK<\/strong><\/span><br \/><span style=\"font-family: Helvetica; font-size: 12pt; color: #54595f;\">Za uplate\u00a0<strong>od 19. rujna 2020.<\/strong>\u00a0do\u00a0<strong>21. listopada 2020<\/strong>.:\u00a0<strong>3.400,00 HRK\u00a0<\/strong><\/span><\/p><ul><li><span style=\"font-family: Helvetica; font-size: 12pt;\"><span style=\"color: #54595f;\"><span style=\"background-color: initial;\">Kotizacija uklju\u010duje PDV.<\/span><\/span><\/span><\/li><li><span style=\"font-family: Helvetica; font-size: 12pt;\"><span style=\"color: #54595f;\"><span style=\"background-color: initial;\">Kotizacija uklju\u010duje konferencijski materijal, sve obroke te sva doga\u0111anja prema programu Konferencije.<\/span><\/span><\/span><\/li><li><span style=\"font-family: Helvetica; font-size: 12pt;\"><span style=\"color: #54595f;\">Kotizacija\u00a0<span style=\"font-weight: bolder;\">ne<\/span>\u00a0<span style=\"font-weight: bolder;\">uklju\u010duje<\/span>\u00a0tro\u0161kove smje\u0161taja u hotelu niti putne tro\u0161kove.<\/span><\/span><\/li><\/ul>\t\t\t\t\t<\/div>\n\t\t\t\t\t\t<\/div>\n\t\t\t\t<\/div>\n\t\t\t\t\t\t<\/div>\n\t\t\t\t\t<\/div>\n\t\t<\/div>\n\t\t\t\t\t\t\t\t<\/div>\n\t\t\t\t\t<\/div>\n\t\t<\/section>\n\t\t\t\t<section class=\"elementor-section elementor-top-section elementor-element elementor-element-3e1373a elementor-section-boxed elementor-section-height-default elementor-section-height-default\" data-id=\"3e1373a\" data-element_type=\"section\">\n\t\t\t\t\t\t<div class=\"elementor-container elementor-column-gap-default\">\n\t\t\t\t\t\t\t<div class=\"elementor-row\">\n\t\t\t\t\t<div class=\"elementor-column elementor-col-100 elementor-top-column elementor-element elementor-element-1e1f2bb\" data-id=\"1e1f2bb\" data-element_type=\"column\">\n\t\t\t<div class=\"elementor-column-wrap elementor-element-populated\">\n\t\t\t\t\t\t\t<div class=\"elementor-widget-wrap\">\n\t\t\t\t\t\t<div class=\"elementor-element elementor-element-04b3623 elementor-widget elementor-widget-text-editor\" data-id=\"04b3623\" data-element_type=\"widget\" data-widget_type=\"text-editor.default\">\n\t\t\t\t<div class=\"elementor-widget-container\">\n\t\t\t\t\t\t\t\t<div class=\"elementor-text-editor elementor-clearfix\">\n\t\t\t\t<p style=\"text-align: justify;\"><span style=\"font-family: Helvetica; font-size: 12pt; color: #000080;\"><strong>KOTIZACIJA ZA\u00a0OSOBE U PRATNJI*<\/strong><\/span><\/p><p style=\"text-align: justify;\"><span style=\"font-family: Helvetica; font-size: 12pt; color: #54595f;\">Osoba u pratnji mo\u017ee biti supru\u017enik, prijatelj ili dijete sudionika. Osoba u pratnji mora biti starija od 18 godina. Osoba u pratnji <strong>ne smije biti zaposlenik iste tvrtke kao i sudionik<\/strong>, ili zaposlenik dru\u0161tva\/organizacije\/institucije \u010dija je djelatnost i poslovne aktivnosti djelomice ili u potpunosti povezane s programskim sadr\u017eajem Konferencije, kao niti student programa fakulteta i\/ili visokog u\u010dili\u0161ta koji je povezan s programskim sadr\u017eajem Konferencije. Kotizacija za osobu u pratnji ne\u00a0uklju\u010duje pristup na predavanja niti konferencijske materijale.<\/span><\/p><ul style=\"text-align: justify;\"><li><span style=\"font-family: Helvetica; font-size: 12pt; color: #54595f;\">Kotizacija uklju\u010duje sve obroke te sva dru\u0161tvena doga\u0111anja prema programu Konferencije<\/span><\/li><li><span style=\"font-family: Helvetica; font-size: 12pt; color: #54595f;\">Kotizacija uklju\u010duje PDV<\/span><\/li><li><span style=\"font-family: Helvetica; font-size: 12pt; color: #54595f;\">Kotizacija ne uklju\u010duje tro\u0161kove smje\u0161taja u hotelu niti putne tro\u0161kove<\/span><\/li><li><span style=\"font-family: Helvetica; font-size: 12pt; color: #54595f;\">Kotizacija <strong>NE uklju\u010duje<\/strong>\u00a0konferencijski materijal i sudjelovanje\u00a0na predavanjima<\/span><\/li><\/ul><p style=\"text-align: justify;\"><span style=\"font-family: Helvetica; font-size: 12pt; color: #000080;\"><strong>VA\u017dNO<\/strong><\/span><\/p><ol style=\"text-align: justify;\"><li><span style=\"font-family: Helvetica; font-size: 12pt; color: #54595f;\">Nakon prijave u sustav na izbor \u0107ete imati pojedina\u010dnu ili grupnu registraciju.<\/span><\/li><li><span style=\"font-family: Helvetica; font-size: 12pt; color: #54595f;\">Ukoliko ste registraciju ve\u0107 izvr\u0161ili, a potreban Vam je pristup dokumentima ili izmjene same prijave molimo Vas da pristupite svom korisni\u010dkom ra\u010dunu prema uputama dobivenim prilikom registracije u Penta sustav.<\/span><\/li><li><span style=\"color: #54595f; font-family: Helvetica;\"><span style=\"font-size: 16px;\">Usluga je potvr\u0111ena nakon izvr\u0161ene uplate i poslane potvrde o sudjelovanju od strane organizatora<\/span><\/span><\/li><\/ol><p style=\"text-align: left;\"><span style=\"font-family: Helvetica; font-size: 12pt; color: #000080;\"><strong><u><a style=\"color: #000080;\" href=\"http:\/\/ifmc-zse.hr\/2020\/opci-uvjeti\/\">OP\u0106I UVJETI <\/a><\/u><\/strong><u><a style=\"color: #000080;\" href=\"http:\/\/ifmc-zse.hr\/2020\/opci-uvjeti\/\">konferencije dostupni su u linku<\/a>.<\/u><\/span><\/p>\t\t\t\t\t<\/div>\n\t\t\t\t\t\t<\/div>\n\t\t\t\t<\/div>\n\t\t\t\t\t\t<\/div>\n\t\t\t\t\t<\/div>\n\t\t<\/div>\n\t\t\t\t\t\t\t\t<\/div>\n\t\t\t\t\t<\/div>\n\t\t<\/section>\n\t\t\t\t\t\t\t\t\t<\/div>\n\t\t\t<\/div>\n\t\t\t\t\t<\/div>\n\t\t","protected":false},"excerpt":{"rendered":"<p>Konferencija &#8220;Izazov promjene&#8221; planirana je u skladu s mjerama za\u0161tite tijekom epidemije koronavirusa te sukladno preporukama Hrvatskog zavoda ...<\/p>","protected":false},"author":2,"featured_media":0,"parent":0,"menu_order":0,"comment_status":"closed","ping_status":"closed","template":"","meta":[],"_links":{"self":[{"href":"http:\/\/ifmc-zse.hr\/2020\/wp-json\/wp\/v2\/pages\/40"}],"collection":[{"href":"http:\/\/ifmc-zse.hr\/2020\/wp-json\/wp\/v2\/pages"}],"about":[{"href":"http:\/\/ifmc-zse.hr\/2020\/wp-json\/wp\/v2\/types\/page"}],"author":[{"embeddable":true,"href":"http:\/\/ifmc-zse.hr\/2020\/wp-json\/wp\/v2\/users\/2"}],"replies":[{"embeddable":true,"href":"http:\/\/ifmc-zse.hr\/2020\/wp-json\/wp\/v2\/comments?post=40"}],"version-history":[{"count":5,"href":"http:\/\/ifmc-zse.hr\/2020\/wp-json\/wp\/v2\/pages\/40\/revisions"}],"predecessor-version":[{"id":2792,"href":"http:\/\/ifmc-zse.hr\/2020\/wp-json\/wp\/v2\/pages\/40\/revisions\/2792"}],"wp:attachment":[{"href":"http:\/\/ifmc-zse.hr\/2020\/wp-json\/wp\/v2\/media?parent=40"}],"curies":[{"name":"wp","href":"https:\/\/api.w.org\/{rel}","templated":true}]}}