{"id":276,"date":"2018-09-20T13:16:59","date_gmt":"2018-09-20T13:16:59","guid":{"rendered":"http:\/\/ifmc-zse.hr\/2020\/?page_id=276"},"modified":"2020-11-03T15:02:44","modified_gmt":"2020-11-03T15:02:44","slug":"speakers","status":"publish","type":"page","link":"http:\/\/ifmc-zse.hr\/2020\/en\/predavaci\/speakers\/","title":{"rendered":"SPEAKERS"},"content":{"rendered":"\n<table id=\"tablepress-1\" class=\"tablepress tablepress-id-1\">\n<tbody class=\"row-hover\">\n<tr class=\"row-1\">\n\t<td class=\"column-1\"><img src=\"http:\/\/ifmc-zse.hr\/2020\/wp-content\/uploads\/2019\/10\/Uto_Baader_24540.jpg\" alt=\"\" width=\"200\" height=\"2792\" class=\"alignnone size-full wp-image-1113\" \/><\/td><td class=\"column-2\"><span style = \"font-size: 1.1em;\"><b>Uto Baader<br \/>\nBaader Bank AG, Founder &amp; Consultant<br \/>\n<\/b><\/span><br \/>\n<div style = \"text-align: justify\"><br \/>\nUto Baader (born 1944) was the founder and Chairman of Baader Bank AG\u2019s Executive Board until July 2015 and head of the organization for a total of 32 years. In 1983 Uto Baader became an authorised stockbroker on the Bavarian Stock Exchange in Munich, where he began trading in international equities. Before starting his career as a stockbroker, he was head of the International Equities Trading section at Bayerische Landesbank in Munich, where he worked for 13 years. Four years later, following his initial success in Munich, he was also authorised to trade on the Baden-W\u00fcrttemberg Stock Exchange in Stuttgart. Uto Baader broadened the scope of his business activities in 1993, working on the flotation of a software firm. This later led to the creation of a separate division specialising in support for corporate actions such as IPOs, capital increases and takeover bids. His work as a broker gained a broader institutional footing in 1996 when Uto Baader founded Baader Wertpapier GmbH. At the same time, he acquired a majority stake in the listed company Ballmaier &amp; Schultz Wertpapier AG in Frankfurt, joining its Executive Board. Two years later he merged the two firms, creating Baader Wertpapierhandelsbank AG and taking over the reins of the new company. After receiving a full banking licence from the German Federal Financial Supervisory Authority in July 2008, the company became Baader Bank AG, and Uto Baader became Chairman of its Executive Board.<br \/>\n<\/div><\/td>\n<\/tr>\n<tr class=\"row-2\">\n\t<td class=\"column-1\"><img src=\"http:\/\/ifmc-zse.hr\/2020\/wp-content\/uploads\/2019\/10\/AnteKusurin06a.jpg\" alt=\"\" width=\"200\" height=\"135\" class=\"alignnone size-full wp-image-800\" \/><\/td><td class=\"column-2\"><span style = \"font-size: 1.1em;\"><b>Ante Ku\u0161urin<br \/>\nVice President, One Equity Partners<\/b><\/span><br \/>\n<div style = \"text-align: justify\"><br \/>\nAnte Kusurin joined OEP in 2011 and is a Vice President based in New York. During his tenure at OEP, Mr. Kusurin worked on investments in the industrials and technology industries. Mr. Kusurin is a member of the Board of Directors of Rizing and Orion, a Board observer at Allegro, Zodiac and W.W. Williams, and has previously been a member of the Board of Directors of Inertech and Voltyre.<br \/>\n <br \/>\nPrior to joining OEP, Mr. Kusurin worked in the Investment Banking division of NM Rothschild &amp; Sons in London where he focused on the consumer goods and retail industries. Mr. Kusurin received his B.B.A. in finance from the Foster School of Business at the University of Washington, an M.Sc. in geography from School of Geography and the Environment at the University of Oxford and an M.B.A. from the Sa\u00efd Business School at the University of Oxford.<br \/>\n<\/div><\/td>\n<\/tr>\n<tr class=\"row-3\">\n\t<td class=\"column-1\"><img src=\"http:\/\/ifmc-zse.hr\/2020\/wp-content\/uploads\/2019\/09\/Slika-8.jpg\" alt=\"\" width=\"200\" height=\"250\" class=\"alignnone size-full wp-image-819\" \/><\/td><td class=\"column-2\"><span style = \"font-size: 1.1em;\"><b>Matko Maravi\u0107 <br \/>\nCEO, InterCapital Securities<\/b><\/span><br \/>\n<div style = \"text-align: justify\"><br \/>\nMatko holds a bachelor\u2019s degree from Stephen M. Ross School of Business, University of Michigan and the LLM Finance degree from Goethe University (Institute for Law and Finance). Matko has more than 10 years of capital markets and corporate finance experience. Since joining InterCapital Securities in 2010, Matko co-lead their investment banking department and was primarily responsible for ECM &amp; M&amp;A transactions in the SEE region. Since 2016 he serves as the President of the Management Board at InterCapital Securities with primary responsibilities in areas of investment banking, trading &amp; research. Matko is also a member of the Supervisory Board at the Zagreb Stock Exchange.<br \/>\n<\/div><\/td>\n<\/tr>\n<tr class=\"row-4\">\n\t<td class=\"column-1\"><img src=\"http:\/\/ifmc-zse.hr\/2020\/wp-content\/uploads\/2019\/10\/Dubravko-\u0160timac.jpg\" alt=\"\" width=\"200\" height=\"300\" class=\"alignnone size-full wp-image-812\" \/><\/td><td class=\"column-2\"><span style = \"font-size: 1.1em;\"><b>Dubravko \u0160timac<br \/>\nPBZ Croatia Osiguranje<br \/>\n<\/b><\/span><br \/>\n<div style = \"text-align: justify\"><br \/>\nDiplomirao, magistrirao i doktorirao na Ekonomskom fakultetu u Zagrebu.<br \/>\nOd 1994. radi u sustavu Privredne banke Zagreb d.d. Od 2001. godine voditelj je projekta mirovinske reforme u Privrednoj banci Zagreb te postaje predsjednikom Uprave PBZ CROATIA OSIGURANJA d.d. za upravljanje obveznim mirovinskim fondom. Autor je vi\u0161e \u010dlanaka i stru\u010dnih radova.<br \/>\n<\/div><\/td>\n<\/tr>\n<tr class=\"row-5\">\n\t<td class=\"column-1\"><img src=\"http:\/\/ifmc-zse.hr\/2020\/wp-content\/uploads\/2019\/09\/photo-Boris-Vuj\u010di\u0107-Boris-new.jpg\" alt=\"\" width=\"200\" height=\"243\" class=\"alignnone size-full wp-image-829\" \/><\/td><td class=\"column-2\"><span style = \"font-size: 1.1em;\"><b>Boris Vuj\u010di\u0107<br \/>\nGovernor of the Croatian National Bank<\/b><\/span><br \/>\n<div style = \"text-align: justify\"><br \/>\nBoris Vuj\u010di\u0107 holds a PhD in Economics from the University of Zagreb. He has also received diplomas in Economics from the Montpellier University (France) and was a pre-doctoral PhD Fulbright student at the Michigan State University. <br \/>\nHe joined the Croatian National Bank in 1997 and was Director of the Research Department for three years before becoming Deputy Governor in 2000, a position to which he was re-appointed in 2006.  <br \/>\nIn July 2012, Mr. Vujcic became Governor of the Croatian National Bank for a six-year term of office and was re-appointed for another six-year term of office in July 2018. <br \/>\nMr Vuj\u010di\u0107 has been a Deputy Chief Negotiator in Republic of Croatia\u2019s negotiations with the European Union 2005-2012. He was also a member of the Global Development Network (GDN) Board in the same period, 2005-2012. <br \/>\nHe is also a Member of the Steering Committee of the ESRB, since 2016, and a Chairman of the Steering Committee of the Vienna Initiative, since 2016.<br \/>\nMr. Vuj\u010di\u0107\u2019s fields of expertise are macro and monetary economics, international finance and labor economics.<br \/>\n<\/div><\/td>\n<\/tr>\n<tr class=\"row-6\">\n\t<td class=\"column-1\"><img src=\"http:\/\/ifmc-zse.hr\/2020\/wp-content\/uploads\/2019\/09\/Ante-Zigman-Hanfa1.jpg\" alt=\"\" width=\"200\" height=\"299\" class=\"alignnone size-full wp-image-831\" \/><\/td><td class=\"column-2\"><span style = \"font-size: 1.1em;\"><b>Ante \u017digman<br \/>\nPresident of the Board of the Croatian Financial Services Supervisory Authority (HANFA)<\/b><\/span><br \/>\n<div style = \"text-align: justify\"><br \/>\nMr. Ante \u017digman, PhD, is the President of the Board of the Croatian Financial Services Supervisory Agency (HANFA) whose scope of competence includes a wide range of financial non-banking services, from regulation and supervision of the capital market, through insurance to investment and pension funds.<br \/>\nHe is a member of the Mediation Panel of the European Insurance and Occupational Pensions Authority (EIOPA) and a member of the Executive Committee of the International Association of Insurance Supervisors (IAIS) as a representative of the CEET region (Central and Eastern Europe and Transcaucasia). He actively participates in the work of these international bodies.<br \/>\nPrior to his appointment as the Head of HANFA, he held a number of important functions, some of them being: Assistant Minister of Finance for Macroeconomic Analysis and Planning, followed by Secretary of State at the Ministry of Finance. He has also served as the vice president of the Committee for Fiscal Policy of the Croatian Parliament, and member of the Economic and Financial Committee's Sub-Committee on EU Sovereign Debt Markets (ESDM).In the banking sector, he was a Board Member of the Partner Bank, as well the Head of Macroeconomic and Financial Research Division and the Chief Economist at the Raiffeisen Bank in Croatia. He has spent a significant part of his career at the Croatian National Bank where he worked in the Office of the Governor until being appointed to the current position.<br \/>\nHe has written numerous scientific and expert papers in the field of fiscal policy and finance and is an active lecturer in the area of economics and finance.<br \/>\n<\/div><\/td>\n<\/tr>\n<\/tbody>\n<\/table>\n\n","protected":false},"excerpt":{"rendered":"<p><\/p>","protected":false},"author":2,"featured_media":0,"parent":29,"menu_order":0,"comment_status":"closed","ping_status":"closed","template":"","meta":[],"_links":{"self":[{"href":"http:\/\/ifmc-zse.hr\/2020\/wp-json\/wp\/v2\/pages\/276"}],"collection":[{"href":"http:\/\/ifmc-zse.hr\/2020\/wp-json\/wp\/v2\/pages"}],"about":[{"href":"http:\/\/ifmc-zse.hr\/2020\/wp-json\/wp\/v2\/types\/page"}],"author":[{"embeddable":true,"href":"http:\/\/ifmc-zse.hr\/2020\/wp-json\/wp\/v2\/users\/2"}],"replies":[{"embeddable":true,"href":"http:\/\/ifmc-zse.hr\/2020\/wp-json\/wp\/v2\/comments?post=276"}],"version-history":[{"count":5,"href":"http:\/\/ifmc-zse.hr\/2020\/wp-json\/wp\/v2\/pages\/276\/revisions"}],"predecessor-version":[{"id":882,"href":"http:\/\/ifmc-zse.hr\/2020\/wp-json\/wp\/v2\/pages\/276\/revisions\/882"}],"up":[{"embeddable":true,"href":"http:\/\/ifmc-zse.hr\/2020\/wp-json\/wp\/v2\/pages\/29"}],"wp:attachment":[{"href":"http:\/\/ifmc-zse.hr\/2020\/wp-json\/wp\/v2\/media?parent=276"}],"curies":[{"name":"wp","href":"https:\/\/api.w.org\/{rel}","templated":true}]}}