{"id":27,"date":"2018-05-08T13:46:59","date_gmt":"2018-05-08T13:46:59","guid":{"rendered":"http:\/\/ifmc-zse.hr\/2020\/?page_id=27"},"modified":"2020-10-19T17:31:44","modified_gmt":"2020-10-19T17:31:44","slug":"program","status":"publish","type":"page","link":"http:\/\/ifmc-zse.hr\/2020\/program\/","title":{"rendered":"PROGRAM"},"content":{"rendered":"\t\t<div data-elementor-type=\"wp-post\" data-elementor-id=\"27\" class=\"elementor elementor-27\">\n\t\t\t\t\t\t<div class=\"elementor-inner\">\n\t\t\t\t<div class=\"elementor-section-wrap\">\n\t\t\t\t\t\t\t\t\t<section class=\"elementor-section elementor-top-section elementor-element elementor-element-ff5f618 elementor-section-boxed elementor-section-height-default elementor-section-height-default\" data-id=\"ff5f618\" data-element_type=\"section\">\n\t\t\t\t\t\t<div class=\"elementor-container elementor-column-gap-default\">\n\t\t\t\t\t\t\t<div class=\"elementor-row\">\n\t\t\t\t\t<div class=\"elementor-column elementor-col-100 elementor-top-column elementor-element elementor-element-8e535e5\" data-id=\"8e535e5\" data-element_type=\"column\">\n\t\t\t<div class=\"elementor-column-wrap elementor-element-populated\">\n\t\t\t\t\t\t\t<div class=\"elementor-widget-wrap\">\n\t\t\t\t\t\t<div class=\"elementor-element elementor-element-7a03f81 elementor-widget elementor-widget-heading\" data-id=\"7a03f81\" data-element_type=\"widget\" data-widget_type=\"heading.default\">\n\t\t\t\t<div class=\"elementor-widget-container\">\n\t\t\t<h4 class=\"elementor-heading-title elementor-size-default\">Finalni program, a\u017euriran 19.10.2020.<\/h4>\t\t<\/div>\n\t\t\t\t<\/div>\n\t\t\t\t\t\t<\/div>\n\t\t\t\t\t<\/div>\n\t\t<\/div>\n\t\t\t\t\t\t\t\t<\/div>\n\t\t\t\t\t<\/div>\n\t\t<\/section>\n\t\t\t\t<section class=\"elementor-section elementor-top-section elementor-element elementor-element-eeaa25b elementor-section-boxed elementor-section-height-default elementor-section-height-default\" data-id=\"eeaa25b\" data-element_type=\"section\">\n\t\t\t\t\t\t<div class=\"elementor-container elementor-column-gap-default\">\n\t\t\t\t\t\t\t<div class=\"elementor-row\">\n\t\t\t\t\t<div class=\"elementor-column elementor-col-100 elementor-top-column elementor-element elementor-element-f313f43\" data-id=\"f313f43\" data-element_type=\"column\">\n\t\t\t<div class=\"elementor-column-wrap elementor-element-populated\">\n\t\t\t\t\t\t\t<div class=\"elementor-widget-wrap\">\n\t\t\t\t\t\t<div class=\"elementor-element elementor-element-909c8d1 elementor-widget elementor-widget-text-editor\" data-id=\"909c8d1\" data-element_type=\"widget\" data-widget_type=\"text-editor.default\">\n\t\t\t\t<div class=\"elementor-widget-container\">\n\t\t\t\t\t\t\t\t<div class=\"elementor-text-editor elementor-clearfix\">\n\t\t\t\t<p><strong>\u00a0<\/strong><\/p><p><strong>Wednesday, October 21<\/strong><\/p><table width=\"716\"><tbody><tr><td width=\"158\"><p>19:00 \u2013 22:00<\/p><\/td><td width=\"558\"><p>Registration (Hotel Lone Congress Center)<\/p><p>Registracija (Kongresni centar Hotela Lone)<\/p><\/td><\/tr><tr><td width=\"158\"><p>19:00 \u2013 21:00<\/p><\/td><td width=\"558\"><p>Dinner (Hotel Lone)\/ Ve\u010dera (Hotel Lone)<\/p><\/td><\/tr><tr><td width=\"158\"><p>21:00 \u2013 22:00<\/p><\/td><td width=\"558\"><p>Welcome cocktail (Hotel Lone)<\/p><p>Koktel dobrodo\u0161lice (Hotel Lone)<\/p><\/td><\/tr><\/tbody><\/table><p>\u00a0<\/p><p><strong>Thursday, October 22<\/strong><\/p><table width=\"720\"><tbody><tr><td width=\"158\"><p>09:00 \u2013 09:30<\/p><\/td><td width=\"562\"><p>Registration (Hotel Lone Congress Center)<\/p><p>Registracija (Kongresni centar Hotela Lone)<\/p><\/td><\/tr><tr><td width=\"158\"><p>09:30 \u2013 10:00<\/p><\/td><td width=\"562\"><p><strong>WELCOME ADDRESS \/ OTVARANJE KONFERENCIJE<\/strong><\/p><\/td><\/tr><tr><td width=\"158\"><p>\u00a0<\/p><\/td><td width=\"562\"><p><strong>AWARDS FOR THE BEST INVESTOR RELATIONS \/ NAGRADE ZA NAJBOLJE ODNOSE S ULAGATELJIMA <\/strong><\/p><\/td><\/tr><tr><td width=\"158\"><p>10:00 \u2012 10:30<\/p><\/td><td width=\"562\"><p><strong>OPENING ADDRESSES \/ UVODNO OBRA\u0106ANJE<\/strong><\/p><p>Josip Aladrovi\u0107, Minister of Labour and Pension System<\/p><\/td><\/tr><tr><td width=\"158\"><p>10:30 \u2012 11:00<\/p><\/td><td width=\"562\"><p><strong>WHAT AFTER THE CORONA CRISIS? \/ \u0160TO NAKON KORONAKRIZE?<\/strong><\/p><p>Ante \u017digman, PhD, President of the Board of the Croatian Financial Services Supervisory Authority<\/p><\/td><\/tr><tr><td width=\"158\"><p>11:00 \u2012 11:30<\/p><\/td><td width=\"562\"><p>Coffee Break \/ Stanka za kavu\u00a0\u00a0\u00a0\u00a0\u00a0\u00a0\u00a0\u00a0\u00a0\u00a0\u00a0\u00a0\u00a0\u00a0\u00a0\u00a0\u00a0\u00a0\u00a0\u00a0\u00a0\u00a0\u00a0\u00a0\u00a0\u00a0\u00a0\u00a0\u00a0\u00a0\u00a0\u00a0\u00a0\u00a0\u00a0\u00a0\u00a0\u00a0\u00a0\u00a0\u00a0\u00a0\u00a0\u00a0\u00a0\u00a0\u00a0\u00a0<\/p><\/td><\/tr><tr><td width=\"158\"><p>11:30 \u2012 12:00<\/p><\/td><td width=\"562\"><p><strong>GO ON, CHOOSE A NUMBER, YOU WILL SURELY FAIL! MACROECONOMIC PROJECTIONS IN TIMES OF PANDEMIC \/ IZABERI JEDAN BROJ, SIGURNO \u0106E\u0160 POGRIJE\u0160ITI! MAKROEKONOMSKE PROJEKCIJE U DOBA PANDEMIJE<\/strong><\/p><p>Boris Vuj\u010di\u0107, PhD, Governor of the Croatian National Bank<\/p><\/td><\/tr><tr><td width=\"158\"><p>12:00 \u2013 12:30<\/p><\/td><td width=\"562\"><p><strong>GLOBAL TRENDS IN A PANEDMIC SETTING \/ GLOBALNI TRENDOVI U PANDEMIJSKOM OKRU\u017dENJU<\/strong><\/p><p>Gerhard Schwarz, Head of Equity &amp; Cross Asset Strategy at Baader Bank<\/p><\/td><\/tr><tr><td width=\"158\"><p>12:30 \u2012 14:00<\/p><\/td><td width=\"562\"><p>Lunch ( Hotel Lone) \/ Ru\u010dak ( Hotel Lone)<\/p><\/td><\/tr><tr><td width=\"158\"><p>14:00 \u2013 15:00<\/p><\/td><td width=\"562\"><p><strong>PRIVATE EQUITY ECOSYSTEM: DEVELOPED VS. REGIONAL TRENDS \/ PRIVATE EQUITY EKOSISTEM: RAZVIJENI VS. REGIONALNI TRENDOVI<\/strong><\/p><\/td><\/tr><tr><td width=\"158\"><p>\u00a0<\/p><\/td><td width=\"562\"><p><strong>Moderator: <\/strong>Gordana Nerali\u0107, CFA, Head of Portfolio Management, Erste LTD mandatory and voluntary pension funds management company<\/p><p><strong>Introduction\/Uvod:<\/strong> Kanika Kumar, Director, Warburg Pincus International LLC<\/p><p><strong>Panelists\/Panelisti:<\/strong><\/p><p>Igor \u010ci\u010dak, Managing Partner, Provectus Capital Partners<\/p><p>Tomislav Ti\u010di\u0107, Management Board, Prosperus-Invest d.o.o.<\/p><p>Miran Kova\u010d, Partner, ALFI PE d.o.o.<\/p><\/td><\/tr><tr><td width=\"158\"><p>15:00 \u2012 16:00<\/p><\/td><td width=\"562\"><p><strong>IMPULSE FOR REVIVAL OF THE CAPITAL MARKET<\/strong> \/ <strong>POTICAJ ZA O\u017dIVLJAVANJE TR\u017dI\u0160TA KAPITALA<\/strong><\/p><\/td><\/tr><tr><td width=\"158\"><p>\u00a0<\/p><\/td><td width=\"562\"><p><strong>Moderator:<\/strong> Josip Jagi\u0107, Signal Media<\/p><p><strong>Panelists\/Panelisti:<\/strong><\/p><p>Marko Gali\u0107, Partner, Provectus Capital Partners<\/p><p>Tomislav Globan, PhD, Assistant Professor, Faculty of Economics and Business, Zagreb<\/p><p>Matko Maravi\u0107, President of the Management Board, InterCapital Securities<\/p><p>Dubravko \u0160timac, President of the Management Board, PBZ Croatia Osiguranje Compulsory Pension Fund<\/p><\/td><\/tr><tr><td width=\"158\"><p>19:00 \u2012 21:00<\/p><\/td><td width=\"562\"><p>Dinner\u00a0(Hotel Lone) \/ Ve\u010dera (Hotel Lone)<\/p><\/td><\/tr><tr><td width=\"158\"><p>21:00 \u2012 22:00<\/p><\/td><td width=\"562\"><p>Networking Event \/ Dru\u0161tveno doga\u0111anje<\/p><p>\u00a0<\/p><\/td><\/tr><\/tbody><\/table><p><strong>\u00a0<\/strong><\/p><p><strong>Friday, <\/strong><strong>October 23<\/strong><\/p><table width=\"720\"><tbody><tr><td width=\"158\"><p>10:00 \u2012 10:30<\/p><\/td><td width=\"562\"><p><strong>OPENING ADDRESSES \/ UVODNO OBRA\u0106ANJE<\/strong><\/p><p>Zdravko Mari\u0107, PhD, Minister of Finance of the Republic of Croatia<\/p><\/td><\/tr><tr><td width=\"158\"><p>10:30 \u2012 11:30<\/p><\/td><td width=\"562\"><p><strong>ONE EQUITY PARTNERS &amp; INFOBIP<\/strong><\/p><p><strong>Moderator: <\/strong>Ton\u0107i Koruni\u0107, Partner, InterCapital<\/p><p><strong>Panelists\/Panelisti: <\/strong><\/p><p>Ante Ku\u0161urin, Vice President, One Equity Partners<\/p><p>Mario An\u010di\u0107, Associate, One Equity Partners<\/p><p>Mario Baburi\u0107, Chief Financial Officer, Infobip<\/p><\/td><\/tr><tr><td width=\"158\"><p>11:30 \u2012 12:00<\/p><\/td><td width=\"562\"><p><strong>PANDEMICS \/ PANDEMIJE<\/strong><\/p><p><strong>Krunoslav Capak<\/strong>, MD, PhD, Croatian Institute of Public Health<\/p><\/td><\/tr><tr><td width=\"158\"><p>12:00 \u2012 12:30<\/p><\/td><td width=\"562\"><p><strong>DEEP DECARBONIZATION : GREEN HYDROGEN, NET ZERO AND THE FUTURE OF THE EU-ETS \/ DEKARBONIZACIJA: ZELENI VODIK I BUDU\u0106NOST EU-ETS-a<\/strong><\/p><p>Mark Lewis, Chief Sustainability Strategist, BNP Paribas Asset Management<\/p><\/td><\/tr><tr><td width=\"158\"><p>12:30 \u2012 13:00<\/p><\/td><td width=\"562\"><p><strong>US ELECTIONS 2020 \u2013 A LOT AT STAKE FOR THE MARKETS \/ IZBORI U SAD-u 2020 \u2013 NEIZVJESNOST ZA TR\u017dI\u0160TA <\/strong><\/p><p>Peter Perkins<strong>, <\/strong>Global Strategist<strong>, <\/strong>Outlook for capital markets and risks associated with US elections, MRB Partners<\/p><\/td><\/tr><tr><td width=\"158\"><p>13:00<\/p><\/td><td width=\"562\"><p><strong>Conference closing \/ Zatvaranje konferencije<\/strong><\/p><\/td><\/tr><tr><td width=\"158\"><p>13:00 \u2012 14:00<\/p><\/td><td width=\"562\"><p>Lunch\u00a0(Hotel Lone) \/ Ru\u010dak ( Hotel Lone)<\/p><\/td><\/tr><\/tbody><\/table><p><strong>\u00a0<\/strong><\/p>\t\t\t\t\t<\/div>\n\t\t\t\t\t\t<\/div>\n\t\t\t\t<\/div>\n\t\t\t\t\t\t<\/div>\n\t\t\t\t\t<\/div>\n\t\t<\/div>\n\t\t\t\t\t\t\t\t<\/div>\n\t\t\t\t\t<\/div>\n\t\t<\/section>\n\t\t\t\t\t\t\t\t\t<\/div>\n\t\t\t<\/div>\n\t\t\t\t\t<\/div>\n\t\t","protected":false},"excerpt":{"rendered":"<p>Finalni program, a\u017euriran 19.10.2020. \u00a0 Wednesday, October 21 19:00 \u2013 22:00 Registration (Hotel Lone Congress Center) Registracija (Kongresni ...<\/p>","protected":false},"author":2,"featured_media":0,"parent":0,"menu_order":0,"comment_status":"closed","ping_status":"closed","template":"","meta":[],"_links":{"self":[{"href":"http:\/\/ifmc-zse.hr\/2020\/wp-json\/wp\/v2\/pages\/27"}],"collection":[{"href":"http:\/\/ifmc-zse.hr\/2020\/wp-json\/wp\/v2\/pages"}],"about":[{"href":"http:\/\/ifmc-zse.hr\/2020\/wp-json\/wp\/v2\/types\/page"}],"author":[{"embeddable":true,"href":"http:\/\/ifmc-zse.hr\/2020\/wp-json\/wp\/v2\/users\/2"}],"replies":[{"embeddable":true,"href":"http:\/\/ifmc-zse.hr\/2020\/wp-json\/wp\/v2\/comments?post=27"}],"version-history":[{"count":5,"href":"http:\/\/ifmc-zse.hr\/2020\/wp-json\/wp\/v2\/pages\/27\/revisions"}],"predecessor-version":[{"id":2645,"href":"http:\/\/ifmc-zse.hr\/2020\/wp-json\/wp\/v2\/pages\/27\/revisions\/2645"}],"wp:attachment":[{"href":"http:\/\/ifmc-zse.hr\/2020\/wp-json\/wp\/v2\/media?parent=27"}],"curies":[{"name":"wp","href":"https:\/\/api.w.org\/{rel}","templated":true}]}}