{"id":2339,"date":"2020-10-07T15:51:14","date_gmt":"2020-10-07T15:51:14","guid":{"rendered":"http:\/\/ifmc-zse.hr\/2020\/?page_id=2339"},"modified":"2020-10-14T14:10:19","modified_gmt":"2020-10-14T14:10:19","slug":"prijava-osobnih-podataka","status":"publish","type":"page","link":"http:\/\/ifmc-zse.hr\/2020\/prijava-osobnih-podataka\/","title":{"rendered":"Prijava osobnih podataka"},"content":{"rendered":"\t\t<div data-elementor-type=\"wp-page\" data-elementor-id=\"2339\" class=\"elementor elementor-2339\">\n\t\t\t\t\t\t<div class=\"elementor-inner\">\n\t\t\t\t<div class=\"elementor-section-wrap\">\n\t\t\t\t\t\t\t\t\t<section class=\"elementor-section elementor-top-section elementor-element elementor-element-2099ce43 elementor-section-boxed elementor-section-height-default elementor-section-height-default\" data-id=\"2099ce43\" data-element_type=\"section\">\n\t\t\t\t\t\t<div class=\"elementor-container elementor-column-gap-default\">\n\t\t\t\t\t\t\t<div class=\"elementor-row\">\n\t\t\t\t\t<div class=\"elementor-column elementor-col-100 elementor-top-column elementor-element elementor-element-250dccd\" data-id=\"250dccd\" data-element_type=\"column\">\n\t\t\t<div class=\"elementor-column-wrap elementor-element-populated\">\n\t\t\t\t\t\t\t<div class=\"elementor-widget-wrap\">\n\t\t\t\t\t\t<div class=\"elementor-element elementor-element-77beb1ca elementor-widget elementor-widget-heading\" data-id=\"77beb1ca\" data-element_type=\"widget\" data-widget_type=\"heading.default\">\n\t\t\t\t<div class=\"elementor-widget-container\">\n\t\t\t<h4 class=\"elementor-heading-title elementor-size-default\">SARS-CoV-2 - Prijava osobnih podataka za sudjelovanje na konferenciji - obvezno<\/h4>\t\t<\/div>\n\t\t\t\t<\/div>\n\t\t\t\t\t\t<\/div>\n\t\t\t\t\t<\/div>\n\t\t<\/div>\n\t\t\t\t\t\t\t\t<\/div>\n\t\t\t\t\t<\/div>\n\t\t<\/section>\n\t\t\t\t<section class=\"elementor-section elementor-top-section elementor-element elementor-element-675fc8d4 elementor-section-boxed elementor-section-height-default elementor-section-height-default\" data-id=\"675fc8d4\" data-element_type=\"section\">\n\t\t\t\t\t\t<div class=\"elementor-container elementor-column-gap-default\">\n\t\t\t\t\t\t\t<div class=\"elementor-row\">\n\t\t\t\t\t<div class=\"elementor-column elementor-col-100 elementor-top-column elementor-element elementor-element-98e018a\" data-id=\"98e018a\" data-element_type=\"column\">\n\t\t\t<div class=\"elementor-column-wrap elementor-element-populated\">\n\t\t\t\t\t\t\t<div class=\"elementor-widget-wrap\">\n\t\t\t\t\t\t<div class=\"elementor-element elementor-element-20889770 elementor-widget elementor-widget-text-editor\" data-id=\"20889770\" data-element_type=\"widget\" data-widget_type=\"text-editor.default\">\n\t\t\t\t<div class=\"elementor-widget-container\">\n\t\t\t\t\t\t\t\t<div class=\"elementor-text-editor elementor-clearfix\">\n\t\t\t\t<p>Svi sudionici konferencije Izazov promjene 2020 moraju dostaviti svoje osnovne osobne podatke i kontakt-broj radi lak\u0161eg pra\u0107enja kontakata u slu\u010daju eventualne pojave zaraze virusom SARS-CoV-2, a sukladno &#8220;Uputama i preporukama za okupljanja&#8221; Hrvatskog zavoda za javno zdravstvo.<\/p>\n<p>Unos podataka je obvezan radi dostavljanja evidencije teritorijalno nadle\u017enoj slu\u017ebi civilne za\u0161tite Ravnateljstva Civilne za\u0161tite, a sudjelovanje na Konferenciji ne\u0107e biti mogu\u0107e za sudionike koji nisu unaprijed upisali svoje podatke.<\/p>\n<p>Podaci \u0107e se koristiti isklju\u010divo za potrebe slanja evidencije teritorijalno nadle\u017enoj slu\u017ebi civilne za\u0161tite Ravnateljstva Civilne za\u0161tite, RH, sukladno &#8220;Uputama i preporukama za okupljanja&#8221; Hrvatskog zavoda za javno zdravstvo.<\/p><p><b>Ukoliko ste podatke ve\u0107 upisali u OVAJ obrazac, nije ih potrebno ponovno unositi.<\/b><\/p>\t\t\t\t\t<\/div>\n\t\t\t\t\t\t<\/div>\n\t\t\t\t<\/div>\n\t\t\t\t\t\t<\/div>\n\t\t\t\t\t<\/div>\n\t\t<\/div>\n\t\t\t\t\t\t\t\t<\/div>\n\t\t\t\t\t<\/div>\n\t\t<\/section>\n\t\t\t\t<section class=\"elementor-section elementor-top-section elementor-element elementor-element-4ee829f5 elementor-section-boxed elementor-section-height-default elementor-section-height-default\" data-id=\"4ee829f5\" data-element_type=\"section\">\n\t\t\t\t\t\t<div class=\"elementor-container elementor-column-gap-default\">\n\t\t\t\t\t\t\t<div class=\"elementor-row\">\n\t\t\t\t\t<div class=\"elementor-column elementor-col-100 elementor-top-column elementor-element elementor-element-1ff5f2e9\" data-id=\"1ff5f2e9\" data-element_type=\"column\">\n\t\t\t<div class=\"elementor-column-wrap elementor-element-populated\">\n\t\t\t\t\t\t\t<div class=\"elementor-widget-wrap\">\n\t\t\t\t\t\t<div class=\"elementor-element elementor-element-2b3a004e elementor-button-align-stretch elementor-widget elementor-widget-form\" data-id=\"2b3a004e\" data-element_type=\"widget\" data-settings=\"{&quot;step_next_label&quot;:&quot;Sljede\\u0107i&quot;,&quot;step_previous_label&quot;:&quot;Prethodni&quot;,&quot;step_type&quot;:&quot;progress_bar&quot;,&quot;button_width&quot;:&quot;100&quot;}\" data-widget_type=\"form.default\">\n\t\t\t\t<div class=\"elementor-widget-container\">\n\t\t\t\t\t<form class=\"elementor-form\" method=\"post\" name=\"New Form\">\n\t\t\t<input type=\"hidden\" name=\"post_id\" value=\"2339\"\/>\n\t\t\t<input type=\"hidden\" name=\"form_id\" value=\"2b3a004e\"\/>\n\n\t\t\t\n\t\t\t<div class=\"elementor-form-fields-wrapper elementor-labels-\">\n\t\t\t\t\t\t\t\t<div class=\"elementor-field-type-text elementor-field-group elementor-column elementor-field-group-name elementor-col-100 elementor-field-required\">\n\t\t\t\t\t<label for=\"form-field-name\" class=\"elementor-field-label elementor-screen-only\">Ime<\/label><input size=\"1\" type=\"text\" name=\"form_fields[name]\" id=\"form-field-name\" class=\"elementor-field elementor-size-sm  elementor-field-textual\" placeholder=\"Ime\" required=\"required\" aria-required=\"true\">\t\t\t\t<\/div>\n\t\t\t\t\t\t\t\t<div class=\"elementor-field-type-text elementor-field-group elementor-column elementor-field-group-field_a68deb6 elementor-col-100 elementor-field-required\">\n\t\t\t\t\t<label for=\"form-field-field_a68deb6\" class=\"elementor-field-label elementor-screen-only\">Prezime<\/label><input size=\"1\" type=\"text\" name=\"form_fields[field_a68deb6]\" id=\"form-field-field_a68deb6\" class=\"elementor-field elementor-size-sm  elementor-field-textual\" placeholder=\"Prezime\" required=\"required\" aria-required=\"true\">\t\t\t\t<\/div>\n\t\t\t\t\t\t\t\t<div class=\"elementor-field-type-text elementor-field-group elementor-column elementor-field-group-field_54bcf5b elementor-col-100 elementor-field-required\">\n\t\t\t\t\t<label for=\"form-field-field_54bcf5b\" class=\"elementor-field-label elementor-screen-only\">Mobitel<\/label><input size=\"1\" type=\"text\" name=\"form_fields[field_54bcf5b]\" id=\"form-field-field_54bcf5b\" class=\"elementor-field elementor-size-sm  elementor-field-textual\" placeholder=\"Mobitel\" required=\"required\" aria-required=\"true\">\t\t\t\t<\/div>\n\t\t\t\t\t\t\t\t<div class=\"elementor-field-type-email elementor-field-group elementor-column elementor-field-group-email elementor-col-100 elementor-field-required\">\n\t\t\t\t\t<label for=\"form-field-email\" class=\"elementor-field-label elementor-screen-only\">Email<\/label><input size=\"1\" type=\"email\" name=\"form_fields[email]\" id=\"form-field-email\" class=\"elementor-field elementor-size-sm  elementor-field-textual\" placeholder=\"Email\" required=\"required\" aria-required=\"true\">\t\t\t\t<\/div>\n\t\t\t\t\t\t\t\t<div class=\"elementor-field-group elementor-column elementor-field-type-submit elementor-col-100 e-form__buttons\">\n\t\t\t\t\t<button type=\"submit\" class=\"elementor-button elementor-size-sm\">\n\t\t\t\t\t\t<span >\n\t\t\t\t\t\t\t\t\t\t\t\t\t\t\t<span class=\" elementor-button-icon\">\n\t\t\t\t\t\t\t\t\t\t\t\t\t\t\t\t\t\t\t\t\t\t\t\t\t\t<\/span>\n\t\t\t\t\t\t\t\t\t\t\t\t\t\t\t\t\t\t\t\t\t\t<span class=\"elementor-button-text\">PO\u0160ALJI<\/span>\n\t\t\t\t\t\t\t\t\t\t\t\t\t<\/span>\n\t\t\t\t\t<\/button>\n\t\t\t\t<\/div>\n\t\t\t<\/div>\n\t\t<\/form>\n\t\t\t\t<\/div>\n\t\t\t\t<\/div>\n\t\t\t\t\t\t<\/div>\n\t\t\t\t\t<\/div>\n\t\t<\/div>\n\t\t\t\t\t\t\t\t<\/div>\n\t\t\t\t\t<\/div>\n\t\t<\/section>\n\t\t\t\t\t\t\t\t\t<\/div>\n\t\t\t<\/div>\n\t\t\t\t\t<\/div>\n\t\t","protected":false},"excerpt":{"rendered":"<p>SARS-CoV-2 &#8211; Prijava osobnih podataka za sudjelovanje na konferenciji &#8211; obvezno Svi sudionici konferencije Izazov promjene 2020 moraju ...<\/p>","protected":false},"author":2,"featured_media":0,"parent":0,"menu_order":0,"comment_status":"closed","ping_status":"closed","template":"","meta":[],"_links":{"self":[{"href":"http:\/\/ifmc-zse.hr\/2020\/wp-json\/wp\/v2\/pages\/2339"}],"collection":[{"href":"http:\/\/ifmc-zse.hr\/2020\/wp-json\/wp\/v2\/pages"}],"about":[{"href":"http:\/\/ifmc-zse.hr\/2020\/wp-json\/wp\/v2\/types\/page"}],"author":[{"embeddable":true,"href":"http:\/\/ifmc-zse.hr\/2020\/wp-json\/wp\/v2\/users\/2"}],"replies":[{"embeddable":true,"href":"http:\/\/ifmc-zse.hr\/2020\/wp-json\/wp\/v2\/comments?post=2339"}],"version-history":[{"count":5,"href":"http:\/\/ifmc-zse.hr\/2020\/wp-json\/wp\/v2\/pages\/2339\/revisions"}],"predecessor-version":[{"id":2423,"href":"http:\/\/ifmc-zse.hr\/2020\/wp-json\/wp\/v2\/pages\/2339\/revisions\/2423"}],"wp:attachment":[{"href":"http:\/\/ifmc-zse.hr\/2020\/wp-json\/wp\/v2\/media?parent=2339"}],"curies":[{"name":"wp","href":"https:\/\/api.w.org\/{rel}","templated":true}]}}