{"id":2177,"date":"2020-07-22T09:42:30","date_gmt":"2020-07-22T09:42:30","guid":{"rendered":"http:\/\/ifmc-zse.hr\/2020\/?page_id=2177"},"modified":"2020-10-19T05:53:45","modified_gmt":"2020-10-19T05:53:45","slug":"covid-19","status":"publish","type":"page","link":"http:\/\/ifmc-zse.hr\/2020\/covid-19\/","title":{"rendered":"Covid-19"},"content":{"rendered":"\t\t<div data-elementor-type=\"wp-page\" data-elementor-id=\"2177\" class=\"elementor elementor-2177\">\n\t\t\t\t\t\t<div class=\"elementor-inner\">\n\t\t\t\t<div class=\"elementor-section-wrap\">\n\t\t\t\t\t\t\t\t\t<section class=\"elementor-section elementor-top-section elementor-element elementor-element-0f8f37c elementor-section-boxed elementor-section-height-default elementor-section-height-default\" data-id=\"0f8f37c\" data-element_type=\"section\">\n\t\t\t\t\t\t<div class=\"elementor-container elementor-column-gap-default\">\n\t\t\t\t\t\t\t<div class=\"elementor-row\">\n\t\t\t\t\t<div class=\"elementor-column elementor-col-100 elementor-top-column elementor-element elementor-element-02e8b83\" data-id=\"02e8b83\" data-element_type=\"column\">\n\t\t\t<div class=\"elementor-column-wrap elementor-element-populated\">\n\t\t\t\t\t\t\t<div class=\"elementor-widget-wrap\">\n\t\t\t\t\t\t<div class=\"elementor-element elementor-element-312c0df elementor-widget elementor-widget-heading\" data-id=\"312c0df\" data-element_type=\"widget\" data-widget_type=\"heading.default\">\n\t\t\t\t<div class=\"elementor-widget-container\">\n\t\t\t<h4 class=\"elementor-heading-title elementor-size-default\">ORGANIZACIJA KONFERENCIJE UZ OBVEZNE MJERE I PREPORUKE<\/h4>\t\t<\/div>\n\t\t\t\t<\/div>\n\t\t\t\t\t\t<\/div>\n\t\t\t\t\t<\/div>\n\t\t<\/div>\n\t\t\t\t\t\t\t\t<\/div>\n\t\t\t\t\t<\/div>\n\t\t<\/section>\n\t\t\t\t<section class=\"elementor-section elementor-top-section elementor-element elementor-element-058c5a2 elementor-section-boxed elementor-section-height-default elementor-section-height-default\" data-id=\"058c5a2\" data-element_type=\"section\">\n\t\t\t\t\t\t<div class=\"elementor-container elementor-column-gap-default\">\n\t\t\t\t\t\t\t<div class=\"elementor-row\">\n\t\t\t\t\t<div class=\"elementor-column elementor-col-100 elementor-top-column elementor-element elementor-element-629b34b\" data-id=\"629b34b\" data-element_type=\"column\">\n\t\t\t<div class=\"elementor-column-wrap elementor-element-populated\">\n\t\t\t\t\t\t\t<div class=\"elementor-widget-wrap\">\n\t\t\t\t\t\t<div class=\"elementor-element elementor-element-e981d55 elementor-widget elementor-widget-text-editor\" data-id=\"e981d55\" data-element_type=\"widget\" data-widget_type=\"text-editor.default\">\n\t\t\t\t<div class=\"elementor-widget-container\">\n\t\t\t\t\t\t\t\t<div class=\"elementor-text-editor elementor-clearfix\">\n\t\t\t\t<p><strong>A\u017eurirano 15.10.2020.<\/strong><\/p>\t\t\t\t\t<\/div>\n\t\t\t\t\t\t<\/div>\n\t\t\t\t<\/div>\n\t\t\t\t\t\t<\/div>\n\t\t\t\t\t<\/div>\n\t\t<\/div>\n\t\t\t\t\t\t\t\t<\/div>\n\t\t\t\t\t<\/div>\n\t\t<\/section>\n\t\t\t\t<section class=\"elementor-section elementor-top-section elementor-element elementor-element-77eeff7 elementor-section-boxed elementor-section-height-default elementor-section-height-default\" data-id=\"77eeff7\" data-element_type=\"section\">\n\t\t\t\t\t\t<div class=\"elementor-container elementor-column-gap-default\">\n\t\t\t\t\t\t\t<div class=\"elementor-row\">\n\t\t\t\t\t<div class=\"elementor-column elementor-col-100 elementor-top-column elementor-element elementor-element-c58b34b\" data-id=\"c58b34b\" data-element_type=\"column\">\n\t\t\t<div class=\"elementor-column-wrap elementor-element-populated\">\n\t\t\t\t\t\t\t<div class=\"elementor-widget-wrap\">\n\t\t\t\t\t\t<div class=\"elementor-element elementor-element-4bde1fe elementor-widget elementor-widget-text-editor\" data-id=\"4bde1fe\" data-element_type=\"widget\" data-widget_type=\"text-editor.default\">\n\t\t\t\t<div class=\"elementor-widget-container\">\n\t\t\t\t\t\t\t\t<div class=\"elementor-text-editor elementor-clearfix\">\n\t\t\t\t<p><strong>VA\u017dNO!<\/strong><\/p><p>Konferencija Izazov promjene 202 objavljuje nove Epidemiolo\u0161ke mjere koje se provode tijekom konferencije u Rovinju, 21-23.10.2020. Mjere je mogu\u0107e preuzeti u nastavku.<\/p>\t\t\t\t\t<\/div>\n\t\t\t\t\t\t<\/div>\n\t\t\t\t<\/div>\n\t\t\t\t\t\t<\/div>\n\t\t\t\t\t<\/div>\n\t\t<\/div>\n\t\t\t\t\t\t\t\t<\/div>\n\t\t\t\t\t<\/div>\n\t\t<\/section>\n\t\t\t\t<section class=\"elementor-section elementor-top-section elementor-element elementor-element-f540b25 elementor-section-boxed elementor-section-height-default elementor-section-height-default\" data-id=\"f540b25\" data-element_type=\"section\">\n\t\t\t\t\t\t<div class=\"elementor-container elementor-column-gap-default\">\n\t\t\t\t\t\t\t<div class=\"elementor-row\">\n\t\t\t\t\t<div class=\"elementor-column elementor-col-100 elementor-top-column elementor-element elementor-element-247a5b4\" data-id=\"247a5b4\" data-element_type=\"column\">\n\t\t\t<div class=\"elementor-column-wrap elementor-element-populated\">\n\t\t\t\t\t\t\t<div class=\"elementor-widget-wrap\">\n\t\t\t\t\t\t<div class=\"elementor-element elementor-element-f815a7c elementor-align-center elementor-widget elementor-widget-button\" data-id=\"f815a7c\" data-element_type=\"widget\" data-widget_type=\"button.default\">\n\t\t\t\t<div class=\"elementor-widget-container\">\n\t\t\t\t\t<div class=\"elementor-button-wrapper\">\n\t\t\t<a href=\"http:\/\/ifmc-zse.hr\/2020\/wp-content\/uploads\/2020\/10\/IZAZOV_mjere-knjizica.pdf\" target=\"_blank\" class=\"elementor-button-link elementor-button elementor-size-md\" role=\"button\">\n\t\t\t\t\t\t<span class=\"elementor-button-content-wrapper\">\n\t\t\t\t\t\t\t<span class=\"elementor-button-icon elementor-align-icon-left\">\n\t\t\t\t<i aria-hidden=\"true\" class=\"fas fa-angle-double-right\"><\/i>\t\t\t<\/span>\n\t\t\t\t\t\t<span class=\"elementor-button-text\">Epidemiolo\u0161ke mjere tijekom konferencije<\/span>\n\t\t<\/span>\n\t\t\t\t\t<\/a>\n\t\t<\/div>\n\t\t\t\t<\/div>\n\t\t\t\t<\/div>\n\t\t\t\t\t\t<\/div>\n\t\t\t\t\t<\/div>\n\t\t<\/div>\n\t\t\t\t\t\t\t\t<\/div>\n\t\t\t\t\t<\/div>\n\t\t<\/section>\n\t\t\t\t<section class=\"elementor-section elementor-top-section elementor-element elementor-element-51f7560 elementor-section-boxed elementor-section-height-default elementor-section-height-default\" data-id=\"51f7560\" data-element_type=\"section\">\n\t\t\t\t\t\t<div class=\"elementor-container elementor-column-gap-default\">\n\t\t\t\t\t\t\t<div class=\"elementor-row\">\n\t\t\t\t\t<div class=\"elementor-column elementor-col-100 elementor-top-column elementor-element elementor-element-954e7e6\" data-id=\"954e7e6\" data-element_type=\"column\">\n\t\t\t<div class=\"elementor-column-wrap elementor-element-populated\">\n\t\t\t\t\t\t\t<div class=\"elementor-widget-wrap\">\n\t\t\t\t\t\t<div class=\"elementor-element elementor-element-d9ce823 elementor-widget-divider--view-line elementor-widget elementor-widget-divider\" data-id=\"d9ce823\" data-element_type=\"widget\" data-widget_type=\"divider.default\">\n\t\t\t\t<div class=\"elementor-widget-container\">\n\t\t\t\t\t<div class=\"elementor-divider\">\n\t\t\t<span class=\"elementor-divider-separator\">\n\t\t\t\t\t\t<\/span>\n\t\t<\/div>\n\t\t\t\t<\/div>\n\t\t\t\t<\/div>\n\t\t\t\t\t\t<\/div>\n\t\t\t\t\t<\/div>\n\t\t<\/div>\n\t\t\t\t\t\t\t\t<\/div>\n\t\t\t\t\t<\/div>\n\t\t<\/section>\n\t\t\t\t<section class=\"elementor-section elementor-top-section elementor-element elementor-element-7aa33fb elementor-section-boxed elementor-section-height-default elementor-section-height-default\" data-id=\"7aa33fb\" data-element_type=\"section\">\n\t\t\t\t\t\t<div class=\"elementor-container elementor-column-gap-default\">\n\t\t\t\t\t\t\t<div class=\"elementor-row\">\n\t\t\t\t\t<div class=\"elementor-column elementor-col-100 elementor-top-column elementor-element elementor-element-f200e3b\" data-id=\"f200e3b\" data-element_type=\"column\">\n\t\t\t<div class=\"elementor-column-wrap elementor-element-populated\">\n\t\t\t\t\t\t\t<div class=\"elementor-widget-wrap\">\n\t\t\t\t\t\t<div class=\"elementor-element elementor-element-dd883aa elementor-widget elementor-widget-text-editor\" data-id=\"dd883aa\" data-element_type=\"widget\" data-widget_type=\"text-editor.default\">\n\t\t\t\t<div class=\"elementor-widget-container\">\n\t\t\t\t\t\t\t\t<div class=\"elementor-text-editor elementor-clearfix\">\n\t\t\t\t<p>Konferencija Izazov promjene planirana je u skladu s mjerama za\u0161tite tijekom epidemije koronavirusa te sukladno preporukama Hrvatskog zavoda za javno zdravstvo u svezi javnih doga\u0111anja i okupljanja.<\/p>\n<p>Konferencija \u0107e se organizirati uz pridr\u017eavanje op\u0107ih protuepidemijskih mjera, preporuka i uputa Hrvatskog zavoda za javno zdravstvo, a broj sudionika je ograni\u010den.<\/p>\t\t\t\t\t<\/div>\n\t\t\t\t\t\t<\/div>\n\t\t\t\t<\/div>\n\t\t\t\t\t\t<\/div>\n\t\t\t\t\t<\/div>\n\t\t<\/div>\n\t\t\t\t\t\t\t\t<\/div>\n\t\t\t\t\t<\/div>\n\t\t<\/section>\n\t\t\t\t<section class=\"elementor-section elementor-top-section elementor-element elementor-element-a0b6bf6 elementor-section-boxed elementor-section-height-default elementor-section-height-default\" data-id=\"a0b6bf6\" data-element_type=\"section\">\n\t\t\t\t\t\t<div class=\"elementor-container elementor-column-gap-default\">\n\t\t\t\t\t\t\t<div class=\"elementor-row\">\n\t\t\t\t\t<div class=\"elementor-column elementor-col-100 elementor-top-column elementor-element elementor-element-e17efb8\" data-id=\"e17efb8\" data-element_type=\"column\">\n\t\t\t<div class=\"elementor-column-wrap elementor-element-populated\">\n\t\t\t\t\t\t\t<div class=\"elementor-widget-wrap\">\n\t\t\t\t\t\t<div class=\"elementor-element elementor-element-feb0e74 elementor-widget elementor-widget-text-editor\" data-id=\"feb0e74\" data-element_type=\"widget\" data-widget_type=\"text-editor.default\">\n\t\t\t\t<div class=\"elementor-widget-container\">\n\t\t\t\t\t\t\t\t<div class=\"elementor-text-editor elementor-clearfix\">\n\t\t\t\t<p><strong>A\u017eurirano 01.09.2020.<\/strong><\/p>\t\t\t\t\t<\/div>\n\t\t\t\t\t\t<\/div>\n\t\t\t\t<\/div>\n\t\t\t\t\t\t<\/div>\n\t\t\t\t\t<\/div>\n\t\t<\/div>\n\t\t\t\t\t\t\t\t<\/div>\n\t\t\t\t\t<\/div>\n\t\t<\/section>\n\t\t\t\t<section class=\"elementor-section elementor-top-section elementor-element elementor-element-b02178b elementor-section-boxed elementor-section-height-default elementor-section-height-default\" data-id=\"b02178b\" data-element_type=\"section\">\n\t\t\t\t\t\t<div class=\"elementor-container elementor-column-gap-default\">\n\t\t\t\t\t\t\t<div class=\"elementor-row\">\n\t\t\t\t\t<div class=\"elementor-column elementor-col-100 elementor-top-column elementor-element elementor-element-cbf187e\" data-id=\"cbf187e\" data-element_type=\"column\">\n\t\t\t<div class=\"elementor-column-wrap elementor-element-populated\">\n\t\t\t\t\t\t\t<div class=\"elementor-widget-wrap\">\n\t\t\t\t\t\t<div class=\"elementor-element elementor-element-10a32ed elementor-widget elementor-widget-text-editor\" data-id=\"10a32ed\" data-element_type=\"widget\" data-widget_type=\"text-editor.default\">\n\t\t\t\t<div class=\"elementor-widget-container\">\n\t\t\t\t\t\t\t\t<div class=\"elementor-text-editor elementor-clearfix\">\n\t\t\t\t<p><strong>POZIVANJE SUDIONIKA<\/strong><\/p><p>Preporu\u010duje se da se na okupljanje ne odazivaju osobe starije \u017eivotne dobi ili kroni\u010dni bolesnici.<\/p><p>Svi sudionici su du\u017eni tijekom procesa registracije ostaviti osnovne osobne informacije i kontakt broj, a u svrhu kreiranja evidencije za teritorijalno nadle\u017enu slu\u017ebu civilne za\u0161tite Ravnateljstva Civilne Za\u0161tite.<\/p><p>\u00a0<\/p><p><strong>ULAZAK U PROSTOR I SJEDENJE<\/strong><\/p><p>Sudionici trebaju\u00a0 ulaziti\u00a0 u\u00a0 prostor\u00a0 tako\u00a0 da\u00a0 se\u00a0 ne\u00a0 zadr\u017eavaju\u00a0 i\u00a0 ne\u00a0 grupiraju\u00a0 te\u00a0 da\u00a0 \u010dim\u00a0 kra\u0107im\u00a0 putem\u00a0 do\u0111u\u00a0 do\u00a0 svog\u00a0 mjesta. Sva sjede\u0107a mjesta \u0107e biti unaprijed ozna\u010dena, na me\u0111usobnoj udaljenosti od najmanje 1,5 m, a broj sudionika \u0107e biti ograni\u010den na broj sjede\u0107ih mjesta u dvorani.<\/p><p>\u00a0<\/p><p><strong>EVIDENCIJA\u00a0 SUDIONIKA \u00a0<\/strong><\/p><p>Pri registraciji, svaki \u0107e sudionik biti obvezan ispuniti formular s osnovnim podacima i potpisom.<\/p><p>Svojim\u00a0 potpisom sudionik okupljanja\u00a0 potvr\u0111uje\u00a0 da\u00a0 je\u00a0 izmjerio\u00a0 tjelesnu temperaturu\u00a0 i\u00a0 da\u00a0 nije\u00a0 vi\u0161a od 37,2\u00baC, da se osje\u0107a dobro i da nema uku\u0107ana u samoizolaciji, da nije\u00a0 boravio unutar prethodnih 14 dana\u00a0 u\u00a0 inozemstvu odnosno\u00a0 ako jest\u00a0 da\u00a0 ima\u00a0 negativan\u00a0 PCR\u00a0 test koji\u00a0 nije\u00a0 stariji od 48\u00a0 sati,\u00a0 da\u00a0 nije u proteklih 14 dana imao\u00a0 kontakt s osobom zara\u017eenom SARS-CoV-2 virusom\u00a0 te da nema niti jedan od sljede\u0107ih simptoma: temperatura, ka\u0161alj, nedostatak zraka, grlobolja, curenje nosa ili gubitak njuha.\u00a0<\/p><p>\u00a0<\/p><p><strong>ZA\u0160TITNA OPREMA<\/strong><\/p><p>Osoblje hotela i organizatori konferencije obvezni su koristiti masku za lice.\u00a0 Uz to,\u00a0 stalno \u0107e na\u00a0 raspolaganju biti dostupno dezinfekcijsko sredstvo\u00a0 kojim\u00a0 \u0107e\u00a0 redovito dezinficirati ruke.<\/p><p>\u00a0<\/p><p><strong>DOLAZAK NA OKUPLJANJE I PONA\u0160ANJE SUDIONIKA NA OKUPLJANJU<\/strong><\/p><p>Svi\u00a0 zaspolenici i sudionici\u00a0 okupljanja obvezni su\u00a0 pri\u00a0 ulasku\u00a0 u hotel izmjeriti\u00a0 tjelesnu\u00a0 temperaturu, a skener je osiguran od strane organizatora konferencije.\u00a0 Ako\u00a0 je\u00a0 temperatura vi\u0161a\u00a0 od\u00a0 37,2\u00b0C,\u00a0 ili\u00a0 ako\u00a0 se\u00a0 osoba osje\u0107a\u00a0 bolesno ili ima\u00a0 znakove\u00a0 bolesti\u00a0 (odnosi\u00a0 se\u00a0 na\u00a0 sve\u00a0 simptome\u00a0 ii\u00a0 znakove\u00a0 bolesti,\u00a0 ne samo na bolesti di\u0161nih puteva), ne mo\u017ee sudjelovati u okupljanju.<\/p><p>\u00a0Tako\u0111er, osoba ne mo\u017ee sudjelovati na konferenciji ako:<\/p><ul><li>ima uku\u0107ana koji je u samoizolaciji<\/li><li>je boravila unutar prethodnih 14 dana u inozemstvu osim ako ima negativan test na PCR ne stariji od 48 sati<\/li><li>je u proteklih 14 dana imala kontakt s osobom zara\u017eenom SARS-CoVC -2 virusom<\/li><li>ima neki\u00a0 od\u00a0 sljede\u0107ih\u00a0 simptoma:\u00a0 temperatura,\u00a0 ka\u0161alj,\u00a0 nedostatak\u00a0 zraka,\u00a0 grlobolja, curenje nosa ili gubitak njuha.<\/li><\/ul>\t\t\t\t\t<\/div>\n\t\t\t\t\t\t<\/div>\n\t\t\t\t<\/div>\n\t\t\t\t\t\t<\/div>\n\t\t\t\t\t<\/div>\n\t\t<\/div>\n\t\t\t\t\t\t\t\t<\/div>\n\t\t\t\t\t<\/div>\n\t\t<\/section>\n\t\t\t\t\t\t\t\t\t<\/div>\n\t\t\t<\/div>\n\t\t\t\t\t<\/div>\n\t\t","protected":false},"excerpt":{"rendered":"<p>ORGANIZACIJA KONFERENCIJE UZ OBVEZNE MJERE I PREPORUKE A\u017eurirano 15.10.2020. VA\u017dNO! Konferencija Izazov promjene 202 objavljuje nove Epidemiolo\u0161ke mjere ...<\/p>","protected":false},"author":2,"featured_media":0,"parent":0,"menu_order":0,"comment_status":"closed","ping_status":"closed","template":"","meta":[],"_links":{"self":[{"href":"http:\/\/ifmc-zse.hr\/2020\/wp-json\/wp\/v2\/pages\/2177"}],"collection":[{"href":"http:\/\/ifmc-zse.hr\/2020\/wp-json\/wp\/v2\/pages"}],"about":[{"href":"http:\/\/ifmc-zse.hr\/2020\/wp-json\/wp\/v2\/types\/page"}],"author":[{"embeddable":true,"href":"http:\/\/ifmc-zse.hr\/2020\/wp-json\/wp\/v2\/users\/2"}],"replies":[{"embeddable":true,"href":"http:\/\/ifmc-zse.hr\/2020\/wp-json\/wp\/v2\/comments?post=2177"}],"version-history":[{"count":5,"href":"http:\/\/ifmc-zse.hr\/2020\/wp-json\/wp\/v2\/pages\/2177\/revisions"}],"predecessor-version":[{"id":2794,"href":"http:\/\/ifmc-zse.hr\/2020\/wp-json\/wp\/v2\/pages\/2177\/revisions\/2794"}],"wp:attachment":[{"href":"http:\/\/ifmc-zse.hr\/2020\/wp-json\/wp\/v2\/media?parent=2177"}],"curies":[{"name":"wp","href":"https:\/\/api.w.org\/{rel}","templated":true}]}}