{"id":42,"date":"2018-05-08T13:50:06","date_gmt":"2018-05-08T13:50:06","guid":{"rendered":"http:\/\/ifmc-zse.hr\/2019\/?page_id=42"},"modified":"2019-12-20T13:27:29","modified_gmt":"2019-12-20T13:27:29","slug":"smjestaj","status":"publish","type":"page","link":"http:\/\/ifmc-zse.hr\/2019\/smjestaj\/","title":{"rendered":"SMJE\u0160TAJ"},"content":{"rendered":"\t\t<div data-elementor-type=\"wp-post\" data-elementor-id=\"42\" class=\"elementor elementor-42\">\n\t\t\t\t\t\t<div class=\"elementor-inner\">\n\t\t\t\t<div class=\"elementor-section-wrap\">\n\t\t\t\t\t\t\t\t\t<section class=\"elementor-section elementor-top-section elementor-element elementor-element-dbc3447 elementor-section-boxed elementor-section-height-default elementor-section-height-default\" data-id=\"dbc3447\" data-element_type=\"section\">\n\t\t\t\t\t\t<div class=\"elementor-container elementor-column-gap-default\">\n\t\t\t\t\t\t\t<div class=\"elementor-row\">\n\t\t\t\t\t<div class=\"elementor-column elementor-col-100 elementor-top-column elementor-element elementor-element-461f93c\" data-id=\"461f93c\" data-element_type=\"column\">\n\t\t\t<div class=\"elementor-column-wrap elementor-element-populated\">\n\t\t\t\t\t\t\t<div class=\"elementor-widget-wrap\">\n\t\t\t\t\t\t<div class=\"elementor-element elementor-element-58959b8 elementor-widget elementor-widget-heading\" data-id=\"58959b8\" data-element_type=\"widget\" data-widget_type=\"heading.default\">\n\t\t\t\t<div class=\"elementor-widget-container\">\n\t\t\t<h4 class=\"elementor-heading-title elementor-size-default\">Konferencija je zavr\u0161ena.<\/h4>\t\t<\/div>\n\t\t\t\t<\/div>\n\t\t\t\t\t\t<\/div>\n\t\t\t\t\t<\/div>\n\t\t<\/div>\n\t\t\t\t\t\t\t\t<\/div>\n\t\t\t\t\t<\/div>\n\t\t<\/section>\n\t\t\t\t<section class=\"elementor-section elementor-top-section elementor-element elementor-element-3bad531 elementor-section-boxed elementor-section-height-default elementor-section-height-default\" data-id=\"3bad531\" data-element_type=\"section\">\n\t\t\t\t\t\t<div class=\"elementor-container elementor-column-gap-default\">\n\t\t\t\t\t\t\t<div class=\"elementor-row\">\n\t\t\t\t\t<div class=\"elementor-column elementor-col-100 elementor-top-column elementor-element elementor-element-59f9a40\" data-id=\"59f9a40\" data-element_type=\"column\">\n\t\t\t<div class=\"elementor-column-wrap elementor-element-populated\">\n\t\t\t\t\t\t\t<div class=\"elementor-widget-wrap\">\n\t\t\t\t\t\t<div class=\"elementor-element elementor-element-b38631a elementor-widget elementor-widget-spacer\" data-id=\"b38631a\" data-element_type=\"widget\" data-widget_type=\"spacer.default\">\n\t\t\t\t<div class=\"elementor-widget-container\">\n\t\t\t\t\t<div class=\"elementor-spacer\">\n\t\t\t<div class=\"elementor-spacer-inner\"><\/div>\n\t\t<\/div>\n\t\t\t\t<\/div>\n\t\t\t\t<\/div>\n\t\t\t\t\t\t<\/div>\n\t\t\t\t\t<\/div>\n\t\t<\/div>\n\t\t\t\t\t\t\t\t<\/div>\n\t\t\t\t\t<\/div>\n\t\t<\/section>\n\t\t\t\t<section class=\"elementor-section elementor-top-section elementor-element elementor-element-f90b1df elementor-section-boxed elementor-section-height-default elementor-section-height-default\" data-id=\"f90b1df\" data-element_type=\"section\">\n\t\t\t\t\t\t<div class=\"elementor-container elementor-column-gap-default\">\n\t\t\t\t\t\t\t<div class=\"elementor-row\">\n\t\t\t\t\t<div class=\"elementor-column elementor-col-100 elementor-top-column elementor-element elementor-element-54af82c\" data-id=\"54af82c\" data-element_type=\"column\">\n\t\t\t<div class=\"elementor-column-wrap elementor-element-populated\">\n\t\t\t\t\t\t\t<div class=\"elementor-widget-wrap\">\n\t\t\t\t\t\t<div class=\"elementor-element elementor-element-e28c438 elementor-widget elementor-widget-text-editor\" data-id=\"e28c438\" data-element_type=\"widget\" data-widget_type=\"text-editor.default\">\n\t\t\t\t<div class=\"elementor-widget-container\">\n\t\t\t\t\t\t\t\t<div class=\"elementor-text-editor elementor-clearfix\">\n\t\t\t\t<p><span style=\"font-family: Helvetica; font-size: 12pt; color: #000080;\">VA\u017dNO<\/span><\/p><ul><li style=\"text-align: justify;\"><span style=\"font-family: Helvetica; font-size: 12pt; color: #000000;\">Rezervacija smje\u0161aja mogu\u0107a je isklju\u010divo za sudionike konferencije.<\/span><\/li><li style=\"text-align: justify;\"><span style=\"font-family: Helvetica; font-size: 12pt; color: #000000;\"><span style=\"background-color: initial;\">Prijava se vr\u0161i putem online sustava.<\/span><\/span><\/li><li style=\"text-align: justify;\"><span style=\"font-family: Helvetica; font-size: 12pt; color: #000000;\"><span style=\"background-color: initial;\">Sva pla\u0107anja se vr\u0161e na temelju online prijave, tj. dobivenog predra\u010duna ili online pla\u0107anja putem kreditne kartice.<\/span><\/span><\/li><li style=\"text-align: justify;\"><span style=\"font-family: Helvetica; font-size: 12pt; color: #000000;\"><span style=\"background-color: initial;\">Sve izmjene potrebno je javiti konferencijskom organizatoru na mail\u00a0<\/span><span style=\"background-color: initial;\">ifmc-zse@penta-zagreb.hr najkasnije 24 sata prije dolaska<\/span><\/span><\/li><li style=\"text-align: justify;\"><span style=\"font-family: Helvetica; font-size: 12pt; color: #000000;\"><span style=\"background-color: initial;\">Izmjene i otkazi obra\u0111uju se na temelju uvjeta otkaza pojedine usluge<\/span><\/span><\/li><li style=\"text-align: justify;\"><span style=\"color: #000000; font-family: Helvetica;\"><span style=\"font-size: 16px;\">Usluga je potvr\u0111ena nakon izvr\u0161ene uplate i poslane potvrde o sudjelovanju od strane organizatora<\/span><\/span><\/li><\/ul><table width=\"635\"><tbody><tr><td width=\"205\">\u00a0<\/td><td width=\"217\"><span style=\"font-family: Helvetica; font-size: 12pt; color: #000080;\"><strong>Jednokrevetna soba<\/strong><\/span><\/td><td width=\"213\"><span style=\"font-family: Helvetica; font-size: 12pt; color: #000080;\"><strong>Dvokrevetna soba<\/strong><\/span><\/td><\/tr><tr><td width=\"205\"><span style=\"font-family: Helvetica; font-size: 12pt; color: #000080;\"><strong><a style=\"color: #000080;\" href=\"https:\/\/www.maistra.com\/hr\/hotel-lone-rovinj\">Lone<\/a>\u00a0&#8211; business hotel<span style=\"color: #ff0000; font-size: 10pt;\">\u00a0Rasprodan hotel<\/span><\/strong><\/span><\/td><td width=\"217\"><span style=\"font-family: Helvetica; font-size: 12pt;\">966.00 kn<\/span><\/td><td width=\"213\"><span style=\"font-family: Helvetica; font-size: 12pt;\">1,144.00 kn<\/span><\/td><\/tr><tr><td width=\"205\"><span style=\"font-family: Helvetica; font-size: 12pt; color: #000080;\"><strong><a style=\"color: #000080;\" href=\"https:\/\/www.maistra.com\/hr\/hotel-eden-rovinj\">Eden 4****<\/a>\u00a0<\/strong><\/span><span style=\"font-weight: bolder; color: #000080; font-family: Helvetica; font-size: 16px;\"><span style=\"color: #ff0000; font-size: 10pt;\">Rasprodan hotel<\/span><\/span><\/td><td width=\"217\"><span style=\"font-family: Helvetica; font-size: 12pt;\">630.00 kn<\/span><\/td><td width=\"213\"><span style=\"font-family: Helvetica; font-size: 12pt;\">752.00 kn<\/span><\/td><\/tr><tr><td width=\"205\"><span style=\"font-family: Helvetica; font-size: 12pt; color: #000080;\"><strong><a style=\"color: #000080;\" href=\"https:\/\/www.maistra.com\/hr\/hotel-monte-mulini-rovinj\">Monte Mulini 5*****<\/a><\/strong><\/span><\/td><td width=\"217\"><span style=\"font-family: Helvetica; font-size: 12pt;\">1,336.00 kn<\/span><\/td><td width=\"213\"><span style=\"font-family: Helvetica; font-size: 12pt;\">1,692.00 kn<\/span><\/td><\/tr><tr><td width=\"205\"><span style=\"font-family: Helvetica; font-size: 12pt; color: #000080;\"><strong><a style=\"color: #000080;\" href=\"https:\/\/www.maistra.com\/grand-park-hotel-rovinj\">Park 5*****<\/a><\/strong><\/span><\/td><td width=\"217\"><span style=\"font-family: Helvetica; font-size: 12pt;\">1,395.00 kn<\/span><\/td><td width=\"213\"><span style=\"font-family: Helvetica; font-size: 12pt;\">1,772.00 kn<\/span><\/td><\/tr><\/tbody><\/table>\t\t\t\t\t<\/div>\n\t\t\t\t\t\t<\/div>\n\t\t\t\t<\/div>\n\t\t\t\t\t\t<\/div>\n\t\t\t\t\t<\/div>\n\t\t<\/div>\n\t\t\t\t\t\t\t\t<\/div>\n\t\t\t\t\t<\/div>\n\t\t<\/section>\n\t\t\t\t<section class=\"elementor-section elementor-top-section elementor-element elementor-element-caa086e elementor-section-boxed elementor-section-height-default elementor-section-height-default\" data-id=\"caa086e\" data-element_type=\"section\">\n\t\t\t\t\t\t<div class=\"elementor-container elementor-column-gap-default\">\n\t\t\t\t\t\t\t<div class=\"elementor-row\">\n\t\t\t\t\t<div class=\"elementor-column elementor-col-100 elementor-top-column elementor-element elementor-element-02fd30c\" data-id=\"02fd30c\" data-element_type=\"column\">\n\t\t\t<div class=\"elementor-column-wrap elementor-element-populated\">\n\t\t\t\t\t\t\t<div class=\"elementor-widget-wrap\">\n\t\t\t\t\t\t<div class=\"elementor-element elementor-element-bee16ae elementor-widget-divider--view-line elementor-widget elementor-widget-divider\" data-id=\"bee16ae\" data-element_type=\"widget\" data-widget_type=\"divider.default\">\n\t\t\t\t<div class=\"elementor-widget-container\">\n\t\t\t\t\t<div class=\"elementor-divider\">\n\t\t\t<span class=\"elementor-divider-separator\">\n\t\t\t\t\t\t<\/span>\n\t\t<\/div>\n\t\t\t\t<\/div>\n\t\t\t\t<\/div>\n\t\t\t\t\t\t<\/div>\n\t\t\t\t\t<\/div>\n\t\t<\/div>\n\t\t\t\t\t\t\t\t<\/div>\n\t\t\t\t\t<\/div>\n\t\t<\/section>\n\t\t\t\t<section class=\"elementor-section elementor-top-section elementor-element elementor-element-7be6172 elementor-section-boxed elementor-section-height-default elementor-section-height-default\" data-id=\"7be6172\" data-element_type=\"section\">\n\t\t\t\t\t\t<div class=\"elementor-container elementor-column-gap-default\">\n\t\t\t\t\t\t\t<div class=\"elementor-row\">\n\t\t\t\t\t<div class=\"elementor-column elementor-col-100 elementor-top-column elementor-element elementor-element-7eddacb\" data-id=\"7eddacb\" data-element_type=\"column\">\n\t\t\t<div class=\"elementor-column-wrap elementor-element-populated\">\n\t\t\t\t\t\t\t<div class=\"elementor-widget-wrap\">\n\t\t\t\t\t\t<div class=\"elementor-element elementor-element-71d6927 elementor-tabs-view-horizontal elementor-widget elementor-widget-tabs\" data-id=\"71d6927\" data-element_type=\"widget\" data-widget_type=\"tabs.default\">\n\t\t\t\t<div class=\"elementor-widget-container\">\n\t\t\t\t\t<div class=\"elementor-tabs\">\n\t\t\t<div class=\"elementor-tabs-wrapper\" role=\"tablist\" >\n\t\t\t\t\t\t\t\t\t<div id=\"elementor-tab-title-1191\" class=\"elementor-tab-title elementor-tab-desktop-title\" aria-selected=\"true\" data-tab=\"1\" role=\"tab\" tabindex=\"0\" aria-controls=\"elementor-tab-content-1191\" aria-expanded=\"false\">HOTEL LONE -  o hotelu!<\/div>\n\t\t\t\t\t\t\t\t\t<div id=\"elementor-tab-title-1192\" class=\"elementor-tab-title elementor-tab-desktop-title\" aria-selected=\"false\" data-tab=\"2\" role=\"tab\" tabindex=\"-1\" aria-controls=\"elementor-tab-content-1192\" aria-expanded=\"false\">HOTEL MONTE MULLINI - o hotelu!<\/div>\n\t\t\t\t\t\t\t\t\t<div id=\"elementor-tab-title-1193\" class=\"elementor-tab-title elementor-tab-desktop-title\" aria-selected=\"false\" data-tab=\"3\" role=\"tab\" tabindex=\"-1\" aria-controls=\"elementor-tab-content-1193\" aria-expanded=\"false\">HOTEL EDEN - o hotelu!<\/div>\n\t\t\t\t\t\t\t\t\t<div id=\"elementor-tab-title-1194\" class=\"elementor-tab-title elementor-tab-desktop-title\" aria-selected=\"false\" data-tab=\"4\" role=\"tab\" tabindex=\"-1\" aria-controls=\"elementor-tab-content-1194\" aria-expanded=\"false\">HOTEL GRAND PARK - o hotelu!<\/div>\n\t\t\t\t\t\t\t<\/div>\n\t\t\t<div class=\"elementor-tabs-content-wrapper\" role=\"tablist\" aria-orientation=\"vertical\">\n\t\t\t\t\t\t\t\t\t<div class=\"elementor-tab-title elementor-tab-mobile-title\" aria-selected=\"true\" data-tab=\"1\" role=\"tab\" tabindex=\"0\" aria-controls=\"elementor-tab-content-1191\" aria-expanded=\"false\">HOTEL LONE -  o hotelu!<\/div>\n\t\t\t\t\t<div id=\"elementor-tab-content-1191\" class=\"elementor-tab-content elementor-clearfix\" data-tab=\"1\" role=\"tabpanel\" aria-labelledby=\"elementor-tab-title-1191\" tabindex=\"0\" hidden=\"false\"><p style=\"text-align: justify;\"><span style=\"font-family: Helvetica; font-size: 12pt; color: #000000;\"><strong>Adresa:<\/strong>\u00a0Ul. Luje Adamovi\u0107a 31, 52210, Rovinj<\/span><br \/><span style=\"font-family: Helvetica; font-size: 12pt; color: #000000;\"> <strong>Telefon:<\/strong>+385\u00a052 800 250<\/span><\/p><p style=\"text-align: justify;\"><span style=\"font-family: Helvetica; font-size: 12pt; color: #000000;\"> <strong>Check-in:<\/strong>\u00a015:00 sati<\/span><br \/><span style=\"font-family: Helvetica; font-size: 12pt; color: #000000;\"> <strong>Check-out:<\/strong>\u00a011:00 sati<\/span><\/p><p style=\"text-align: justify;\"><span style=\"font-family: Helvetica; font-size: 12pt; color: #000000;\">Vje\u0161to sakriven u zelenom srcu Rovinja, Hotel Lone veli\u010danstven je primjer po\u0161tovanja prirodnog krajolika. Obgrljen \u0161umom i okrenut moru, doima se poput luksuzna broda koji je pa\u017eljivo pristao u okru\u017eenje, ni\u010dim ne naru\u0161iv\u0161i zate\u010deni sklad prirode. Jednostavnost, minimalizam, \u010dista elegancija \u2013 prve su asocijacije koje dolaze u valovima pri svakom pogledu na ovo savr\u0161eno zdanje. Iznimna udobnost i visoko personalizirana usluga njegove su osnovne karakteristike, a od sadr\u017eaja se izdvaja najbolje opremljen kongresni centar u regiji.<\/span><\/p><p style=\"text-align: justify;\"><span style=\"font-family: Helvetica; font-size: 12pt; color: #000000;\"><strong>PARKING<\/strong><\/span><\/p><p style=\"text-align: ljustify;\"><span style=\"font-family: Helvetica; font-size: 12pt; color: #000000;\">Parkirali\u0161te je\u00a0dostupno u blizini\u00a0objekta i nije potrebna rezervacija.<\/span><br \/><span style=\"font-family: Helvetica; font-size: 12pt; color: #000000;\"> Parking u gara\u017ei se napla\u0107uje na recepciji hotela<strong>.<\/strong><\/span><\/p><\/div>\n\t\t\t\t\t\t\t\t\t<div class=\"elementor-tab-title elementor-tab-mobile-title\" aria-selected=\"false\" data-tab=\"2\" role=\"tab\" tabindex=\"-1\" aria-controls=\"elementor-tab-content-1192\" aria-expanded=\"false\">HOTEL MONTE MULLINI - o hotelu!<\/div>\n\t\t\t\t\t<div id=\"elementor-tab-content-1192\" class=\"elementor-tab-content elementor-clearfix\" data-tab=\"2\" role=\"tabpanel\" aria-labelledby=\"elementor-tab-title-1192\" tabindex=\"0\" hidden=\"hidden\"><p style=\"text-align: justify;\"><span style=\"font-family: Helvetica; font-size: 12pt; color: #000000;\"><strong>Adresa:<\/strong> A. Smareglia 3, 52210, Rovinj<\/span><br \/><span style=\"font-family: Helvetica; font-size: 12pt; color: #000000;\"> <strong>Telefon:<\/strong>+385\u00a052 800 215<\/span><\/p><p style=\"text-align: justify;\"><span style=\"font-family: Helvetica; font-size: 12pt; color: #000000;\"> <strong>Check-in:<\/strong>\u00a015:00 sati<\/span><br \/><span style=\"font-family: Helvetica; font-size: 12pt; color: #000000;\"> <strong>Check-out:<\/strong>\u00a011:00 sati<\/span><\/p><div id=\"summary\" class=\"\" data-et-mouseenter=\"customGoal:BUeeZdbaBOdUfTXNVO:1 customGoal:BUeePYUQdLPSKPGeeUZC:1\" data-et-click=\"customGoal:BUeeZdbaBOdUfTXNVO:2 customGoal:BUeePYUQdLPSKPGeeUZC:2\"><p style=\"text-align: justify;\"><span style=\"font-family: Helvetica; font-size: 12pt; color: #000000;\">Hotel se nalazi 300m od hotela Lone, a u slu\u010daju rezervacije smje\u0161taja u hotelu Monte Mulini imajte na umu da je doru\u010dak serviran u samom hotelu, a svi ostali obroci objavljeni u slu\u017ebenom programu konferencije odr\u017eavaju se u hotelu Lone.<\/span><\/p><\/div><p style=\"text-align: justify;\"><span style=\"font-family: Helvetica; font-size: 12pt; color: #000000;\"><strong>PARKING<\/strong><\/span><\/p><p style=\"text-align: ljustify;\"><span style=\"font-family: Helvetica; font-size: 12pt; color: #000000;\">Parkirali\u0161te je\u00a0dostupno u blizini\u00a0objekta i nije potrebna rezervacija.<\/span><\/p><\/div>\n\t\t\t\t\t\t\t\t\t<div class=\"elementor-tab-title elementor-tab-mobile-title\" aria-selected=\"false\" data-tab=\"3\" role=\"tab\" tabindex=\"-1\" aria-controls=\"elementor-tab-content-1193\" aria-expanded=\"false\">HOTEL EDEN - o hotelu!<\/div>\n\t\t\t\t\t<div id=\"elementor-tab-content-1193\" class=\"elementor-tab-content elementor-clearfix\" data-tab=\"3\" role=\"tabpanel\" aria-labelledby=\"elementor-tab-title-1193\" tabindex=\"0\" hidden=\"hidden\"><p style=\"text-align: justify;\"><span style=\"font-family: Helvetica; font-size: 12pt; color: #000000;\"><strong>Adresa:<\/strong> Ul. Luje Adamovi\u0107a 33, 52210, Rovinj<\/span><br \/><span style=\"font-family: Helvetica; font-size: 12pt; color: #000000;\"> <strong>Telefon:<\/strong>+385\u00a052 800 250<\/span><\/p><p style=\"text-align: justify;\"><span style=\"font-family: Helvetica; font-size: 12pt; color: #000000;\"> <strong>Check-in:<\/strong>\u00a015:00 sati<\/span><br \/><span style=\"font-family: Helvetica; font-size: 12pt; color: #000000;\"> <strong>Check-out:<\/strong>\u00a011:00 sati<\/span><\/p><div id=\"summary\" class=\"\" data-et-mouseenter=\"customGoal:BUeeZdbaBOdUfTXNVO:1 customGoal:BUeePYUQdLPSKPGeeUZC:1\" data-et-click=\"customGoal:BUeeZdbaBOdUfTXNVO:2 customGoal:BUeePYUQdLPSKPGeeUZC:2\"><p style=\"text-align: justify;\"><span style=\"font-family: Helvetica; color: #000000;\">Smje\u0161ten u hladu stoljetnih borova, hotel Eden nudi rasko\u0161ne elegantne sobe s pogledom na mirnu uvalu udaljenu samo nekoliko minuta hoda od stare gradske jezgre Rovinja.<\/span><\/p><p style=\"text-align: justify;\"><span style=\"font-family: Helvetica; color: #000000;\">Hotel se nalazi 50m od hotela Lone, a u slu\u010daju rezervacije smje\u0161taja u hotelu Eden imajte na umu da je doru\u010dak serviran u samom hotelu, a svi ostali obroci objavljeni u slu\u017ebenom programu konferencije odr\u017eavaju se u hotelu Lone.<\/span><\/p><\/div><p style=\"text-align: justify;\"><span style=\"font-family: Helvetica; font-size: 12pt; color: #000000;\"><strong>PARKING<\/strong><\/span><\/p><p style=\"text-align: ljustify;\"><span style=\"font-family: Helvetica; font-size: 12pt; color: #000000;\">Parkirali\u0161te je\u00a0dostupno u blizini\u00a0objekta i nije potrebna rezervacija.<\/span><\/p><\/div>\n\t\t\t\t\t\t\t\t\t<div class=\"elementor-tab-title elementor-tab-mobile-title\" aria-selected=\"false\" data-tab=\"4\" role=\"tab\" tabindex=\"-1\" aria-controls=\"elementor-tab-content-1194\" aria-expanded=\"false\">HOTEL GRAND PARK - o hotelu!<\/div>\n\t\t\t\t\t<div id=\"elementor-tab-content-1194\" class=\"elementor-tab-content elementor-clearfix\" data-tab=\"4\" role=\"tabpanel\" aria-labelledby=\"elementor-tab-title-1194\" tabindex=\"0\" hidden=\"hidden\"><p style=\"text-align: justify;\"><span style=\"color: #000000;\"><strong style=\"font-family: Helvetica; text-align: left;\">Adresa:\u00a0<\/strong>Smareglijeva ulica 1A, 52210, Rovinj<span style=\"font-family: Helvetica; font-size: 12pt;\"><br \/><\/span><strong style=\"font-family: Helvetica; text-align: left;\">Telefon:<\/strong><span style=\"font-family: Helvetica; text-align: left;\">+385 52 800 250<\/span><\/span><\/p><p style=\"text-align: justify;\"><span style=\"color: #000000;\"><span style=\"font-family: Helvetica; text-align: left;\"><span style=\"font-family: Helvetica; font-size: 12pt; color: #000000;\"><strong>Check-in:<\/strong>\u00a015:00 sati<\/span><br \/><span style=\"font-family: Helvetica; font-size: 12pt; color: #000000;\"> <strong>Check-out:<\/strong>\u00a011:00 sati<\/span><\/span><\/span><\/p><div id=\"summary\" class=\"\" data-et-mouseenter=\"customGoal:BUeeZdbaBOdUfTXNVO:1 customGoal:BUeePYUQdLPSKPGeeUZC:1\" data-et-click=\"customGoal:BUeeZdbaBOdUfTXNVO:2 customGoal:BUeePYUQdLPSKPGeeUZC:2\"><div id=\"summary\" class=\"\" data-et-mouseenter=\"customGoal:BUeeZdbaBOdUfTXNVO:1 customGoal:BUeePYUQdLPSKPGeeUZC:1\" data-et-click=\"customGoal:BUeeZdbaBOdUfTXNVO:2 customGoal:BUeePYUQdLPSKPGeeUZC:2\"><p style=\"text-align: justify;\"><span style=\"color: #000000;\">U\u017eivajte u veli\u010danstvenom pogledu na stari grad, otoke i more iz jedne od na\u0161ih elegantno dizajniranih soba. Udahnite omamljuju\u0107e mirise borova i lavande. Otvorite um, tijelo i du\u0161u i oti\u0107i \u0107ete sasvim preporo\u0111eni. Iskoristite najbolje od na\u0161ih pomno osmi\u0161ljenih programa odabranih posebno za vas.<\/span><\/p><p style=\"text-align: justify;\"><span style=\"color: #000000;\">Smje\u0161ten na ju\u017enom kraju rovinjske \u0161etnice uz more, Grand Park Hotel Rovinj udaljen je nekoliko minuta od povijesne jezgre. Smje\u0161ten je tik uz marinu i nudi prekrasan pogled na baroknu baziliku sv. Eufemije s jedne strane i stoljetnu park-\u0161umu s druge.<\/span><\/p><p style=\"text-align: justify;\"><span style=\"font-family: Helvetica; font-size: 12pt; color: #000000;\"><strong>PARKING<\/strong><\/span><\/p><p style=\"text-align: ljustify;\"><span style=\"font-family: Helvetica; font-size: 12pt; color: #000000;\">Parkirali\u0161te je\u00a0dostupno u blizini\u00a0objekta i nije potrebna rezervacija.<\/span><\/p><\/div><\/div><\/div>\n\t\t\t\t\t\t\t<\/div>\n\t\t<\/div>\n\t\t\t\t<\/div>\n\t\t\t\t<\/div>\n\t\t\t\t\t\t<\/div>\n\t\t\t\t\t<\/div>\n\t\t<\/div>\n\t\t\t\t\t\t\t\t<\/div>\n\t\t\t\t\t<\/div>\n\t\t<\/section>\n\t\t\t\t\t\t\t\t\t<\/div>\n\t\t\t<\/div>\n\t\t\t\t\t<\/div>\n\t\t","protected":false},"excerpt":{"rendered":"<p>Konferencija je zavr\u0161ena. VA\u017dNO Rezervacija smje\u0161aja mogu\u0107a je isklju\u010divo za sudionike konferencije. Prijava se vr\u0161i putem online sustava. ...<\/p>","protected":false},"author":2,"featured_media":0,"parent":0,"menu_order":0,"comment_status":"closed","ping_status":"closed","template":"","meta":[],"_links":{"self":[{"href":"http:\/\/ifmc-zse.hr\/2019\/wp-json\/wp\/v2\/pages\/42"}],"collection":[{"href":"http:\/\/ifmc-zse.hr\/2019\/wp-json\/wp\/v2\/pages"}],"about":[{"href":"http:\/\/ifmc-zse.hr\/2019\/wp-json\/wp\/v2\/types\/page"}],"author":[{"embeddable":true,"href":"http:\/\/ifmc-zse.hr\/2019\/wp-json\/wp\/v2\/users\/2"}],"replies":[{"embeddable":true,"href":"http:\/\/ifmc-zse.hr\/2019\/wp-json\/wp\/v2\/comments?post=42"}],"version-history":[{"count":5,"href":"http:\/\/ifmc-zse.hr\/2019\/wp-json\/wp\/v2\/pages\/42\/revisions"}],"predecessor-version":[{"id":2112,"href":"http:\/\/ifmc-zse.hr\/2019\/wp-json\/wp\/v2\/pages\/42\/revisions\/2112"}],"wp:attachment":[{"href":"http:\/\/ifmc-zse.hr\/2019\/wp-json\/wp\/v2\/media?parent=42"}],"curies":[{"name":"wp","href":"https:\/\/api.w.org\/{rel}","templated":true}]}}