{"id":33,"date":"2018-05-08T13:48:04","date_gmt":"2018-05-08T13:48:04","guid":{"rendered":"http:\/\/ifmc-zse.hr\/2019\/?page_id=33"},"modified":"2019-07-18T12:49:56","modified_gmt":"2019-07-18T12:49:56","slug":"konferencija","status":"publish","type":"page","link":"http:\/\/ifmc-zse.hr\/2019\/konferencija\/","title":{"rendered":"OSNOVNE INFORMACIJE"},"content":{"rendered":"\t\t<div data-elementor-type=\"wp-post\" data-elementor-id=\"33\" class=\"elementor elementor-33\">\n\t\t\t\t\t\t<div class=\"elementor-inner\">\n\t\t\t\t<div class=\"elementor-section-wrap\">\n\t\t\t\t\t\t\t\t\t<section class=\"elementor-section elementor-top-section elementor-element elementor-element-2fe66664 elementor-section-boxed elementor-section-height-default elementor-section-height-default\" data-id=\"2fe66664\" data-element_type=\"section\">\n\t\t\t\t\t\t<div class=\"elementor-container elementor-column-gap-default\">\n\t\t\t\t\t\t\t<div class=\"elementor-row\">\n\t\t\t\t\t<div class=\"elementor-column elementor-col-33 elementor-top-column elementor-element elementor-element-53a5b9e8\" data-id=\"53a5b9e8\" data-element_type=\"column\">\n\t\t\t<div class=\"elementor-column-wrap elementor-element-populated\">\n\t\t\t\t\t\t\t<div class=\"elementor-widget-wrap\">\n\t\t\t\t\t\t<div class=\"elementor-element elementor-element-1d1f4d6c elementor-button-success elementor-align-center elementor-widget elementor-widget-button\" data-id=\"1d1f4d6c\" data-element_type=\"widget\" data-widget_type=\"button.default\">\n\t\t\t\t<div class=\"elementor-widget-container\">\n\t\t\t\t\t<div class=\"elementor-button-wrapper\">\n\t\t\t<a href=\"http:\/\/ifmc-zse.hr\/2019\/opci-uvjeti\/\" target=\"_blank\" class=\"elementor-button-link elementor-button elementor-size-sm\" role=\"button\">\n\t\t\t\t\t\t<span class=\"elementor-button-content-wrapper\">\n\t\t\t\t\t\t\t<span class=\"elementor-button-icon elementor-align-icon-left\">\n\t\t\t\t\t\t\t\t\t<i class=\"fa fa-angle-double-right\" aria-hidden=\"true\"><\/i>\n\t\t\t\t\t\t\t<\/span>\n\t\t\t\t\t\t<span class=\"elementor-button-text\">OP\u0106I UVJETI<\/span>\n\t\t<\/span>\n\t\t\t\t\t<\/a>\n\t\t<\/div>\n\t\t\t\t<\/div>\n\t\t\t\t<\/div>\n\t\t\t\t\t\t<\/div>\n\t\t\t\t\t<\/div>\n\t\t<\/div>\n\t\t\t\t<div class=\"elementor-column elementor-col-33 elementor-top-column elementor-element elementor-element-39e3fbc6\" data-id=\"39e3fbc6\" data-element_type=\"column\">\n\t\t\t<div class=\"elementor-column-wrap elementor-element-populated\">\n\t\t\t\t\t\t\t<div class=\"elementor-widget-wrap\">\n\t\t\t\t\t\t<div class=\"elementor-element elementor-element-6c9c7f33 elementor-align-center elementor-widget elementor-widget-button\" data-id=\"6c9c7f33\" data-element_type=\"widget\" data-widget_type=\"button.default\">\n\t\t\t\t<div class=\"elementor-widget-container\">\n\t\t\t\t\t<div class=\"elementor-button-wrapper\">\n\t\t\t<a href=\"http:\/\/ifmc-zse.hr\/2019\/registracija\" target=\"_blank\" class=\"elementor-button-link elementor-button elementor-size-sm\" role=\"button\">\n\t\t\t\t\t\t<span class=\"elementor-button-content-wrapper\">\n\t\t\t\t\t\t\t<span class=\"elementor-button-icon elementor-align-icon-left\">\n\t\t\t\t\t\t\t\t\t<i class=\"fa fa-angle-double-right\" aria-hidden=\"true\"><\/i>\n\t\t\t\t\t\t\t<\/span>\n\t\t\t\t\t\t<span class=\"elementor-button-text\">REGISTRACIJA<\/span>\n\t\t<\/span>\n\t\t\t\t\t<\/a>\n\t\t<\/div>\n\t\t\t\t<\/div>\n\t\t\t\t<\/div>\n\t\t\t\t<div class=\"elementor-element elementor-element-3b747716 elementor-widget elementor-widget-spacer\" data-id=\"3b747716\" data-element_type=\"widget\" data-widget_type=\"spacer.default\">\n\t\t\t\t<div class=\"elementor-widget-container\">\n\t\t\t\t\t<div class=\"elementor-spacer\">\n\t\t\t<div class=\"elementor-spacer-inner\"><\/div>\n\t\t<\/div>\n\t\t\t\t<\/div>\n\t\t\t\t<\/div>\n\t\t\t\t\t\t<\/div>\n\t\t\t\t\t<\/div>\n\t\t<\/div>\n\t\t\t\t<div class=\"elementor-column elementor-col-33 elementor-top-column elementor-element elementor-element-20e782ac\" data-id=\"20e782ac\" data-element_type=\"column\">\n\t\t\t<div class=\"elementor-column-wrap elementor-element-populated\">\n\t\t\t\t\t\t\t<div class=\"elementor-widget-wrap\">\n\t\t\t\t\t\t<div class=\"elementor-element elementor-element-236ac508 elementor-align-center elementor-widget elementor-widget-button\" data-id=\"236ac508\" data-element_type=\"widget\" data-widget_type=\"button.default\">\n\t\t\t\t<div class=\"elementor-widget-container\">\n\t\t\t\t\t<div class=\"elementor-button-wrapper\">\n\t\t\t<a href=\"http:\/\/ifmc-zse.hr\/2019\/smjestaj\/\" target=\"_blank\" class=\"elementor-button-link elementor-button elementor-size-sm\" role=\"button\">\n\t\t\t\t\t\t<span class=\"elementor-button-content-wrapper\">\n\t\t\t\t\t\t\t<span class=\"elementor-button-icon elementor-align-icon-left\">\n\t\t\t\t\t\t\t\t\t<i class=\"fa fa-angle-double-right\" aria-hidden=\"true\"><\/i>\n\t\t\t\t\t\t\t<\/span>\n\t\t\t\t\t\t<span class=\"elementor-button-text\">SMJE\u0160TAJ<\/span>\n\t\t<\/span>\n\t\t\t\t\t<\/a>\n\t\t<\/div>\n\t\t\t\t<\/div>\n\t\t\t\t<\/div>\n\t\t\t\t\t\t<\/div>\n\t\t\t\t\t<\/div>\n\t\t<\/div>\n\t\t\t\t\t\t\t\t<\/div>\n\t\t\t\t\t<\/div>\n\t\t<\/section>\n\t\t\t\t<section class=\"elementor-section elementor-top-section elementor-element elementor-element-7d337a7 elementor-section-boxed elementor-section-height-default elementor-section-height-default\" data-id=\"7d337a7\" data-element_type=\"section\">\n\t\t\t\t\t\t<div class=\"elementor-container elementor-column-gap-default\">\n\t\t\t\t\t\t\t<div class=\"elementor-row\">\n\t\t\t\t\t<div class=\"elementor-column elementor-col-50 elementor-top-column elementor-element elementor-element-2af87d2\" data-id=\"2af87d2\" data-element_type=\"column\">\n\t\t\t<div class=\"elementor-column-wrap elementor-element-populated\">\n\t\t\t\t\t\t\t<div class=\"elementor-widget-wrap\">\n\t\t\t\t\t\t<div class=\"elementor-element elementor-element-ecc48b6 elementor-widget elementor-widget-text-editor\" data-id=\"ecc48b6\" data-element_type=\"widget\" data-widget_type=\"text-editor.default\">\n\t\t\t\t<div class=\"elementor-widget-container\">\n\t\t\t\t\t\t\t\t<div class=\"elementor-text-editor elementor-clearfix\">\n\t\t\t\t<p><span style=\"font-family: Verdana, Geneva; font-size: 12pt; color: #000000;\"><strong>MJESTO ODR\u017dAVANJA\u00a0KONFERENCIJE<\/strong><\/span><\/p><p><span style=\"font-family: Verdana, Geneva;\"><span style=\"font-size: 12pt; color: #000000;\"><a style=\"color: #000000;\" href=\"https:\/\/www.maistra.com\/hr\/hotel-lone-rovinj\"><strong>Hotel Lone<\/strong><\/a> *****<br \/><\/span><span style=\"color: #000000; font-size: 12pt; background-color: initial;\">Ul. Luje Adamovi\u0107a 31, 52210, Rovinj<\/span><\/span><\/p><p><span style=\"font-family: Verdana, Geneva; font-size: 12pt; color: #000000;\">\u00a0<\/span><\/p><p><span style=\"font-family: Verdana, Geneva;\"><span style=\"font-size: 12pt; color: #000000;\"><b>DATUM ODR\u017dAVANJA KONFERENCIJE<br \/><\/b><\/span><span style=\"color: #000000; font-size: 12pt; background-color: initial;\">23. &#8211; 25. 10. 2019. (srijeda &#8211; petak)<\/span><\/span><\/p><p><span style=\"font-family: Verdana, Geneva; font-size: 12pt; color: #000000;\">\u00a0<\/span><\/p><p><span style=\"font-family: Verdana, Geneva;\"><span style=\"font-size: 12pt; color: #000000;\"><b>SLU\u017dBENI JEZIK KONFERENCIJE<br \/><\/b><\/span><span style=\"color: #000000; font-size: 12pt; background-color: initial;\">Slu\u017ebeni jezici su hrvatski i engleski (uz osiguran simultani prijevod).<\/span><\/span><\/p>\t\t\t\t\t<\/div>\n\t\t\t\t\t\t<\/div>\n\t\t\t\t<\/div>\n\t\t\t\t\t\t<\/div>\n\t\t\t\t\t<\/div>\n\t\t<\/div>\n\t\t\t\t<div class=\"elementor-column elementor-col-50 elementor-top-column elementor-element elementor-element-e208e23\" data-id=\"e208e23\" data-element_type=\"column\">\n\t\t\t<div class=\"elementor-column-wrap elementor-element-populated\">\n\t\t\t\t\t\t\t<div class=\"elementor-widget-wrap\">\n\t\t\t\t\t\t<div class=\"elementor-element elementor-element-1368070 elementor-widget elementor-widget-image\" data-id=\"1368070\" data-element_type=\"widget\" data-widget_type=\"image.default\">\n\t\t\t\t<div class=\"elementor-widget-container\">\n\t\t\t\t\t\t\t\t<div class=\"elementor-image\">\n\t\t\t\t\t\t\t\t\t\t\t\t<img decoding=\"async\" width=\"640\" height=\"426\" src=\"http:\/\/ifmc-zse.hr\/2019\/wp-content\/uploads\/2018\/06\/Lone_6.jpg\" class=\"attachment-large size-large wp-image-431\" alt=\"\" loading=\"lazy\" srcset=\"http:\/\/ifmc-zse.hr\/2019\/wp-content\/uploads\/2018\/06\/Lone_6.jpg 1000w, http:\/\/ifmc-zse.hr\/2019\/wp-content\/uploads\/2018\/06\/Lone_6-300x200.jpg 300w, http:\/\/ifmc-zse.hr\/2019\/wp-content\/uploads\/2018\/06\/Lone_6-768x511.jpg 768w, http:\/\/ifmc-zse.hr\/2019\/wp-content\/uploads\/2018\/06\/Lone_6-525x350.jpg 525w, http:\/\/ifmc-zse.hr\/2019\/wp-content\/uploads\/2018\/06\/Lone_6-105x70.jpg 105w\" sizes=\"(max-width: 640px) 100vw, 640px\" \/>\t\t\t\t\t\t\t\t\t\t\t\t\t\t<\/div>\n\t\t\t\t\t\t<\/div>\n\t\t\t\t<\/div>\n\t\t\t\t\t\t<\/div>\n\t\t\t\t\t<\/div>\n\t\t<\/div>\n\t\t\t\t\t\t\t\t<\/div>\n\t\t\t\t\t<\/div>\n\t\t<\/section>\n\t\t\t\t<section class=\"elementor-section elementor-top-section elementor-element elementor-element-48423f6d elementor-section-boxed elementor-section-height-default elementor-section-height-default\" data-id=\"48423f6d\" data-element_type=\"section\">\n\t\t\t\t\t\t<div class=\"elementor-container elementor-column-gap-default\">\n\t\t\t\t\t\t\t<div class=\"elementor-row\">\n\t\t\t\t\t<div class=\"elementor-column elementor-col-100 elementor-top-column elementor-element elementor-element-5b5f0916\" data-id=\"5b5f0916\" data-element_type=\"column\">\n\t\t\t<div class=\"elementor-column-wrap elementor-element-populated\">\n\t\t\t\t\t\t\t<div class=\"elementor-widget-wrap\">\n\t\t\t\t\t\t<div class=\"elementor-element elementor-element-2a93d78 elementor-widget elementor-widget-text-editor\" data-id=\"2a93d78\" data-element_type=\"widget\" data-widget_type=\"text-editor.default\">\n\t\t\t\t<div class=\"elementor-widget-container\">\n\t\t\t\t\t\t\t\t<div class=\"elementor-text-editor elementor-clearfix\">\n\t\t\t\t<p style=\"text-align: justify;\"><span style=\"font-family: Verdana, Geneva; font-size: 12pt; color: #000000;\"><strong>IZLO\u017dBENI PROSTOR \u2013 OGLA\u0160AVANJE<\/strong><\/span><\/p><p style=\"text-align: justify;\"><span style=\"font-family: Verdana, Geneva; font-size: 12pt; color: #000000;\">Za sve informacije o rezervaciji izlo\u017ebenog prostora i ogla\u0161avanju molimo kontaktirati <a style=\"color: #000000;\" href=\"http:\/\/ifmc-zse.hr\/2017\/hr\/sponzori\/\">kongresnog organizatora, agenciju Penta<\/a>.<\/span><\/p><p style=\"text-align: justify;\"><span style=\"font-family: Verdana, Geneva; font-size: 12pt; color: #000000;\"><strong>\u00a0<\/strong><\/span><\/p><p style=\"text-align: justify;\"><span style=\"font-family: Verdana, Geneva; font-size: 12pt; color: #000000;\"><strong>Konferencija Izazov promjene\u00a02019, i ove Vas godine poziva na sudjelovanje.<\/strong><\/span><\/p><p style=\"text-align: justify;\"><span style=\"font-size: 12pt; font-family: Verdana, Geneva; color: #000000;\">Sama konferencija\u00a0odr\u017eava se u Rovinju, hotel Lone, a zbog ograni\u010denih kapaciteta predla\u017eemo \u0161to raniji booking.<\/span><\/p><p style=\"text-align: justify;\"><span style=\"font-size: 12pt; font-family: Verdana, Geneva; color: #000000;\">Alternativni hoteli koje nudimo tijekom prijave su hotel Monte Mulini 5***** i Eden 4****.<\/span><\/p><p style=\"text-align: justify;\"><span style=\"font-size: 12pt; font-family: Verdana, Geneva; color: #000000;\">Prijava na konferenciju se vr\u0161i putem online prijave, a sama registracija \u0107e biti otvorena krajem lipnja.<\/span><\/p><p style=\"text-align: justify;\"><span style=\"font-family: Verdana, Geneva; font-size: 12pt;\"><span style=\"color: #000000;\">Za prijavu na na\u0161 newsletter pozivamo vas da ostavite email adresu na na\u0161oj stranici.<\/span><span style=\"color: #000000;\">\u00a0<\/span><\/span><\/p>\t\t\t\t\t<\/div>\n\t\t\t\t\t\t<\/div>\n\t\t\t\t<\/div>\n\t\t\t\t\t\t<\/div>\n\t\t\t\t\t<\/div>\n\t\t<\/div>\n\t\t\t\t\t\t\t\t<\/div>\n\t\t\t\t\t<\/div>\n\t\t<\/section>\n\t\t\t\t<section class=\"elementor-section elementor-top-section elementor-element elementor-element-3d267c5 elementor-section-boxed elementor-section-height-default elementor-section-height-default\" data-id=\"3d267c5\" data-element_type=\"section\">\n\t\t\t\t\t\t<div class=\"elementor-container elementor-column-gap-default\">\n\t\t\t\t\t\t\t<div class=\"elementor-row\">\n\t\t\t\t\t<div class=\"elementor-column elementor-col-100 elementor-top-column elementor-element elementor-element-fd955b9\" data-id=\"fd955b9\" data-element_type=\"column\">\n\t\t\t<div class=\"elementor-column-wrap elementor-element-populated\">\n\t\t\t\t\t\t\t<div class=\"elementor-widget-wrap\">\n\t\t\t\t\t\t<div class=\"elementor-element elementor-element-981d1a5 elementor-widget elementor-widget-text-editor\" data-id=\"981d1a5\" data-element_type=\"widget\" data-widget_type=\"text-editor.default\">\n\t\t\t\t<div class=\"elementor-widget-container\">\n\t\t\t\t\t\t\t\t<div class=\"elementor-text-editor elementor-clearfix\">\n\t\t\t\t<p><span style=\"color: #000000; font-family: Verdana, Geneva; font-size: 12pt;\"><b>REGISTRACIJA<\/b><\/span><\/p><p style=\"font-weight: 400;\"><span style=\"color: #000000; font-family: Verdana, Geneva; font-size: 12pt;\">Prijava za sudjelovanje i informacije biti \u0107e locirane u hotelu Lone, Razina 1.<\/span><\/p><table style=\"font-weight: 400;\"><tbody><tr><td style=\"font-weight: 300;\" colspan=\"2\" width=\"603\"><span style=\"color: #000000; font-family: Verdana, Geneva; font-size: 12pt;\"><b><strong>Radno vrijeme:<\/strong><\/b><\/span><\/td><\/tr><tr><td style=\"font-weight: 300;\" width=\"207\"><span style=\"color: #000000; font-family: Verdana, Geneva; font-size: 12pt;\">23.10.2019.<\/span><\/td><td style=\"font-weight: 300;\" width=\"396\"><span style=\"color: #000000; font-family: Verdana, Geneva; font-size: 12pt;\">14:00 \u2013 19:00 sati<\/span><\/td><\/tr><tr><td style=\"font-weight: 300;\" width=\"207\"><span style=\"color: #000000; font-family: Verdana, Geneva; font-size: 12pt;\">24.10.2019.<\/span><\/td><td style=\"font-weight: 300;\" width=\"396\"><span style=\"color: #000000; font-family: Verdana, Geneva; font-size: 12pt;\">08:00 \u2013 17:00 sati<\/span><\/td><\/tr><tr><td style=\"font-weight: 300;\" width=\"207\"><span style=\"color: #000000; font-family: Verdana, Geneva; font-size: 12pt;\">25.10.2019.<\/span><\/td><td style=\"font-weight: 300;\" width=\"396\"><span style=\"color: #000000; font-family: Verdana, Geneva; font-size: 12pt;\">08:00 \u2013 14:00 sati<\/span><\/td><\/tr><\/tbody><\/table>\t\t\t\t\t<\/div>\n\t\t\t\t\t\t<\/div>\n\t\t\t\t<\/div>\n\t\t\t\t\t\t<\/div>\n\t\t\t\t\t<\/div>\n\t\t<\/div>\n\t\t\t\t\t\t\t\t<\/div>\n\t\t\t\t\t<\/div>\n\t\t<\/section>\n\t\t\t\t<section class=\"elementor-section elementor-top-section elementor-element elementor-element-cf872fc elementor-section-boxed elementor-section-height-default elementor-section-height-default\" data-id=\"cf872fc\" data-element_type=\"section\">\n\t\t\t\t\t\t<div class=\"elementor-container elementor-column-gap-default\">\n\t\t\t\t\t\t\t<div class=\"elementor-row\">\n\t\t\t\t\t<div class=\"elementor-column elementor-col-100 elementor-top-column elementor-element elementor-element-861e3bd\" data-id=\"861e3bd\" data-element_type=\"column\">\n\t\t\t<div class=\"elementor-column-wrap elementor-element-populated\">\n\t\t\t\t\t\t\t<div class=\"elementor-widget-wrap\">\n\t\t\t\t\t\t<div class=\"elementor-element elementor-element-583bb91 elementor-widget elementor-widget-text-editor\" data-id=\"583bb91\" data-element_type=\"widget\" data-widget_type=\"text-editor.default\">\n\t\t\t\t<div class=\"elementor-widget-container\">\n\t\t\t\t\t\t\t\t<div class=\"elementor-text-editor elementor-clearfix\">\n\t\t\t\t<p><strong><span style=\"font-family: Verdana, Geneva; color: #000000; font-size: 12pt;\">POTVRDA SUDJELOVANJA<\/span><\/strong><\/p><p><span style=\"font-family: Verdana, Geneva; font-size: 12pt; color: #000000;\">Potvrde sudjelovanja za sudionike i izlaga\u010de biti \u0107e mogu\u0107e preuzeti u terminima kako slijedi:<\/span><\/p><table><tbody><tr><td width=\"321\"><span style=\"font-family: Verdana, Geneva; font-size: 12pt; color: #000000;\">24.10.2019.\u00a0\u00a0\u00a0\u00a0\u00a0\u00a0\u00a0\u00a0<\/span><\/td><td width=\"283\"><span style=\"font-family: Verdana, Geneva; font-size: 12pt; color: #000000;\">08:00 \u2013 17:00 sati<\/span><\/td><\/tr><tr><td width=\"321\"><span style=\"font-family: Verdana, Geneva; font-size: 12pt; color: #000000;\">25.10.2019.\u00a0\u00a0\u00a0\u00a0\u00a0\u00a0\u00a0\u00a0<\/span><\/td><td width=\"283\"><span style=\"font-family: Verdana, Geneva; font-size: 12pt; color: #000000;\">08:00 \u2013 14:00 sati<\/span><\/td><\/tr><\/tbody><\/table><p><span style=\"font-family: Verdana, Geneva; color: #000000;\">Sudionici su obvezni tijekom konferencije imati na vidljivom mjestu akreditaciju, koja je potvr\u0111ena na njihovo ime.<\/span><\/p><p><span style=\"font-family: Verdana, Geneva; color: #000000;\">Sudjelovanje na konferenciji i dru\u0161tvenim doga\u0111anjima, te obrocima biti \u0107e mogu\u0107e isklju\u010divo uz predo\u010denje akreditacije, a kontrola ulaza \u0107e se vr\u0161iti putem QR kodova.<\/span><\/p>\t\t\t\t\t<\/div>\n\t\t\t\t\t\t<\/div>\n\t\t\t\t<\/div>\n\t\t\t\t\t\t<\/div>\n\t\t\t\t\t<\/div>\n\t\t<\/div>\n\t\t\t\t\t\t\t\t<\/div>\n\t\t\t\t\t<\/div>\n\t\t<\/section>\n\t\t\t\t<section class=\"elementor-section elementor-top-section elementor-element elementor-element-f0898dd elementor-section-boxed elementor-section-height-default elementor-section-height-default\" data-id=\"f0898dd\" data-element_type=\"section\">\n\t\t\t\t\t\t<div class=\"elementor-container elementor-column-gap-default\">\n\t\t\t\t\t\t\t<div class=\"elementor-row\">\n\t\t\t\t\t<div class=\"elementor-column elementor-col-100 elementor-top-column elementor-element elementor-element-86545ee\" data-id=\"86545ee\" data-element_type=\"column\">\n\t\t\t<div class=\"elementor-column-wrap elementor-element-populated\">\n\t\t\t\t\t\t\t<div class=\"elementor-widget-wrap\">\n\t\t\t\t\t\t<div class=\"elementor-element elementor-element-8182b5c elementor-widget elementor-widget-text-editor\" data-id=\"8182b5c\" data-element_type=\"widget\" data-widget_type=\"text-editor.default\">\n\t\t\t\t<div class=\"elementor-widget-container\">\n\t\t\t\t\t\t\t\t<div class=\"elementor-text-editor elementor-clearfix\">\n\t\t\t\t<p style=\"text-align: justify;\"><span style=\"color: #000000; font-family: Verdana, Geneva;\"><b>Ostale informacije<\/b><\/span><\/p><p style=\"text-align: justify;\"><span style=\"font-family: Helvetica; color: #000000;\">Konferencija \u0107e biti fotografirana i snimana. Ljubazno molimo, kontaktirajte Organizatora u slu\u010daju dodatnih poja\u0161njenja ili ako ne \u017eelite biti fotografirani i\/ili snimani.<\/span><\/p><p style=\"text-align: justify;\"><span style=\"font-family: Helvetica; color: #000000;\">\u00a0<\/span><\/p>\t\t\t\t\t<\/div>\n\t\t\t\t\t\t<\/div>\n\t\t\t\t<\/div>\n\t\t\t\t\t\t<\/div>\n\t\t\t\t\t<\/div>\n\t\t<\/div>\n\t\t\t\t\t\t\t\t<\/div>\n\t\t\t\t\t<\/div>\n\t\t<\/section>\n\t\t\t\t\t\t\t\t\t<\/div>\n\t\t\t<\/div>\n\t\t\t\t\t<\/div>\n\t\t","protected":false},"excerpt":{"rendered":"<p>OP\u0106I UVJETI REGISTRACIJA SMJE\u0160TAJ MJESTO ODR\u017dAVANJA\u00a0KONFERENCIJE Hotel Lone *****Ul. Luje Adamovi\u0107a 31, 52210, Rovinj \u00a0 DATUM ODR\u017dAVANJA KONFERENCIJE23. ...<\/p>","protected":false},"author":2,"featured_media":0,"parent":0,"menu_order":0,"comment_status":"closed","ping_status":"closed","template":"","meta":[],"_links":{"self":[{"href":"http:\/\/ifmc-zse.hr\/2019\/wp-json\/wp\/v2\/pages\/33"}],"collection":[{"href":"http:\/\/ifmc-zse.hr\/2019\/wp-json\/wp\/v2\/pages"}],"about":[{"href":"http:\/\/ifmc-zse.hr\/2019\/wp-json\/wp\/v2\/types\/page"}],"author":[{"embeddable":true,"href":"http:\/\/ifmc-zse.hr\/2019\/wp-json\/wp\/v2\/users\/2"}],"replies":[{"embeddable":true,"href":"http:\/\/ifmc-zse.hr\/2019\/wp-json\/wp\/v2\/comments?post=33"}],"version-history":[{"count":5,"href":"http:\/\/ifmc-zse.hr\/2019\/wp-json\/wp\/v2\/pages\/33\/revisions"}],"predecessor-version":[{"id":1478,"href":"http:\/\/ifmc-zse.hr\/2019\/wp-json\/wp\/v2\/pages\/33\/revisions\/1478"}],"wp:attachment":[{"href":"http:\/\/ifmc-zse.hr\/2019\/wp-json\/wp\/v2\/media?parent=33"}],"curies":[{"name":"wp","href":"https:\/\/api.w.org\/{rel}","templated":true}]}}