{"id":672,"date":"2018-08-23T14:24:17","date_gmt":"2018-08-23T14:24:17","guid":{"rendered":"http:\/\/ifmc-zse.hr\/2018\/?page_id=672"},"modified":"2018-08-23T14:45:29","modified_gmt":"2018-08-23T14:45:29","slug":"drustvena-odgovornost","status":"publish","type":"page","link":"http:\/\/ifmc-zse.hr\/2018\/drustvena-odgovornost\/","title":{"rendered":"Dru\u0161tvena odgovornost"},"content":{"rendered":"\t\t<div data-elementor-type=\"wp-post\" data-elementor-id=\"672\" class=\"elementor elementor-672 elementor-bc-flex-widget\">\n\t\t\t\t\t\t<div class=\"elementor-inner\">\n\t\t\t\t<div class=\"elementor-section-wrap\">\n\t\t\t\t\t\t\t\t\t<section class=\"elementor-section elementor-top-section elementor-element elementor-element-b549c2b elementor-section-boxed elementor-section-height-default elementor-section-height-default\" data-id=\"b549c2b\" data-element_type=\"section\">\n\t\t\t\t\t\t<div class=\"elementor-container elementor-column-gap-default\">\n\t\t\t\t\t\t\t<div class=\"elementor-row\">\n\t\t\t\t\t<div class=\"elementor-column elementor-col-100 elementor-top-column elementor-element elementor-element-26c9817\" data-id=\"26c9817\" data-element_type=\"column\">\n\t\t\t<div class=\"elementor-column-wrap elementor-element-populated\">\n\t\t\t\t\t\t\t<div class=\"elementor-widget-wrap\">\n\t\t\t\t\t\t<div class=\"elementor-element elementor-element-3603e69 elementor-widget elementor-widget-text-editor\" data-id=\"3603e69\" data-element_type=\"widget\" data-widget_type=\"text-editor.default\">\n\t\t\t\t<div class=\"elementor-widget-container\">\n\t\t\t\t\t\t\t\t<div class=\"elementor-text-editor elementor-clearfix\">\n\t\t\t\t<p>Konferencija \u2018Izazov promjene\u2019 nastoji biti dru\u0161tveno odgovorna i poduprijeti ciljeve koje smatramo va\u017enima. Jedan od njih jest i UNICEF-ova inicijativa\u00a0 za\u00a0 opremanje udomiteljskih obitelji koje djeci bez odgovaraju\u0107e obiteljske skrbi pru\u017eaju topao i bri\u017ean dom.<\/p><p>\u017divot u dje\u010djem domu, koliko god se odgajatelji trudili, ne mo\u017ee zamijeniti toplu i bri\u017enu obitelj. Odrastanje u instituciji posebno je \u0161tetno za djecu u prve tri godine \u017eivota, najva\u017enije za razvoj djeteta. Djeca koja u prvim godinama \u017eivota zaostanu za svojim vr\u0161njacima vrlo te\u0161ko to mogu kasnije nadoknaditi. Stoga je djecu do 3 godine starosti potrebno \u0161to prije smjestiti u zamjenske, udomiteljske obitelji.<\/p><p>Sudjelovanjem u humanitarnoj utrci Mlije\u010dna staza i Vi mo\u017eete pomo\u0107i ostvarenju ovog cilja.<\/p><p>09.09. &#8211; 10h, Trg kralja Tomislava, Zagreb \u2012 dje\u010dja utrka<\/p><p>09.09., 18.30h, Kvaternikov trg, Zagreb \u2013 utrka na 5.3 i 10 km<\/p><p>Prijavite se ve\u0107 danas na www.mlijecnastaza.hr\u00a0 i kotizacijom donirajte za pomo\u0107 djeci i udomiteljskim obiteljima.<\/p><p>Ne mo\u017eete prisustvovati utrci, no \u017eelite pomo\u0107i djeci i udomiteljima? Donirajte za opremanje udomiteljskih obitelji i omogu\u0107ite bolju skrb za najmla\u0111e!<\/p>\t\t\t\t\t<\/div>\n\t\t\t\t\t\t<\/div>\n\t\t\t\t<\/div>\n\t\t\t\t\t\t<\/div>\n\t\t\t\t\t<\/div>\n\t\t<\/div>\n\t\t\t\t\t\t\t\t<\/div>\n\t\t\t\t\t<\/div>\n\t\t<\/section>\n\t\t\t\t<section class=\"elementor-section elementor-top-section elementor-element elementor-element-6a57f52 elementor-section-boxed elementor-section-height-default elementor-section-height-default\" data-id=\"6a57f52\" data-element_type=\"section\">\n\t\t\t\t\t\t<div class=\"elementor-container elementor-column-gap-default\">\n\t\t\t\t\t\t\t<div class=\"elementor-row\">\n\t\t\t\t\t<div class=\"elementor-column elementor-col-100 elementor-top-column elementor-element elementor-element-b782f11\" data-id=\"b782f11\" data-element_type=\"column\">\n\t\t\t<div class=\"elementor-column-wrap elementor-element-populated\">\n\t\t\t\t\t\t\t<div class=\"elementor-widget-wrap\">\n\t\t\t\t\t\t<div class=\"elementor-element elementor-element-23e4c31 elementor-align-center elementor-widget elementor-widget-button\" data-id=\"23e4c31\" data-element_type=\"widget\" data-widget_type=\"button.default\">\n\t\t\t\t<div class=\"elementor-widget-container\">\n\t\t\t\t\t<div class=\"elementor-button-wrapper\">\n\t\t\t<a href=\"\" class=\"elementor-button-link elementor-button elementor-size-lg\" role=\"button\">\n\t\t\t\t\t\t<span class=\"elementor-button-content-wrapper\">\n\t\t\t\t\t\t<span class=\"elementor-button-text\">DONIRAJTE VE\u0106 DANAS<\/span>\n\t\t<\/span>\n\t\t\t\t\t<\/a>\n\t\t<\/div>\n\t\t\t\t<\/div>\n\t\t\t\t<\/div>\n\t\t\t\t\t\t<\/div>\n\t\t\t\t\t<\/div>\n\t\t<\/div>\n\t\t\t\t\t\t\t\t<\/div>\n\t\t\t\t\t<\/div>\n\t\t<\/section>\n\t\t\t\t\t\t\t\t\t<\/div>\n\t\t\t<\/div>\n\t\t\t\t\t<\/div>\n\t\t","protected":false},"excerpt":{"rendered":"<p>Konferencija \u2018Izazov promjene\u2019 nastoji biti dru\u0161tveno odgovorna i poduprijeti ciljeve koje smatramo va\u017enima. Jedan od njih jest i ...<\/p>","protected":false},"author":3,"featured_media":0,"parent":0,"menu_order":0,"comment_status":"closed","ping_status":"closed","template":"","meta":[],"_links":{"self":[{"href":"http:\/\/ifmc-zse.hr\/2018\/wp-json\/wp\/v2\/pages\/672"}],"collection":[{"href":"http:\/\/ifmc-zse.hr\/2018\/wp-json\/wp\/v2\/pages"}],"about":[{"href":"http:\/\/ifmc-zse.hr\/2018\/wp-json\/wp\/v2\/types\/page"}],"author":[{"embeddable":true,"href":"http:\/\/ifmc-zse.hr\/2018\/wp-json\/wp\/v2\/users\/3"}],"replies":[{"embeddable":true,"href":"http:\/\/ifmc-zse.hr\/2018\/wp-json\/wp\/v2\/comments?post=672"}],"version-history":[{"count":5,"href":"http:\/\/ifmc-zse.hr\/2018\/wp-json\/wp\/v2\/pages\/672\/revisions"}],"predecessor-version":[{"id":686,"href":"http:\/\/ifmc-zse.hr\/2018\/wp-json\/wp\/v2\/pages\/672\/revisions\/686"}],"wp:attachment":[{"href":"http:\/\/ifmc-zse.hr\/2018\/wp-json\/wp\/v2\/media?parent=672"}],"curies":[{"name":"wp","href":"https:\/\/api.w.org\/{rel}","templated":true}]}}