{"id":42,"date":"2018-05-08T13:50:06","date_gmt":"2018-05-08T13:50:06","guid":{"rendered":"http:\/\/ifmc-zse.hr\/2018\/?page_id=42"},"modified":"2019-01-02T09:10:10","modified_gmt":"2019-01-02T09:10:10","slug":"smjestaj","status":"publish","type":"page","link":"http:\/\/ifmc-zse.hr\/2018\/smjestaj\/","title":{"rendered":"SMJE\u0160TAJ"},"content":{"rendered":"\t\t<div data-elementor-type=\"wp-post\" data-elementor-id=\"42\" class=\"elementor elementor-42 elementor-bc-flex-widget\">\n\t\t\t\t\t\t<div class=\"elementor-inner\">\n\t\t\t\t<div class=\"elementor-section-wrap\">\n\t\t\t\t\t\t\t\t\t<section class=\"elementor-section elementor-top-section elementor-element elementor-element-6c40e50 elementor-section-boxed elementor-section-height-default elementor-section-height-default\" data-id=\"6c40e50\" data-element_type=\"section\">\n\t\t\t\t\t\t<div class=\"elementor-container elementor-column-gap-default\">\n\t\t\t\t\t\t\t<div class=\"elementor-row\">\n\t\t\t\t\t<div class=\"elementor-column elementor-col-100 elementor-top-column elementor-element elementor-element-251cb45\" data-id=\"251cb45\" data-element_type=\"column\">\n\t\t\t<div class=\"elementor-column-wrap elementor-element-populated\">\n\t\t\t\t\t\t\t<div class=\"elementor-widget-wrap\">\n\t\t\t\t\t\t<div class=\"elementor-element elementor-element-4b9a392 elementor-widget elementor-widget-spacer\" data-id=\"4b9a392\" data-element_type=\"widget\" data-widget_type=\"spacer.default\">\n\t\t\t\t<div class=\"elementor-widget-container\">\n\t\t\t\t\t<div class=\"elementor-spacer\">\n\t\t\t<div class=\"elementor-spacer-inner\"><\/div>\n\t\t<\/div>\n\t\t\t\t<\/div>\n\t\t\t\t<\/div>\n\t\t\t\t\t\t<\/div>\n\t\t\t\t\t<\/div>\n\t\t<\/div>\n\t\t\t\t\t\t\t\t<\/div>\n\t\t\t\t\t<\/div>\n\t\t<\/section>\n\t\t\t\t<section class=\"elementor-section elementor-top-section elementor-element elementor-element-f90b1df elementor-section-boxed elementor-section-height-default elementor-section-height-default\" data-id=\"f90b1df\" data-element_type=\"section\">\n\t\t\t\t\t\t<div class=\"elementor-container elementor-column-gap-default\">\n\t\t\t\t\t\t\t<div class=\"elementor-row\">\n\t\t\t\t\t<div class=\"elementor-column elementor-col-100 elementor-top-column elementor-element elementor-element-54af82c\" data-id=\"54af82c\" data-element_type=\"column\">\n\t\t\t<div class=\"elementor-column-wrap elementor-element-populated\">\n\t\t\t\t\t\t\t<div class=\"elementor-widget-wrap\">\n\t\t\t\t\t\t<div class=\"elementor-element elementor-element-e28c438 elementor-widget elementor-widget-text-editor\" data-id=\"e28c438\" data-element_type=\"widget\" data-widget_type=\"text-editor.default\">\n\t\t\t\t<div class=\"elementor-widget-container\">\n\t\t\t\t\t\t\t\t<div class=\"elementor-text-editor elementor-clearfix\">\n\t\t\t\t<p><span style=\"font-family: Helvetica; color: #000000; font-size: 14pt;\">Rezervacija smje\u0161taja je zatvorena.<\/span><\/p><p><span style=\"font-family: Helvetica; color: #000000; font-size: 14pt;\">Zahvaljujemo na sudjelovanju svim sudionicima!<\/span><\/p>\t\t\t\t\t<\/div>\n\t\t\t\t\t\t<\/div>\n\t\t\t\t<\/div>\n\t\t\t\t\t\t<\/div>\n\t\t\t\t\t<\/div>\n\t\t<\/div>\n\t\t\t\t\t\t\t\t<\/div>\n\t\t\t\t\t<\/div>\n\t\t<\/section>\n\t\t\t\t<section class=\"elementor-section elementor-top-section elementor-element elementor-element-caa086e elementor-section-boxed elementor-section-height-default elementor-section-height-default\" data-id=\"caa086e\" data-element_type=\"section\">\n\t\t\t\t\t\t<div class=\"elementor-container elementor-column-gap-default\">\n\t\t\t\t\t\t\t<div class=\"elementor-row\">\n\t\t\t\t\t<div class=\"elementor-column elementor-col-100 elementor-top-column elementor-element elementor-element-02fd30c\" data-id=\"02fd30c\" data-element_type=\"column\">\n\t\t\t<div class=\"elementor-column-wrap elementor-element-populated\">\n\t\t\t\t\t\t\t<div class=\"elementor-widget-wrap\">\n\t\t\t\t\t\t<div class=\"elementor-element elementor-element-bee16ae elementor-widget-divider--view-line elementor-widget elementor-widget-divider\" data-id=\"bee16ae\" data-element_type=\"widget\" data-widget_type=\"divider.default\">\n\t\t\t\t<div class=\"elementor-widget-container\">\n\t\t\t\t\t<div class=\"elementor-divider\">\n\t\t\t<span class=\"elementor-divider-separator\">\n\t\t\t\t\t\t<\/span>\n\t\t<\/div>\n\t\t\t\t<\/div>\n\t\t\t\t<\/div>\n\t\t\t\t\t\t<\/div>\n\t\t\t\t\t<\/div>\n\t\t<\/div>\n\t\t\t\t\t\t\t\t<\/div>\n\t\t\t\t\t<\/div>\n\t\t<\/section>\n\t\t\t\t<section class=\"elementor-section elementor-top-section elementor-element elementor-element-7be6172 elementor-section-boxed elementor-section-height-default elementor-section-height-default\" data-id=\"7be6172\" data-element_type=\"section\">\n\t\t\t\t\t\t<div class=\"elementor-container elementor-column-gap-default\">\n\t\t\t\t\t\t\t<div class=\"elementor-row\">\n\t\t\t\t\t<div class=\"elementor-column elementor-col-100 elementor-top-column elementor-element elementor-element-7eddacb\" data-id=\"7eddacb\" data-element_type=\"column\">\n\t\t\t<div class=\"elementor-column-wrap elementor-element-populated\">\n\t\t\t\t\t\t\t<div class=\"elementor-widget-wrap\">\n\t\t\t\t\t\t<div class=\"elementor-element elementor-element-71d6927 elementor-tabs-view-horizontal elementor-widget elementor-widget-tabs\" data-id=\"71d6927\" data-element_type=\"widget\" data-widget_type=\"tabs.default\">\n\t\t\t\t<div class=\"elementor-widget-container\">\n\t\t\t\t\t<div class=\"elementor-tabs\">\n\t\t\t<div class=\"elementor-tabs-wrapper\" role=\"tablist\" >\n\t\t\t\t\t\t\t\t\t<div id=\"elementor-tab-title-1191\" class=\"elementor-tab-title elementor-tab-desktop-title\" aria-selected=\"true\" data-tab=\"1\" role=\"tab\" tabindex=\"0\" aria-controls=\"elementor-tab-content-1191\" aria-expanded=\"false\">HOTEL LONE -  o hotelu!<\/div>\n\t\t\t\t\t\t\t\t\t<div id=\"elementor-tab-title-1192\" class=\"elementor-tab-title elementor-tab-desktop-title\" aria-selected=\"false\" data-tab=\"2\" role=\"tab\" tabindex=\"-1\" aria-controls=\"elementor-tab-content-1192\" aria-expanded=\"false\">HOTEL MONTE MULLINI - o hotelu!<\/div>\n\t\t\t\t\t\t\t\t\t<div id=\"elementor-tab-title-1193\" class=\"elementor-tab-title elementor-tab-desktop-title\" aria-selected=\"false\" data-tab=\"3\" role=\"tab\" tabindex=\"-1\" aria-controls=\"elementor-tab-content-1193\" aria-expanded=\"false\">HOTEL EDEN - o hotelu!<\/div>\n\t\t\t\t\t\t\t<\/div>\n\t\t\t<div class=\"elementor-tabs-content-wrapper\" role=\"tablist\" aria-orientation=\"vertical\">\n\t\t\t\t\t\t\t\t\t<div class=\"elementor-tab-title elementor-tab-mobile-title\" aria-selected=\"true\" data-tab=\"1\" role=\"tab\" tabindex=\"0\" aria-controls=\"elementor-tab-content-1191\" aria-expanded=\"false\">HOTEL LONE -  o hotelu!<\/div>\n\t\t\t\t\t<div id=\"elementor-tab-content-1191\" class=\"elementor-tab-content elementor-clearfix\" data-tab=\"1\" role=\"tabpanel\" aria-labelledby=\"elementor-tab-title-1191\" tabindex=\"0\" hidden=\"false\"><p style=\"text-align: justify;\"><span style=\"font-family: Helvetica; font-size: 12pt; color: #000000;\"><strong>Adresa:<\/strong>\u00a0Ul. Luje Adamovi\u0107a 31, 52210, Rovinj<\/span><br \/><span style=\"font-family: Helvetica; font-size: 12pt; color: #000000;\"> <strong>Telefon:<\/strong>+385\u00a052 800 250<\/span><br \/><span style=\"font-family: Helvetica; font-size: 12pt; color: #000000;\"> <strong>Check-in:<\/strong>\u00a015:00 sati<\/span><br \/><span style=\"font-family: Helvetica; font-size: 12pt; color: #000000;\"> <strong>Check-out:<\/strong>\u00a011:00 sati<\/span><\/p><p style=\"text-align: justify;\"><span style=\"font-family: Helvetica; font-size: 12pt; color: #000000;\">Vje\u0161to sakriven u zelenom srcu Rovinja, Hotel Lone veli\u010danstven je primjer po\u0161tovanja prirodnog krajolika. Obgrljen \u0161umom i okrenut moru, doima se poput luksuzna broda koji je pa\u017eljivo pristao u okru\u017eenje, ni\u010dim ne naru\u0161iv\u0161i zate\u010deni sklad prirode. Jednostavnost, minimalizam, \u010dista elegancija \u2013 prve su asocijacije koje dolaze u valovima pri svakom pogledu na ovo savr\u0161eno zdanje. Iznimna udobnost i visoko personalizirana usluga njegove su osnovne karakteristike, a od sadr\u017eaja se izdvaja najbolje opremljen kongresni centar u regiji.<\/span><\/p><p style=\"text-align: justify;\"><span style=\"font-family: Helvetica; font-size: 12pt; color: #000000;\"><strong>PARKING<\/strong><\/span><\/p><p style=\"text-align: ljustify;\"><span style=\"font-family: Helvetica; font-size: 12pt; color: #000000;\">Parkirali\u0161te je\u00a0dostupno u blizini\u00a0objekta i nije potrebna rezervacija.<\/span><br \/><span style=\"font-family: Helvetica; font-size: 12pt; color: #000000;\"> Parking u gara\u017ei se napla\u0107uje na recepciji hotela<strong>.<\/strong><\/span><\/p><\/div>\n\t\t\t\t\t\t\t\t\t<div class=\"elementor-tab-title elementor-tab-mobile-title\" aria-selected=\"false\" data-tab=\"2\" role=\"tab\" tabindex=\"-1\" aria-controls=\"elementor-tab-content-1192\" aria-expanded=\"false\">HOTEL MONTE MULLINI - o hotelu!<\/div>\n\t\t\t\t\t<div id=\"elementor-tab-content-1192\" class=\"elementor-tab-content elementor-clearfix\" data-tab=\"2\" role=\"tabpanel\" aria-labelledby=\"elementor-tab-title-1192\" tabindex=\"0\" hidden=\"hidden\"><p style=\"text-align: justify;\"><span style=\"font-family: Helvetica; font-size: 12pt; color: #000000;\"><strong>Adresa:<\/strong> A. Smareglia 3, 52210, Rovinj<\/span><br \/><span style=\"font-family: Helvetica; font-size: 12pt; color: #000000;\"> <strong>Telefon:<\/strong>+385\u00a052 800 215<\/span><br \/><span style=\"font-family: Helvetica; font-size: 12pt; color: #000000;\"> <strong>Check-in:<\/strong>\u00a015:00 sati<\/span><br \/><span style=\"font-family: Helvetica; font-size: 12pt; color: #000000;\"> <strong>Check-out:<\/strong>\u00a011:00 sati<\/span><\/p><div id=\"summary\" class=\"\" data-et-mouseenter=\"customGoal:BUeeZdbaBOdUfTXNVO:1 customGoal:BUeePYUQdLPSKPGeeUZC:1\" data-et-click=\"customGoal:BUeeZdbaBOdUfTXNVO:2 customGoal:BUeePYUQdLPSKPGeeUZC:2\"><p style=\"text-align: justify;\"><span style=\"font-family: Helvetica; font-size: 12pt; color: #000000;\">Hotel se nalazi 300m od hotela Lone, a u slu\u010daju rezervacije smje\u0161taja u hotelu Monte Mulini imajte na umu da je doru\u010dak serviran u samom hotelu, a svi ostali obroci objavljeni u slu\u017ebenom programu konferencije odr\u017eavaju se u hotelu Lone.<\/span><\/p><\/div><p style=\"text-align: justify;\"><span style=\"font-family: Helvetica; font-size: 12pt; color: #000000;\"><strong>PARKING<\/strong><\/span><\/p><p style=\"text-align: ljustify;\"><span style=\"font-family: Helvetica; font-size: 12pt; color: #000000;\">Parkirali\u0161te je\u00a0dostupno u blizini\u00a0objekta i nije potrebna rezervacija.<\/span><\/p><p style=\"text-align: justify;\">\u00a0<\/p><\/div>\n\t\t\t\t\t\t\t\t\t<div class=\"elementor-tab-title elementor-tab-mobile-title\" aria-selected=\"false\" data-tab=\"3\" role=\"tab\" tabindex=\"-1\" aria-controls=\"elementor-tab-content-1193\" aria-expanded=\"false\">HOTEL EDEN - o hotelu!<\/div>\n\t\t\t\t\t<div id=\"elementor-tab-content-1193\" class=\"elementor-tab-content elementor-clearfix\" data-tab=\"3\" role=\"tabpanel\" aria-labelledby=\"elementor-tab-title-1193\" tabindex=\"0\" hidden=\"hidden\"><p style=\"text-align: justify;\"><span style=\"font-family: Helvetica; font-size: 12pt; color: #000000;\"><strong>Adresa:<\/strong> Ul. Luje Adamovi\u0107a 33, 52210, Rovinj<\/span><br \/><span style=\"font-family: Helvetica; font-size: 12pt; color: #000000;\"> <strong>Telefon:<\/strong>+385\u00a052 800 250<\/span><br \/><span style=\"font-family: Helvetica; font-size: 12pt; color: #000000;\"> <strong>Check-in:<\/strong>\u00a015:00 sati<\/span><br \/><span style=\"font-family: Helvetica; font-size: 12pt; color: #000000;\"> <strong>Check-out:<\/strong>\u00a011:00 sati<\/span><\/p><div id=\"summary\" class=\"\" data-et-mouseenter=\"customGoal:BUeeZdbaBOdUfTXNVO:1 customGoal:BUeePYUQdLPSKPGeeUZC:1\" data-et-click=\"customGoal:BUeeZdbaBOdUfTXNVO:2 customGoal:BUeePYUQdLPSKPGeeUZC:2\"><p style=\"text-align: justify;\"><span style=\"font-family: Helvetica; color: #000000;\">Smje\u0161ten u hladu stoljetnih borova, hotel Eden nudi rasko\u0161ne elegantne sobe s pogledom na mirnu uvalu udaljenu samo nekoliko minuta hoda od stare gradske jezgre Rovinja.<\/span><\/p><p style=\"text-align: justify;\"><span style=\"font-family: Helvetica; color: #000000;\">Hotel se nalazi 50m od hotela Lone, a u slu\u010daju rezervacije smje\u0161taja u hotelu Eden imajte na umu da je doru\u010dak serviran u samom hotelu, a svi ostali obroci objavljeni u slu\u017ebenom programu konferencije odr\u017eavaju se u hotelu Lone.<\/span><\/p><\/div><p style=\"text-align: justify;\"><span style=\"font-family: Helvetica; font-size: 12pt; color: #000000;\"><strong>PARKING<\/strong><\/span><\/p><p style=\"text-align: ljustify;\"><span style=\"font-family: Helvetica; font-size: 12pt; color: #000000;\">Parkirali\u0161te je\u00a0dostupno u blizini\u00a0objekta i nije potrebna rezervacija.<\/span><\/p><p style=\"text-align: justify;\">\u00a0<\/p><\/div>\n\t\t\t\t\t\t\t<\/div>\n\t\t<\/div>\n\t\t\t\t<\/div>\n\t\t\t\t<\/div>\n\t\t\t\t\t\t<\/div>\n\t\t\t\t\t<\/div>\n\t\t<\/div>\n\t\t\t\t\t\t\t\t<\/div>\n\t\t\t\t\t<\/div>\n\t\t<\/section>\n\t\t\t\t\t\t\t\t\t<\/div>\n\t\t\t<\/div>\n\t\t\t\t\t<\/div>\n\t\t","protected":false},"excerpt":{"rendered":"<p>Rezervacija smje\u0161taja je zatvorena. Zahvaljujemo na sudjelovanju svim sudionicima! HOTEL LONE &#8211; o hotelu! HOTEL MONTE MULLINI &#8211; ...<\/p>","protected":false},"author":2,"featured_media":0,"parent":0,"menu_order":0,"comment_status":"closed","ping_status":"closed","template":"","meta":[],"_links":{"self":[{"href":"http:\/\/ifmc-zse.hr\/2018\/wp-json\/wp\/v2\/pages\/42"}],"collection":[{"href":"http:\/\/ifmc-zse.hr\/2018\/wp-json\/wp\/v2\/pages"}],"about":[{"href":"http:\/\/ifmc-zse.hr\/2018\/wp-json\/wp\/v2\/types\/page"}],"author":[{"embeddable":true,"href":"http:\/\/ifmc-zse.hr\/2018\/wp-json\/wp\/v2\/users\/2"}],"replies":[{"embeddable":true,"href":"http:\/\/ifmc-zse.hr\/2018\/wp-json\/wp\/v2\/comments?post=42"}],"version-history":[{"count":5,"href":"http:\/\/ifmc-zse.hr\/2018\/wp-json\/wp\/v2\/pages\/42\/revisions"}],"predecessor-version":[{"id":1227,"href":"http:\/\/ifmc-zse.hr\/2018\/wp-json\/wp\/v2\/pages\/42\/revisions\/1227"}],"wp:attachment":[{"href":"http:\/\/ifmc-zse.hr\/2018\/wp-json\/wp\/v2\/media?parent=42"}],"curies":[{"name":"wp","href":"https:\/\/api.w.org\/{rel}","templated":true}]}}