{"id":40,"date":"2018-05-08T13:49:59","date_gmt":"2018-05-08T13:49:59","guid":{"rendered":"http:\/\/ifmc-zse.hr\/2018\/?page_id=40"},"modified":"2019-01-02T09:09:20","modified_gmt":"2019-01-02T09:09:20","slug":"registracija","status":"publish","type":"page","link":"http:\/\/ifmc-zse.hr\/2018\/registracija\/","title":{"rendered":"REGISTRACIJA"},"content":{"rendered":"\t\t<div data-elementor-type=\"wp-page\" data-elementor-id=\"40\" class=\"elementor elementor-40 elementor-bc-flex-widget\">\n\t\t\t\t\t\t<div class=\"elementor-inner\">\n\t\t\t\t<div class=\"elementor-section-wrap\">\n\t\t\t\t\t\t\t\t\t<section class=\"elementor-section elementor-top-section elementor-element elementor-element-3efcf6d3 elementor-section-boxed elementor-section-height-default elementor-section-height-default\" data-id=\"3efcf6d3\" data-element_type=\"section\">\n\t\t\t\t\t\t<div class=\"elementor-container elementor-column-gap-default\">\n\t\t\t\t\t\t\t<div class=\"elementor-row\">\n\t\t\t\t\t<div class=\"elementor-column elementor-col-100 elementor-top-column elementor-element elementor-element-242ac674\" data-id=\"242ac674\" data-element_type=\"column\">\n\t\t\t<div class=\"elementor-column-wrap elementor-element-populated\">\n\t\t\t\t\t\t\t<div class=\"elementor-widget-wrap\">\n\t\t\t\t\t\t<div class=\"elementor-element elementor-element-6137a3dd elementor-widget elementor-widget-text-editor\" data-id=\"6137a3dd\" data-element_type=\"widget\" data-widget_type=\"text-editor.default\">\n\t\t\t\t<div class=\"elementor-widget-container\">\n\t\t\t\t\t\t\t\t<div class=\"elementor-text-editor elementor-clearfix\">\n\t\t\t\t<p style=\"text-align: justify;\"><span style=\"font-family: Helvetica; color: #000000; font-size: 14pt;\">Prijave\u00a0na konferenciju su\u00a0zatvorene.<\/span><\/p>\t\t\t\t\t<\/div>\n\t\t\t\t\t\t<\/div>\n\t\t\t\t<\/div>\n\t\t\t\t\t\t<\/div>\n\t\t\t\t\t<\/div>\n\t\t<\/div>\n\t\t\t\t\t\t\t\t<\/div>\n\t\t\t\t\t<\/div>\n\t\t<\/section>\n\t\t\t\t<section class=\"elementor-section elementor-top-section elementor-element elementor-element-3e1373a elementor-section-boxed elementor-section-height-default elementor-section-height-default\" data-id=\"3e1373a\" data-element_type=\"section\">\n\t\t\t\t\t\t<div class=\"elementor-container elementor-column-gap-default\">\n\t\t\t\t\t\t\t<div class=\"elementor-row\">\n\t\t\t\t\t<div class=\"elementor-column elementor-col-100 elementor-top-column elementor-element elementor-element-1e1f2bb\" data-id=\"1e1f2bb\" data-element_type=\"column\">\n\t\t\t<div class=\"elementor-column-wrap elementor-element-populated\">\n\t\t\t\t\t\t\t<div class=\"elementor-widget-wrap\">\n\t\t\t\t\t\t<div class=\"elementor-element elementor-element-04b3623 elementor-widget elementor-widget-text-editor\" data-id=\"04b3623\" data-element_type=\"widget\" data-widget_type=\"text-editor.default\">\n\t\t\t\t<div class=\"elementor-widget-container\">\n\t\t\t\t\t\t\t\t<div class=\"elementor-text-editor elementor-clearfix\">\n\t\t\t\t<p style=\"text-align: left;\"><span style=\"font-family: Helvetica; font-size: 12pt; color: #dc5049;\"><strong>KOTIZACIJA ZA SUDIONIKE\u00a0<\/strong><\/span><\/p><ul style=\"text-align: justify;\"><li><span style=\"font-family: Helvetica; font-size: 12pt; color: #000000;\">Kotizacija uklju\u010duje konferencijski materijal, sve obroke te sva doga\u0111anja prema programu Konferencije<\/span><\/li><li><span style=\"font-family: Helvetica; font-size: 12pt; color: #000000;\">Kotizacija uklju\u010duje sudjelovanje za PPD predavanje, uz obaveznu prijavu na event tijekom online registracije<\/span><\/li><li><span style=\"font-family: Helvetica; font-size: 12pt; color: #000000;\">Kotizacija uklju\u010duje PDV<\/span><\/li><li><span style=\"font-family: Helvetica; font-size: 12pt; color: #000000;\">Kotizacija ne uklju\u010duje tro\u0161kove smje\u0161taja u hotelu niti putne tro\u0161kove.<\/span><\/li><\/ul><p style=\"text-align: justify;\"><span style=\"font-family: Helvetica; font-size: 12pt; color: #dc5049;\"><strong>KOTIZACIJA ZA\u00a0OSOBE U PRATNJI*<\/strong><\/span><\/p><p style=\"text-align: justify;\"><span style=\"font-family: Helvetica; font-size: 12pt; color: #000000;\">Osoba u pratnji mo\u017ee biti supru\u017enik, prijatelj ili dijete sudionika. Osoba u pratnji mora biti starija od 18 godina. Osoba u pratnji <strong>ne smije biti zaposlenik iste tvrtke kao i sudionik<\/strong>, ili zaposlenik dru\u0161tva\/organizacije\/institucije \u010dija je djelatnost i poslovne aktivnosti djelomice ili u potpunosti povezane s programskim sadr\u017eajem Konferencije, kao niti student programa fakulteta i\/ili visokog u\u010dili\u0161ta koji je povezan s programskim sadr\u017eajem Konferencije. Kotizacija za osobu u pratnji ne\u00a0uklju\u010duje pristup na predavanja niti konferencijske materijale.<\/span><\/p><ul style=\"text-align: justify;\"><li><span style=\"font-family: Helvetica; font-size: 12pt; color: #000000;\">Kotizacija uklju\u010duje sve obroke te sva dru\u0161tvena doga\u0111anja prema programu Konferencije<\/span><\/li><li><span style=\"font-family: Helvetica; font-size: 12pt; color: #000000;\">Kotizacija uklju\u010duje PDV<\/span><\/li><li><span style=\"font-family: Helvetica; font-size: 12pt; color: #000000;\">Kotizacija ne uklju\u010duje tro\u0161kove smje\u0161taja u hotelu niti putne tro\u0161kove<\/span><\/li><li><span style=\"font-family: Helvetica; font-size: 12pt; color: #000000;\">Kotizacija <strong>NE uklju\u010duje<\/strong>\u00a0konferencijski materijal i sudjelovanje\u00a0na predavanjima<\/span><\/li><\/ul><p style=\"text-align: justify;\"><span style=\"font-family: Helvetica; font-size: 12pt; color: #dc5049;\"><strong>VA\u017dNO<\/strong><\/span><\/p><ol style=\"text-align: justify;\"><li><span style=\"font-family: Helvetica; font-size: 12pt; color: #000000;\">Nakon prijave u sustav na izbor \u0107ete imati pojedina\u010dnu ili grupnu registraciju.<\/span><\/li><li><span style=\"font-family: Helvetica; font-size: 12pt; color: #000000;\">Ukoliko ste registraciju ve\u0107 izvr\u0161ili, a potreban Vam je pristup dokumentima ili izmjene same prijave molimo Vas da pristupite svom korisni\u010dkom ra\u010dunu prema uputama dobivenim prilikom registracije u Penta sustav.<\/span><\/li><\/ol><p style=\"text-align: left;\"><span style=\"font-family: Helvetica; font-size: 12pt;\"><strong><span style=\"color: #dc5049;\"><u><a style=\"color: #dc5049;\" href=\"http:\/\/ifmc-zse.hr\/2018\/opci-uvjeti\/\">OP\u0106I UVJETI <\/a><\/u><\/span><\/strong><span style=\"color: #dc5049;\"><u><a style=\"color: #dc5049;\" href=\"http:\/\/ifmc-zse.hr\/2018\/opci-uvjeti\/\">konferencije dostupni su u linku<\/a>.<\/u><\/span><\/span><\/p>\t\t\t\t\t<\/div>\n\t\t\t\t\t\t<\/div>\n\t\t\t\t<\/div>\n\t\t\t\t\t\t<\/div>\n\t\t\t\t\t<\/div>\n\t\t<\/div>\n\t\t\t\t\t\t\t\t<\/div>\n\t\t\t\t\t<\/div>\n\t\t<\/section>\n\t\t\t\t\t\t\t\t\t<\/div>\n\t\t\t<\/div>\n\t\t\t\t\t<\/div>\n\t\t","protected":false},"excerpt":{"rendered":"<p>Prijave\u00a0na konferenciju su\u00a0zatvorene. KOTIZACIJA ZA SUDIONIKE\u00a0 Kotizacija uklju\u010duje konferencijski materijal, sve obroke te sva doga\u0111anja prema programu Konferencije ...<\/p>","protected":false},"author":2,"featured_media":0,"parent":0,"menu_order":0,"comment_status":"closed","ping_status":"closed","template":"","meta":[],"_links":{"self":[{"href":"http:\/\/ifmc-zse.hr\/2018\/wp-json\/wp\/v2\/pages\/40"}],"collection":[{"href":"http:\/\/ifmc-zse.hr\/2018\/wp-json\/wp\/v2\/pages"}],"about":[{"href":"http:\/\/ifmc-zse.hr\/2018\/wp-json\/wp\/v2\/types\/page"}],"author":[{"embeddable":true,"href":"http:\/\/ifmc-zse.hr\/2018\/wp-json\/wp\/v2\/users\/2"}],"replies":[{"embeddable":true,"href":"http:\/\/ifmc-zse.hr\/2018\/wp-json\/wp\/v2\/comments?post=40"}],"version-history":[{"count":5,"href":"http:\/\/ifmc-zse.hr\/2018\/wp-json\/wp\/v2\/pages\/40\/revisions"}],"predecessor-version":[{"id":1229,"href":"http:\/\/ifmc-zse.hr\/2018\/wp-json\/wp\/v2\/pages\/40\/revisions\/1229"}],"wp:attachment":[{"href":"http:\/\/ifmc-zse.hr\/2018\/wp-json\/wp\/v2\/media?parent=40"}],"curies":[{"name":"wp","href":"https:\/\/api.w.org\/{rel}","templated":true}]}}