{"id":36,"date":"2018-05-08T13:49:32","date_gmt":"2018-05-08T13:49:32","guid":{"rendered":"http:\/\/ifmc-zse.hr\/2018\/?page_id=36"},"modified":"2018-06-13T16:06:59","modified_gmt":"2018-06-13T16:06:59","slug":"lokacija","status":"publish","type":"page","link":"http:\/\/ifmc-zse.hr\/2018\/lokacija\/","title":{"rendered":"LOKACIJA"},"content":{"rendered":"\t\t<div data-elementor-type=\"wp-post\" data-elementor-id=\"36\" class=\"elementor elementor-36 elementor-bc-flex-widget\">\n\t\t\t\t\t\t<div class=\"elementor-inner\">\n\t\t\t\t<div class=\"elementor-section-wrap\">\n\t\t\t\t\t\t\t\t\t<section class=\"elementor-section elementor-top-section elementor-element elementor-element-fcf513b elementor-section-boxed elementor-section-height-default elementor-section-height-default\" data-id=\"fcf513b\" data-element_type=\"section\">\n\t\t\t\t\t\t<div class=\"elementor-container elementor-column-gap-default\">\n\t\t\t\t\t\t\t<div class=\"elementor-row\">\n\t\t\t\t\t<div class=\"elementor-column elementor-col-100 elementor-top-column elementor-element elementor-element-19906b4\" data-id=\"19906b4\" data-element_type=\"column\">\n\t\t\t<div class=\"elementor-column-wrap elementor-element-populated\">\n\t\t\t\t\t\t\t<div class=\"elementor-widget-wrap\">\n\t\t\t\t\t\t<div class=\"elementor-element elementor-element-c2aeaf3 elementor-widget elementor-widget-text-editor\" data-id=\"c2aeaf3\" data-element_type=\"widget\" data-widget_type=\"text-editor.default\">\n\t\t\t\t<div class=\"elementor-widget-container\">\n\t\t\t\t\t\t\t\t<div class=\"elementor-text-editor elementor-clearfix\">\n\t\t\t\t<p style=\"text-align: justify;\"><span style=\"font-weight: bolder; font-family: Helvetica; color: #000000;\">DESIGN HOTEL LONE<\/span><\/p><p style=\"text-align: justify;\"><span style=\"font-family: Helvetica; font-size: 12pt; color: #000000;\"><span class=\"w8qArf\">Adresa:\u00a0<\/span><span class=\"LrzXr\">Ul. Luje Adamovi\u0107a 31, 52210, Rovinj<br \/><\/span><\/span><span class=\"w8qArf\" style=\"color: #000000; font-family: Helvetica; font-size: 12pt;\">Kontakt:\u00a0<\/span><span class=\"LrzXr zdqRlf kno-fv\" style=\"color: #000000; font-family: Helvetica; font-size: 12pt;\">052 800 250<\/span><\/p><p><span style=\"font-family: Helvetica; color: #000000;\">Vje\u0161to sakriven u zelenom srcu Rovinja, Hotel Lone veli\u010danstven je primjer po\u0161tovanja prirodnog krajolika. Obgrljen \u0161umom i okrenut moru, doima se poput luksuzna broda koji je pa\u017eljivo pristao u okru\u017eenje, ni\u010dim ne naru\u0161iv\u0161i zate\u010deni sklad prirode. Jednostavnost, minimalizam, \u010dista elegancija \u2013 prve su asocijacije koje dolaze u valovima pri svakom pogledu na ovo savr\u0161eno zdanje. Iznimna udobnost i visoko personalizirana usluga njegove su osnovne karakteristike, a od sadr\u017eaja se izdvaja najbolje opremljen kongresni centar u regiji.<\/span><\/p><p><span style=\"font-family: Helvetica; color: #000000;\"><span style=\"font-weight: bolder;\">WEB STRANICA:<\/span>\u00a0<a style=\"color: #000000;\" href=\"https:\/\/www.maistra.com\/hotel-lone-rovinj\">https:\/\/www.maistra.com\/hotel-lone-rovinj<\/a><\/span><\/p>\t\t\t\t\t<\/div>\n\t\t\t\t\t\t<\/div>\n\t\t\t\t<\/div>\n\t\t\t\t\t\t<\/div>\n\t\t\t\t\t<\/div>\n\t\t<\/div>\n\t\t\t\t\t\t\t\t<\/div>\n\t\t\t\t\t<\/div>\n\t\t<\/section>\n\t\t\t\t<section class=\"elementor-section elementor-top-section elementor-element elementor-element-b87eb7c elementor-section-boxed elementor-section-height-default elementor-section-height-default\" data-id=\"b87eb7c\" data-element_type=\"section\">\n\t\t\t\t\t\t<div class=\"elementor-container elementor-column-gap-default\">\n\t\t\t\t\t\t\t<div class=\"elementor-row\">\n\t\t\t\t\t<div class=\"elementor-column elementor-col-100 elementor-top-column elementor-element elementor-element-f2be717\" data-id=\"f2be717\" data-element_type=\"column\">\n\t\t\t<div class=\"elementor-column-wrap elementor-element-populated\">\n\t\t\t\t\t\t\t<div class=\"elementor-widget-wrap\">\n\t\t\t\t\t\t<div class=\"elementor-element elementor-element-2a5c43c elementor-widget elementor-widget-image\" data-id=\"2a5c43c\" data-element_type=\"widget\" data-widget_type=\"image.default\">\n\t\t\t\t<div class=\"elementor-widget-container\">\n\t\t\t\t\t\t\t\t<div class=\"elementor-image\">\n\t\t\t\t\t\t\t\t\t\t\t\t<img decoding=\"async\" width=\"640\" height=\"360\" src=\"http:\/\/ifmc-zse.hr\/2018\/wp-content\/uploads\/2018\/06\/Lone_1.jpeg\" class=\"attachment-large size-large wp-image-388\" alt=\"\" loading=\"lazy\" srcset=\"http:\/\/ifmc-zse.hr\/2018\/wp-content\/uploads\/2018\/06\/Lone_1.jpeg 728w, http:\/\/ifmc-zse.hr\/2018\/wp-content\/uploads\/2018\/06\/Lone_1-300x169.jpeg 300w\" sizes=\"(max-width: 640px) 100vw, 640px\" \/>\t\t\t\t\t\t\t\t\t\t\t\t\t\t<\/div>\n\t\t\t\t\t\t<\/div>\n\t\t\t\t<\/div>\n\t\t\t\t\t\t<\/div>\n\t\t\t\t\t<\/div>\n\t\t<\/div>\n\t\t\t\t\t\t\t\t<\/div>\n\t\t\t\t\t<\/div>\n\t\t<\/section>\n\t\t\t\t<section class=\"elementor-section elementor-top-section elementor-element elementor-element-971ff32 elementor-section-boxed elementor-section-height-default elementor-section-height-default\" data-id=\"971ff32\" data-element_type=\"section\">\n\t\t\t\t\t\t<div class=\"elementor-container elementor-column-gap-default\">\n\t\t\t\t\t\t\t<div class=\"elementor-row\">\n\t\t\t\t\t<div class=\"elementor-column elementor-col-100 elementor-top-column elementor-element elementor-element-a2d0ac5\" data-id=\"a2d0ac5\" data-element_type=\"column\">\n\t\t\t<div class=\"elementor-column-wrap elementor-element-populated\">\n\t\t\t\t\t\t\t<div class=\"elementor-widget-wrap\">\n\t\t\t\t\t\t<div class=\"elementor-element elementor-element-d6fdac8 elementor-widget elementor-widget-text-editor\" data-id=\"d6fdac8\" data-element_type=\"widget\" data-widget_type=\"text-editor.default\">\n\t\t\t\t<div class=\"elementor-widget-container\">\n\t\t\t\t\t\t\t\t<div class=\"elementor-text-editor elementor-clearfix\">\n\t\t\t\t<p><span style=\"font-weight: bolder; color: #000000; font-family: Helvetica; margin: 0px; padding: 0px; border: 0px; vertical-align: baseline;\">USLUGE I SADR\u017dAJI<\/span><\/p>\t\t\t\t\t<\/div>\n\t\t\t\t\t\t<\/div>\n\t\t\t\t<\/div>\n\t\t\t\t\t\t<\/div>\n\t\t\t\t\t<\/div>\n\t\t<\/div>\n\t\t\t\t\t\t\t\t<\/div>\n\t\t\t\t\t<\/div>\n\t\t<\/section>\n\t\t\t\t<section class=\"elementor-section elementor-top-section elementor-element elementor-element-622ec21 elementor-section-boxed elementor-section-height-default elementor-section-height-default\" data-id=\"622ec21\" data-element_type=\"section\">\n\t\t\t\t\t\t<div class=\"elementor-container elementor-column-gap-default\">\n\t\t\t\t\t\t\t<div class=\"elementor-row\">\n\t\t\t\t\t<div class=\"elementor-column elementor-col-50 elementor-top-column elementor-element elementor-element-c0db801\" data-id=\"c0db801\" data-element_type=\"column\">\n\t\t\t<div class=\"elementor-column-wrap elementor-element-populated\">\n\t\t\t\t\t\t\t<div class=\"elementor-widget-wrap\">\n\t\t\t\t\t\t<div class=\"elementor-element elementor-element-8a43df8 elementor-widget elementor-widget-text-editor\" data-id=\"8a43df8\" data-element_type=\"widget\" data-widget_type=\"text-editor.default\">\n\t\t\t\t<div class=\"elementor-widget-container\">\n\t\t\t\t\t\t\t\t<div class=\"elementor-text-editor elementor-clearfix\">\n\t\t\t\t<div style=\"margin: 0px; padding: 0px; border: 0px; vertical-align: baseline; color: #444444; font-family: Helvetica, Arial, sans-serif;\"><div style=\"margin: 0px; padding: 0px; border: 0px; vertical-align: baseline;\"><div style=\"margin: 0px; padding: 0px; border: 0px; vertical-align: baseline;\"><ul style=\"margin-bottom: 24px; padding-left: 0px; border: 0px; vertical-align: baseline; list-style: square outside; line-height: 1.71429;\"><li style=\"margin-left: 36px; border: 0px; vertical-align: baseline;\"><span style=\"font-family: Helvetica; font-size: 12pt; color: #000000;\">Free Wi-Fi<\/span><\/li><li style=\"margin-left: 36px; border: 0px; vertical-align: baseline;\"><span style=\"font-family: Helvetica; font-size: 12pt; color: #000000;\">Restoran i bar<\/span><\/li><li style=\"margin-left: 36px; border: 0px; vertical-align: baseline;\"><span style=\"font-family: Helvetica; font-size: 12pt; color: #000000;\">Poslovni centar i dvorane za sastanke<\/span><\/li><li style=\"margin-left: 36px; border: 0px; vertical-align: baseline;\"><span style=\"font-family: Helvetica; font-size: 12pt; color: #000000;\">Wellness &amp; Spa<\/span><\/li><li style=\"margin-left: 36px; border: 0px; vertical-align: baseline;\"><span style=\"font-family: Helvetica; font-size: 12pt; color: #000000;\">Dizalo<\/span><\/li><li style=\"margin-left: 36px; border: 0px; vertical-align: baseline;\"><span style=\"font-family: Helvetica; font-size: 12pt; color: #000000;\">Pristup osobama u invalidskim kolicima<\/span><\/li><li style=\"margin-left: 36px; border: 0px; vertical-align: baseline;\"><span style=\"font-family: Helvetica; font-size: 12pt; color: #000000;\">Besplatan parking<\/span><\/li><li style=\"margin-left: 36px; border: 0px; vertical-align: baseline;\"><span style=\"font-family: Helvetica; font-size: 12pt; color: #000000;\">Pla\u017ea i bazen<\/span><\/li><\/ul><\/div><\/div><\/div>\t\t\t\t\t<\/div>\n\t\t\t\t\t\t<\/div>\n\t\t\t\t<\/div>\n\t\t\t\t\t\t<\/div>\n\t\t\t\t\t<\/div>\n\t\t<\/div>\n\t\t\t\t<div class=\"elementor-column elementor-col-50 elementor-top-column elementor-element elementor-element-4fe02ca\" data-id=\"4fe02ca\" data-element_type=\"column\">\n\t\t\t<div class=\"elementor-column-wrap elementor-element-populated\">\n\t\t\t\t\t\t\t<div class=\"elementor-widget-wrap\">\n\t\t\t\t\t\t<div class=\"elementor-element elementor-element-761d855 elementor-widget elementor-widget-text-editor\" data-id=\"761d855\" data-element_type=\"widget\" data-widget_type=\"text-editor.default\">\n\t\t\t\t<div class=\"elementor-widget-container\">\n\t\t\t\t\t\t\t\t<div class=\"elementor-text-editor elementor-clearfix\">\n\t\t\t\t<ul style=\"margin-bottom: 24px; padding-left: 0px; line-height: 1.71429; color: #444444; font-family: Helvetica, Arial, sans-serif; border: 0px; vertical-align: baseline; list-style: square outside;\"><li style=\"margin-left: 36px; border: 0px; vertical-align: baseline;\"><span style=\"font-size: 12pt; color: #000000;\">Sportski objekti<\/span><\/li><li style=\"margin-left: 36px; border: 0px; vertical-align: baseline;\"><span style=\"font-size: 12pt; color: #000000;\">Pet Friendly Hotel<\/span><\/li><li style=\"margin-left: 36px; border: 0px; vertical-align: baseline;\"><span style=\"font-size: 12pt; color: #000000;\">Concierge usluga<\/span><\/li><li style=\"margin-left: 36px; border: 0px; vertical-align: baseline;\"><span style=\"font-size: 12pt; color: #000000;\">Posluga u sobu 0-24<\/span><\/li><li style=\"margin-left: 36px; border: 0px; vertical-align: baseline;\"><span style=\"font-size: 12pt; color: #000000;\">Sve smje\u0161tajne jedinice imaju terasu<\/span><\/li><li style=\"margin-left: 36px; border: 0px; vertical-align: baseline;\"><span style=\"font-size: 12pt; color: #000000;\">Design Hotel<\/span><\/li><li style=\"margin-left: 36px; border: 0px; vertical-align: baseline;\"><span style=\"font-size: 12pt; color: #000000;\">A la carte restoran \u201cL\u201d<\/span><\/li><li style=\"margin-left: 36px; border: 0px; vertical-align: baseline;\"><span style=\"font-size: 12pt; color: #000000;\">Klima u svakoj smje\u0161tajnoj jedinici<\/span><\/li><\/ul>\t\t\t\t\t<\/div>\n\t\t\t\t\t\t<\/div>\n\t\t\t\t<\/div>\n\t\t\t\t\t\t<\/div>\n\t\t\t\t\t<\/div>\n\t\t<\/div>\n\t\t\t\t\t\t\t\t<\/div>\n\t\t\t\t\t<\/div>\n\t\t<\/section>\n\t\t\t\t<section class=\"elementor-section elementor-top-section elementor-element elementor-element-77e8e57 elementor-section-boxed elementor-section-height-default elementor-section-height-default\" data-id=\"77e8e57\" data-element_type=\"section\">\n\t\t\t\t\t\t<div class=\"elementor-container elementor-column-gap-default\">\n\t\t\t\t\t\t\t<div class=\"elementor-row\">\n\t\t\t\t\t<div class=\"elementor-column elementor-col-50 elementor-top-column elementor-element elementor-element-1b46be5\" data-id=\"1b46be5\" data-element_type=\"column\">\n\t\t\t<div class=\"elementor-column-wrap elementor-element-populated\">\n\t\t\t\t\t\t\t<div class=\"elementor-widget-wrap\">\n\t\t\t\t\t\t<div class=\"elementor-element elementor-element-1eda730 elementor-widget elementor-widget-image\" data-id=\"1eda730\" data-element_type=\"widget\" data-widget_type=\"image.default\">\n\t\t\t\t<div class=\"elementor-widget-container\">\n\t\t\t\t\t\t\t\t<div class=\"elementor-image\">\n\t\t\t\t\t\t\t\t\t\t\t\t<img decoding=\"async\" width=\"300\" height=\"210\" src=\"http:\/\/ifmc-zse.hr\/2018\/wp-content\/uploads\/2018\/06\/Lone_3-300x210.jpg\" class=\"attachment-medium size-medium wp-image-389\" alt=\"\" loading=\"lazy\" srcset=\"http:\/\/ifmc-zse.hr\/2018\/wp-content\/uploads\/2018\/06\/Lone_3-300x210.jpg 300w, http:\/\/ifmc-zse.hr\/2018\/wp-content\/uploads\/2018\/06\/Lone_3.jpg 500w\" sizes=\"(max-width: 300px) 100vw, 300px\" \/>\t\t\t\t\t\t\t\t\t\t\t\t\t\t<\/div>\n\t\t\t\t\t\t<\/div>\n\t\t\t\t<\/div>\n\t\t\t\t\t\t<\/div>\n\t\t\t\t\t<\/div>\n\t\t<\/div>\n\t\t\t\t<div class=\"elementor-column elementor-col-50 elementor-top-column elementor-element elementor-element-d748201\" data-id=\"d748201\" data-element_type=\"column\">\n\t\t\t<div class=\"elementor-column-wrap elementor-element-populated\">\n\t\t\t\t\t\t\t<div class=\"elementor-widget-wrap\">\n\t\t\t\t\t\t<div class=\"elementor-element elementor-element-1aadafe elementor-widget elementor-widget-image\" data-id=\"1aadafe\" data-element_type=\"widget\" data-widget_type=\"image.default\">\n\t\t\t\t<div class=\"elementor-widget-container\">\n\t\t\t\t\t\t\t\t<div class=\"elementor-image\">\n\t\t\t\t\t\t\t\t\t\t\t\t<img decoding=\"async\" width=\"300\" height=\"169\" src=\"http:\/\/ifmc-zse.hr\/2018\/wp-content\/uploads\/2018\/06\/Lone_4-300x169.jpg\" class=\"attachment-medium size-medium wp-image-390\" alt=\"\" loading=\"lazy\" srcset=\"http:\/\/ifmc-zse.hr\/2018\/wp-content\/uploads\/2018\/06\/Lone_4-300x169.jpg 300w, http:\/\/ifmc-zse.hr\/2018\/wp-content\/uploads\/2018\/06\/Lone_4.jpg 724w\" sizes=\"(max-width: 300px) 100vw, 300px\" \/>\t\t\t\t\t\t\t\t\t\t\t\t\t\t<\/div>\n\t\t\t\t\t\t<\/div>\n\t\t\t\t<\/div>\n\t\t\t\t\t\t<\/div>\n\t\t\t\t\t<\/div>\n\t\t<\/div>\n\t\t\t\t\t\t\t\t<\/div>\n\t\t\t\t\t<\/div>\n\t\t<\/section>\n\t\t\t\t<section class=\"elementor-section elementor-top-section elementor-element elementor-element-336c810 elementor-section-boxed elementor-section-height-default elementor-section-height-default\" data-id=\"336c810\" data-element_type=\"section\">\n\t\t\t\t\t\t<div class=\"elementor-container elementor-column-gap-default\">\n\t\t\t\t\t\t\t<div class=\"elementor-row\">\n\t\t\t\t\t<div class=\"elementor-column elementor-col-100 elementor-top-column elementor-element elementor-element-35709fd\" data-id=\"35709fd\" data-element_type=\"column\">\n\t\t\t<div class=\"elementor-column-wrap elementor-element-populated\">\n\t\t\t\t\t\t\t<div class=\"elementor-widget-wrap\">\n\t\t\t\t\t\t<div class=\"elementor-element elementor-element-6fcca25 elementor-widget elementor-widget-text-editor\" data-id=\"6fcca25\" data-element_type=\"widget\" data-widget_type=\"text-editor.default\">\n\t\t\t\t<div class=\"elementor-widget-container\">\n\t\t\t\t\t\t\t\t<div class=\"elementor-text-editor elementor-clearfix\">\n\t\t\t\t<div style=\"margin: 0px; padding: 0px; border: 0px; vertical-align: baseline; color: #444444; font-family: Helvetica, Arial, sans-serif; text-align: justify;\"><span style=\"font-family: Helvetica; font-size: 12pt; color: #000000;\"><b>KONFERENCIJE<span style=\"margin: 0px; padding: 0px; border: 0px; vertical-align: baseline;\"> I DOGA\u0110ANJA<\/span><\/b><\/span><\/div><div style=\"margin: 0px; padding: 0px; border: 0px; vertical-align: baseline; color: #444444; font-family: Helvetica, Arial, sans-serif;\"><span style=\"font-family: Helvetica; font-size: 12pt; color: #000000;\">Glavna kongresna dvorana hotela Lone predstavlja iznimno atraktivni vi\u0161enamjenski prostor u kojem se osim konferencija i kongresa mogu organizirati raznovrsna primanja, banketi, vjen\u010danja, promocije i drugi doga\u0111aji. Prilikom njihove organizacije u tom se prostoru ovisno o \u017eeljama klijenata mo\u017ee poslu\u017eivati \u0161irok izbor gurmanskih menija koji se pripremaju u vrhunski opremljenim hotelskim kuhinjama. Kongresnu dvoranu Lone mogu\u0107e je pregraditi i tako dobiti tri dvorane kapaciteta preko 160 sjede\u0107ih mjesta. Nadalje, tu je manja kongresna dvorana kapaciteta 110 sjede\u0107ih mjesta te tri manje sale za sastanke.<\/span><\/div><div style=\"margin: 0px; padding: 0px; border: 0px; vertical-align: baseline; color: #444444; font-family: Helvetica, Arial, sans-serif;\">\u00a0<\/div><div style=\"margin: 0px; padding: 0px; border: 0px; vertical-align: baseline; color: #444444; font-family: Helvetica, Arial, sans-serif;\"><p style=\"margin-right: 0px; margin-bottom: 20px; margin-left: 0px; padding: 0px; border: 0px; font-size: 14px; vertical-align: baseline; line-height: 1.71429;\"><span style=\"font-family: Helvetica; font-size: 12pt; color: #000000;\">U kontekstu konferencijskog turizma Lone nudi \u010ditav niz komplementarnih sadr\u017eaja i usluga. Tematski mediteranski wellness centar opremljen je najsuvremenijom opremom i pa\u017eljivo ure\u0111en do posljednjeg detalja. Dodatnu vrijednost poslovnom doga\u0111aju daje i \u0161iroka ponuda sportskih aktivnosti te mogu\u0107nosti organizacije izleta u suradnji sa specijalisti\u010dkim partnerskim agencijama. U gastronomskoj ponudi Lone s ponudom od sedam ugostiteljskih objekata objedinjuje ponudu lokalne, mediteranske i me\u0111unarodne kuhinje. Kongresnim sudionicima mogu\u0107e je organizirati razli\u010dite sve\u010danosti i doga\u0111aje po \u017eelji, \u010dime se dodatno kreativno upotpunjuje osmi\u0161ljavanje slobodnog vremena.<\/span><\/p><\/div>\t\t\t\t\t<\/div>\n\t\t\t\t\t\t<\/div>\n\t\t\t\t<\/div>\n\t\t\t\t\t\t<\/div>\n\t\t\t\t\t<\/div>\n\t\t<\/div>\n\t\t\t\t\t\t\t\t<\/div>\n\t\t\t\t\t<\/div>\n\t\t<\/section>\n\t\t\t\t<section class=\"elementor-section elementor-top-section elementor-element elementor-element-180ca69 elementor-section-boxed elementor-section-height-default elementor-section-height-default\" data-id=\"180ca69\" data-element_type=\"section\">\n\t\t\t\t\t\t<div class=\"elementor-container elementor-column-gap-default\">\n\t\t\t\t\t\t\t<div class=\"elementor-row\">\n\t\t\t\t\t<div class=\"elementor-column elementor-col-100 elementor-top-column elementor-element elementor-element-2c3acb0\" data-id=\"2c3acb0\" data-element_type=\"column\">\n\t\t\t<div class=\"elementor-column-wrap elementor-element-populated\">\n\t\t\t\t\t\t\t<div class=\"elementor-widget-wrap\">\n\t\t\t\t\t\t<div class=\"elementor-element elementor-element-07dae5b elementor-widget elementor-widget-image\" data-id=\"07dae5b\" data-element_type=\"widget\" data-widget_type=\"image.default\">\n\t\t\t\t<div class=\"elementor-widget-container\">\n\t\t\t\t\t\t\t\t<div class=\"elementor-image\">\n\t\t\t\t\t\t\t\t\t\t\t\t<img decoding=\"async\" width=\"550\" height=\"366\" src=\"http:\/\/ifmc-zse.hr\/2018\/wp-content\/uploads\/2018\/06\/Lone_5.jpg\" class=\"attachment-medium_large size-medium_large wp-image-391\" alt=\"\" loading=\"lazy\" srcset=\"http:\/\/ifmc-zse.hr\/2018\/wp-content\/uploads\/2018\/06\/Lone_5.jpg 550w, http:\/\/ifmc-zse.hr\/2018\/wp-content\/uploads\/2018\/06\/Lone_5-300x200.jpg 300w, http:\/\/ifmc-zse.hr\/2018\/wp-content\/uploads\/2018\/06\/Lone_5-525x350.jpg 525w, http:\/\/ifmc-zse.hr\/2018\/wp-content\/uploads\/2018\/06\/Lone_5-105x70.jpg 105w\" sizes=\"(max-width: 550px) 100vw, 550px\" \/>\t\t\t\t\t\t\t\t\t\t\t\t\t\t<\/div>\n\t\t\t\t\t\t<\/div>\n\t\t\t\t<\/div>\n\t\t\t\t\t\t<\/div>\n\t\t\t\t\t<\/div>\n\t\t<\/div>\n\t\t\t\t\t\t\t\t<\/div>\n\t\t\t\t\t<\/div>\n\t\t<\/section>\n\t\t\t\t<section class=\"elementor-section elementor-top-section elementor-element elementor-element-52b0eeb elementor-section-boxed elementor-section-height-default elementor-section-height-default\" data-id=\"52b0eeb\" data-element_type=\"section\">\n\t\t\t\t\t\t<div class=\"elementor-container elementor-column-gap-default\">\n\t\t\t\t\t\t\t<div class=\"elementor-row\">\n\t\t\t\t\t<div class=\"elementor-column elementor-col-100 elementor-top-column elementor-element elementor-element-8bdeec2\" data-id=\"8bdeec2\" data-element_type=\"column\">\n\t\t\t<div class=\"elementor-column-wrap\">\n\t\t\t\t\t\t\t<div class=\"elementor-widget-wrap\">\n\t\t\t\t\t\t\t\t<\/div>\n\t\t\t\t\t<\/div>\n\t\t<\/div>\n\t\t\t\t\t\t\t\t<\/div>\n\t\t\t\t\t<\/div>\n\t\t<\/section>\n\t\t\t\t\t\t\t\t\t<\/div>\n\t\t\t<\/div>\n\t\t\t\t\t<\/div>\n\t\t","protected":false},"excerpt":{"rendered":"<p>DESIGN HOTEL LONE Adresa:\u00a0Ul. Luje Adamovi\u0107a 31, 52210, RovinjKontakt:\u00a0052 800 250 Vje\u0161to sakriven u zelenom srcu Rovinja, Hotel ...<\/p>","protected":false},"author":2,"featured_media":0,"parent":0,"menu_order":0,"comment_status":"closed","ping_status":"closed","template":"","meta":[],"_links":{"self":[{"href":"http:\/\/ifmc-zse.hr\/2018\/wp-json\/wp\/v2\/pages\/36"}],"collection":[{"href":"http:\/\/ifmc-zse.hr\/2018\/wp-json\/wp\/v2\/pages"}],"about":[{"href":"http:\/\/ifmc-zse.hr\/2018\/wp-json\/wp\/v2\/types\/page"}],"author":[{"embeddable":true,"href":"http:\/\/ifmc-zse.hr\/2018\/wp-json\/wp\/v2\/users\/2"}],"replies":[{"embeddable":true,"href":"http:\/\/ifmc-zse.hr\/2018\/wp-json\/wp\/v2\/comments?post=36"}],"version-history":[{"count":5,"href":"http:\/\/ifmc-zse.hr\/2018\/wp-json\/wp\/v2\/pages\/36\/revisions"}],"predecessor-version":[{"id":415,"href":"http:\/\/ifmc-zse.hr\/2018\/wp-json\/wp\/v2\/pages\/36\/revisions\/415"}],"wp:attachment":[{"href":"http:\/\/ifmc-zse.hr\/2018\/wp-json\/wp\/v2\/media?parent=36"}],"curies":[{"name":"wp","href":"https:\/\/api.w.org\/{rel}","templated":true}]}}