{"id":293,"date":"2018-06-13T08:41:48","date_gmt":"2018-06-13T08:41:48","guid":{"rendered":"http:\/\/ifmc-zse.hr\/2018\/?page_id=293"},"modified":"2019-01-02T09:12:31","modified_gmt":"2019-01-02T09:12:31","slug":"naslovna","status":"publish","type":"page","link":"http:\/\/ifmc-zse.hr\/2018\/","title":{"rendered":"Izazov promjene"},"content":{"rendered":"\t\t<div data-elementor-type=\"wp-page\" data-elementor-id=\"293\" class=\"elementor elementor-293 elementor-bc-flex-widget\">\n\t\t\t\t\t\t<div class=\"elementor-inner\">\n\t\t\t\t<div class=\"elementor-section-wrap\">\n\t\t\t\t\t\t\t\t\t<section class=\"elementor-section elementor-top-section elementor-element elementor-element-2580565a elementor-section-boxed elementor-section-height-default elementor-section-height-default\" data-id=\"2580565a\" data-element_type=\"section\">\n\t\t\t\t\t\t<div class=\"elementor-container elementor-column-gap-default\">\n\t\t\t\t\t\t\t<div class=\"elementor-row\">\n\t\t\t\t\t<div class=\"elementor-column elementor-col-100 elementor-top-column elementor-element elementor-element-41f8b2b2\" data-id=\"41f8b2b2\" data-element_type=\"column\">\n\t\t\t<div class=\"elementor-column-wrap elementor-element-populated\">\n\t\t\t\t\t\t\t<div class=\"elementor-widget-wrap\">\n\t\t\t\t\t\t<div class=\"elementor-element elementor-element-79b49a95 elementor-widget elementor-widget-text-editor\" data-id=\"79b49a95\" data-element_type=\"widget\" data-widget_type=\"text-editor.default\">\n\t\t\t\t<div class=\"elementor-widget-container\">\n\t\t\t\t\t\t\t\t<div class=\"elementor-text-editor elementor-clearfix\">\n\t\t\t\t<p>Dragi sudionici i partneri,<\/p><p>\u017eelimo Vam jo\u0161 jednom zahvaliti na sudjelovanju na konferenciji \u201eIzazov promjene\u201c i potpori koju ste pokazali u Rovinju. S gotovo 30 govornika te oko 450 sudionika iz svih grana financijske industrije, iz Hrvatske, regije i svijeta, ovogodi\u0161nja konferencija je bila idealna prilika za dijeljenje znanja, diskusiju o novim trendovima i stvaranje novih kontakata. Nadamo se da ste u\u017eivali i prikupili nova iskustva za kreiranje novih mogu\u0107nosti na hrvatskom i regionalnom financijskom tr\u017ei\u0161tu.<\/p><p>Ovim putem zahvaljujemo i sponzorima konferencije, koji su nam omogu\u0107ili visoku razinu kvalitete i organizacije ovog doga\u0111anja.<\/p><p>Iskreno se veselimo susretu s Vama idu\u0107e godine, na novom &#8220;Izazovu promjene&#8221;!\u00a0 \u00a0<\/p>\t\t\t\t\t<\/div>\n\t\t\t\t\t\t<\/div>\n\t\t\t\t<\/div>\n\t\t\t\t\t\t<\/div>\n\t\t\t\t\t<\/div>\n\t\t<\/div>\n\t\t\t\t\t\t\t\t<\/div>\n\t\t\t\t\t<\/div>\n\t\t<\/section>\n\t\t\t\t\t\t\t\t\t<\/div>\n\t\t\t<\/div>\n\t\t\t\t\t<\/div>\n\t\t","protected":false},"excerpt":{"rendered":"<p>Dragi sudionici i partneri, \u017eelimo Vam jo\u0161 jednom zahvaliti na sudjelovanju na konferenciji \u201eIzazov promjene\u201c i potpori koju ...<\/p>","protected":false},"author":1,"featured_media":0,"parent":0,"menu_order":0,"comment_status":"closed","ping_status":"closed","template":"","meta":[],"_links":{"self":[{"href":"http:\/\/ifmc-zse.hr\/2018\/wp-json\/wp\/v2\/pages\/293"}],"collection":[{"href":"http:\/\/ifmc-zse.hr\/2018\/wp-json\/wp\/v2\/pages"}],"about":[{"href":"http:\/\/ifmc-zse.hr\/2018\/wp-json\/wp\/v2\/types\/page"}],"author":[{"embeddable":true,"href":"http:\/\/ifmc-zse.hr\/2018\/wp-json\/wp\/v2\/users\/1"}],"replies":[{"embeddable":true,"href":"http:\/\/ifmc-zse.hr\/2018\/wp-json\/wp\/v2\/comments?post=293"}],"version-history":[{"count":5,"href":"http:\/\/ifmc-zse.hr\/2018\/wp-json\/wp\/v2\/pages\/293\/revisions"}],"predecessor-version":[{"id":1235,"href":"http:\/\/ifmc-zse.hr\/2018\/wp-json\/wp\/v2\/pages\/293\/revisions\/1235"}],"wp:attachment":[{"href":"http:\/\/ifmc-zse.hr\/2018\/wp-json\/wp\/v2\/media?parent=293"}],"curies":[{"name":"wp","href":"https:\/\/api.w.org\/{rel}","templated":true}]}}