{"id":27,"date":"2018-05-08T13:46:59","date_gmt":"2018-05-08T13:46:59","guid":{"rendered":"http:\/\/ifmc-zse.hr\/2018\/?page_id=27"},"modified":"2018-10-15T08:11:04","modified_gmt":"2018-10-15T08:11:04","slug":"program","status":"publish","type":"page","link":"http:\/\/ifmc-zse.hr\/2018\/program\/","title":{"rendered":"PROGRAM"},"content":{"rendered":"\t\t<div data-elementor-type=\"wp-post\" data-elementor-id=\"27\" class=\"elementor elementor-27 elementor-bc-flex-widget\">\n\t\t\t\t\t\t<div class=\"elementor-inner\">\n\t\t\t\t<div class=\"elementor-section-wrap\">\n\t\t\t\t\t\t\t\t\t<section class=\"elementor-section elementor-top-section elementor-element elementor-element-8939848 elementor-section-boxed elementor-section-height-default elementor-section-height-default\" data-id=\"8939848\" data-element_type=\"section\">\n\t\t\t\t\t\t<div class=\"elementor-container elementor-column-gap-default\">\n\t\t\t\t\t\t\t<div class=\"elementor-row\">\n\t\t\t\t\t<div class=\"elementor-column elementor-col-100 elementor-top-column elementor-element elementor-element-3ba7eaa\" data-id=\"3ba7eaa\" data-element_type=\"column\">\n\t\t\t<div class=\"elementor-column-wrap elementor-element-populated\">\n\t\t\t\t\t\t\t<div class=\"elementor-widget-wrap\">\n\t\t\t\t\t\t<div class=\"elementor-element elementor-element-fa15d84 elementor-tabs-view-horizontal elementor-widget elementor-widget-tabs\" data-id=\"fa15d84\" data-element_type=\"widget\" data-widget_type=\"tabs.default\">\n\t\t\t\t<div class=\"elementor-widget-container\">\n\t\t\t\t\t<div class=\"elementor-tabs\">\n\t\t\t<div class=\"elementor-tabs-wrapper\" role=\"tablist\" >\n\t\t\t\t\t\t\t\t\t<div id=\"elementor-tab-title-2621\" class=\"elementor-tab-title elementor-tab-desktop-title\" aria-selected=\"true\" data-tab=\"1\" role=\"tab\" tabindex=\"0\" aria-controls=\"elementor-tab-content-2621\" aria-expanded=\"false\">Srijeda, 17. listopada 2018. <\/div>\n\t\t\t\t\t\t\t\t\t<div id=\"elementor-tab-title-2622\" class=\"elementor-tab-title elementor-tab-desktop-title\" aria-selected=\"false\" data-tab=\"2\" role=\"tab\" tabindex=\"-1\" aria-controls=\"elementor-tab-content-2622\" aria-expanded=\"false\">\u010cetvrtak, 18. listopada 2018.<\/div>\n\t\t\t\t\t\t\t\t\t<div id=\"elementor-tab-title-2623\" class=\"elementor-tab-title elementor-tab-desktop-title\" aria-selected=\"false\" data-tab=\"3\" role=\"tab\" tabindex=\"-1\" aria-controls=\"elementor-tab-content-2623\" aria-expanded=\"false\">Petak, 19. listopada 2018.<\/div>\n\t\t\t\t\t\t\t\t\t<div id=\"elementor-tab-title-2624\" class=\"elementor-tab-title elementor-tab-desktop-title\" aria-selected=\"false\" data-tab=\"4\" role=\"tab\" tabindex=\"-1\" aria-controls=\"elementor-tab-content-2624\" aria-expanded=\"false\">Preuzmi<\/div>\n\t\t\t\t\t\t\t<\/div>\n\t\t\t<div class=\"elementor-tabs-content-wrapper\" role=\"tablist\" aria-orientation=\"vertical\">\n\t\t\t\t\t\t\t\t\t<div class=\"elementor-tab-title elementor-tab-mobile-title\" aria-selected=\"true\" data-tab=\"1\" role=\"tab\" tabindex=\"0\" aria-controls=\"elementor-tab-content-2621\" aria-expanded=\"false\">Srijeda, 17. listopada 2018. <\/div>\n\t\t\t\t\t<div id=\"elementor-tab-content-2621\" class=\"elementor-tab-content elementor-clearfix\" data-tab=\"1\" role=\"tabpanel\" aria-labelledby=\"elementor-tab-title-2621\" tabindex=\"0\" hidden=\"false\"><table width=\"831\"><tbody><tr><td width=\"180\"><p><span style=\"font-size: 10pt;\">19:00 \u2013 22:00\u00a0<\/span><\/p><\/td><td width=\"510\"><p><span style=\"font-size: 10pt;\">Registracija (Kongresni centar Hotela Lone)<\/span><\/p><\/td><td width=\"142\"><p>\u00a0<\/p><\/td><\/tr><tr><td width=\"180\"><p><span style=\"font-size: 10pt;\">19:00 \u2013 21:30\u00a0<\/span><\/p><\/td><td width=\"510\"><p><span style=\"font-size: 10pt;\">Ve\u010dera (Hotel Lone)<\/span><\/p><\/td><td width=\"142\"><p>\u00a0<\/p><\/td><\/tr><tr><td width=\"180\"><p><span style=\"font-size: 10pt;\">21:30 \u2013 23:00<\/span><\/p><\/td><td width=\"510\"><p><span style=\"font-size: 10pt;\">Koktel dobrodo\u0161lice (Hotel Lone)<\/span><\/p><\/td><td width=\"142\"><img decoding=\"async\" loading=\"lazy\" class=\"aligncenter wp-image-857 size-medium\" src=\"http:\/\/ifmc-zse.hr\/2018\/wp-content\/uploads\/2018\/09\/CROSIG_logo-300x82.jpg\" alt=\"\" width=\"300\" height=\"82\" srcset=\"http:\/\/ifmc-zse.hr\/2018\/wp-content\/uploads\/2018\/09\/CROSIG_logo-300x82.jpg 300w, http:\/\/ifmc-zse.hr\/2018\/wp-content\/uploads\/2018\/09\/CROSIG_logo.jpg 330w\" sizes=\"(max-width: 300px) 100vw, 300px\" \/><\/td><\/tr><\/tbody><\/table><\/div>\n\t\t\t\t\t\t\t\t\t<div class=\"elementor-tab-title elementor-tab-mobile-title\" aria-selected=\"false\" data-tab=\"2\" role=\"tab\" tabindex=\"-1\" aria-controls=\"elementor-tab-content-2622\" aria-expanded=\"false\">\u010cetvrtak, 18. listopada 2018.<\/div>\n\t\t\t\t\t<div id=\"elementor-tab-content-2622\" class=\"elementor-tab-content elementor-clearfix\" data-tab=\"2\" role=\"tabpanel\" aria-labelledby=\"elementor-tab-title-2622\" tabindex=\"0\" hidden=\"hidden\"><table width=\"831\"><tbody><tr><td width=\"179\"><p><span style=\"font-size: 10pt;\">09:00 \u2013 09:30<\/span><\/p><\/td><td width=\"510\"><p><span style=\"font-size: 10pt;\">Registracija (Kongresni centar Hotela Lone)<\/span><\/p><\/td><td width=\"142\"><p>\u00a0<\/p><\/td><\/tr><tr><td width=\"179\"><p><span style=\"font-size: 10pt;\">09:30 \u2013 10:00<\/span><\/p><\/td><td width=\"510\"><p><span style=\"font-size: 10pt;\">Otvaranje<\/span><\/p><\/td><td width=\"142\"><p>\u00a0<\/p><\/td><\/tr><tr><td width=\"179\"><p>\u00a0<\/p><\/td><td width=\"510\"><p><span style=\"font-size: 10pt;\">Uvodne rije\u010di<\/span><\/p><\/td><td width=\"142\"><p>\u00a0<\/p><\/td><\/tr><tr><td width=\"179\"><p>\u00a0<\/p><\/td><td width=\"510\"><p><span style=\"font-size: 10pt;\">Nagrade za najbolje odnose s ulagateljima<\/span><\/p><\/td><td width=\"142\"><span style=\"font-size: 10pt;\"><img decoding=\"async\" loading=\"lazy\" src=\"http:\/\/ifmc-zse.hr\/2018\/wp-content\/uploads\/2018\/09\/PD-logo.jpg\" alt=\"\" width=\"252\" height=\"41\" \/><\/span><\/td><\/tr><tr><td width=\"179\"><p><span style=\"font-size: 10pt;\">10:00 \u2012 10:15<\/span><\/p><\/td><td width=\"510\"><p><span style=\"font-size: 10pt;\">UVODNO OBRA\u0106ANJE<\/span><\/p><\/td><td width=\"142\"><p>\u00a0<\/p><\/td><\/tr><tr><td width=\"179\"><p>\u00a0<\/p><\/td><td width=\"510\"><p><span style=\"font-size: 10pt;\">dr. sc. Zdravko Mari\u0107, ministar financija Republike Hrvatske<\/span><\/p><\/td><td width=\"142\"><p>\u00a0<\/p><\/td><\/tr><tr><td width=\"179\"><p><span style=\"font-size: 10pt;\">10:15 \u2012 10:30<\/span><\/p><\/td><td width=\"510\"><p><span style=\"font-size: 10pt;\">UVODNO OBRA\u0106ANJE<\/span><\/p><\/td><td width=\"142\"><p>\u00a0<\/p><\/td><\/tr><tr><td width=\"179\"><p>\u00a0<\/p><\/td><td width=\"510\"><p><span style=\"font-size: 10pt;\">mr. sc. Marko Pavi\u0107, \u00a0ministar rada i mirovinskog sustava Republike Hrvatske<\/span><\/p><\/td><td width=\"142\"><p>\u00a0<\/p><\/td><\/tr><tr><td width=\"179\"><p><span style=\"font-size: 10pt;\">10:30 \u2012 11:00<\/span><\/p><\/td><td width=\"510\"><p><span style=\"font-size: 10pt;\">TR\u017dI\u0160TA KAPITALA DESET GODINA NAKON FINANCIJSKE KRIZE: \u0160TO DALJE?<\/span><\/p><\/td><td width=\"142\"><p>\u00a0<\/p><\/td><\/tr><tr><td width=\"179\"><p>\u00a0<\/p><\/td><td width=\"510\"><p><span style=\"font-size: 10pt;\">dr. sc. Ante \u017digman, predsjednik Upravnog vije\u0107a Hrvatske agencije za nadzor financijskih usluga<\/span><\/p><\/td><td width=\"142\"><p>\u00a0<\/p><\/td><\/tr><tr><td width=\"179\"><p><span style=\"font-size: 10pt;\">11:00 \u2012 11:30<\/span><\/p><\/td><td width=\"510\"><p><span style=\"font-size: 10pt;\">GOSPODARSKI IZGLEDI, FINANCIJSKI SUSTAV I MONETARNA POLITIKA U NADOLAZE\u0106EM PERIODU<\/span><\/p><\/td><td width=\"142\"><p>\u00a0<\/p><\/td><\/tr><tr><td width=\"179\"><p>\u00a0<\/p><\/td><td width=\"510\"><p><span style=\"font-size: 10pt;\">dr. sc. Boris Vuj\u010di\u0107, guverner Hrvatske narodne banke<\/span><\/p><\/td><td width=\"142\"><p>\u00a0<\/p><\/td><\/tr><tr><td width=\"179\"><p><span style=\"font-size: 10pt;\">11:30 \u2012 12:00<\/span><\/p><\/td><td width=\"510\"><p><span style=\"font-size: 10pt;\">Stanka za <\/span>kavu<\/p><\/td><td width=\"142\"><p><span style=\"font-size: 10pt;\"><img decoding=\"async\" loading=\"lazy\" src=\"http:\/\/ifmc-zse.hr\/2018\/wp-content\/uploads\/2018\/10\/KONCAR_logo-300x50.jpg\" alt=\"\" width=\"300\" height=\"50\" \/><\/span><\/p><p><span style=\"font-size: 10pt;\"><img decoding=\"async\" loading=\"lazy\" src=\"http:\/\/ifmc-zse.hr\/2018\/wp-content\/uploads\/2018\/09\/barcafe_logo-300x76.jpg\" alt=\"\" width=\"300\" height=\"76\" \/><\/span><\/p><\/td><\/tr><tr><td width=\"179\"><p><span style=\"font-size: 10pt;\">12:00 \u2012 12:30<\/span><\/p><\/td><td width=\"510\"><p><span style=\"font-size: 10pt;\">EUROPSKA POLITIKA \u2012 ALTERNATIVE I POSLJEDICE<\/span><\/p><\/td><td width=\"142\"><p><span style=\"font-size: 10pt;\"><img decoding=\"async\" loading=\"lazy\" src=\"http:\/\/ifmc-zse.hr\/2018\/wp-content\/uploads\/2018\/09\/Logo_Baader_300-300x101.jpg\" alt=\"\" width=\"300\" height=\"101\" \/><\/span><\/p><\/td><\/tr><tr><td width=\"179\"><p>\u00a0<\/p><\/td><td width=\"510\"><p><span style=\"font-size: 10pt;\">Uto Baader, Baader Bank Founder and<\/span><span style=\"font-size: 10pt;\">\u00a0Consultant<\/span><\/p><\/td><td width=\"142\">\u00a0<\/td><\/tr><tr><td width=\"179\"><p><span style=\"font-size: 10pt;\">12:30 \u2012 13:30<\/span><\/p><\/td><td width=\"510\"><p><span style=\"font-size: 10pt;\">PREPOZNAVANJE INOVACIJA PRIJE NEGO POSTANU SMETNJA?<\/span><\/p><p><span style=\"font-size: 10pt;\">RAZUMIJEVANJE NA\u010cELA INOVACIJA I KAKO IH IMPLEMENTIRATI U VELIKIM KOMPANIJAMA<\/span><\/p><p><span style=\"font-size: 10pt;\">\u00a0<\/span><\/p><\/td><td width=\"142\"><p>\u00a0<\/p><\/td><\/tr><tr><td width=\"179\"><p>\u00a0<\/p><\/td><td width=\"510\"><p><span style=\"font-size: 10pt;\">Andrew Baynes, MSc.,\u00a0 Former Executive Apple, Nest, Google<\/span><\/p><\/td><td width=\"142\"><p>\u00a0<\/p><\/td><\/tr><tr><td width=\"179\"><p><span style=\"font-size: 10pt;\">13:30 \u2012 14:30<\/span><\/p><\/td><td width=\"510\"><p><span style=\"font-size: 10pt;\">Ru\u010dak\u00a0(Hotel Lone)<\/span><\/p><\/td><td width=\"142\"><span style=\"font-size: 10pt;\"><img decoding=\"async\" loading=\"lazy\" src=\"http:\/\/ifmc-zse.hr\/2018\/wp-content\/uploads\/2018\/09\/adplastik_WEB-300x102.png\" alt=\"\" width=\"300\" height=\"102\" \/><\/span><\/td><\/tr><tr><td width=\"179\"><p><span style=\"font-size: 10pt;\">14:30 \u2012 15:00<\/span><\/p><\/td><td width=\"510\"><p><span style=\"font-size: 10pt;\">PASIVNA INVESTICIJSKA RJE\u0160ENJA U MIROVINSKIM FONDOVIMA<\/span><\/p><\/td><td width=\"142\"><span style=\"font-size: 10pt;\"><img decoding=\"async\" loading=\"lazy\" src=\"http:\/\/ifmc-zse.hr\/2018\/wp-content\/uploads\/2018\/10\/iSharesR-BLK_Stacked_4c_48mm_1-9in-300x138.jpg\" alt=\"\" width=\"300\" height=\"138\" \/><\/span><\/td><\/tr><tr><td width=\"179\"><p>\u00a0<\/p><\/td><td width=\"510\"><p><span style=\"font-size: 10pt;\">Bahram Sadighian (Head of ETF and Index Investments Austria and Eastern Europe)<\/span><\/p><\/td><td width=\"142\"><p>\u00a0<\/p><\/td><\/tr><tr><td width=\"179\"><p><span style=\"font-size: 10pt;\">15:00 \u2012 16:00<\/span><\/p><\/td><td width=\"510\"><p><span style=\"font-size: 10pt;\">KAKO UNAPRIJEDITI LIKVIDNOST HRVATSKOG TR\u017dI\u0160TA KAPITALA<\/span><\/p><\/td><td width=\"142\"><p>\u00a0<\/p><\/td><\/tr><tr><td width=\"179\"><p>\u00a0<\/p><\/td><td width=\"510\"><p><span style=\"font-size: 10pt;\">Moderator: Zdeslav \u0160anti\u0107, Glavni ekonomist, Splitska banka\u00a0\u2013 OTP Group<\/span><\/p><p>\u00a0<\/p><p><span style=\"font-size: 10pt;\">Daniel Lenardi\u0107, PhD, MBA, Associate Partner,\u00a0KPMG Croatia<\/span><\/p><p><span style=\"font-size: 10pt;\">Enrique Bernardo Mariano, Partner\u00a0and\u00a0Managing Director,\u00a0 Equity Research Desk; \u010dlan Nadzornog odbora Zagreba\u010dke burze d.d.<\/span><\/p><p><span style=\"font-size: 10pt;\">Rainer Riess,\u00a0Director General,\u00a0Federation of European Securities Exchanges<\/span><\/p><p><span style=\"font-size: 10pt;\">Hannes Takacs,\u00a0Associate Director, Local Currency and Capital Markets Development, EBRD<\/span><\/p><\/td><td width=\"142\"><p>\u00a0<\/p><\/td><\/tr><tr><td width=\"179\"><p><span style=\"font-size: 10pt;\">16:00 \u2013 16:45<\/span><\/p><\/td><td width=\"510\"><p><span style=\"font-size: 10pt;\">TEHNOLOGIJA U ALOKACIJI IMOVINE<\/span><\/p><\/td><td width=\"142\"><p>\u00a0<\/p><\/td><\/tr><tr><td width=\"179\"><p>\u00a0<\/p><\/td><td width=\"510\"><p><span style=\"font-size: 10pt;\">Rehmat Singh, Executive Director at Systematic Trading Strategies, Goldman Sachs International<\/span><\/p><\/td><td width=\"142\"><p>\u00a0<\/p><\/td><\/tr><tr><td width=\"179\"><p><span style=\"font-size: 10pt;\">16:45 \u2012 17:15<\/span><\/p><\/td><td width=\"510\"><p><span style=\"font-size: 10pt;\">UMJETNA INTELIGENCIJA U FINANCIJSKOJ INDUSTRIJI<\/span><\/p><\/td><td width=\"142\"><p>\u00a0<\/p><\/td><\/tr><tr><td width=\"179\"><p>\u00a0<\/p><\/td><td width=\"510\"><p><span style=\"font-size: 10pt;\">prof. dr. sc. Luka Grubi\u0161i\u0107, Prirodoslovno-matemati\u010dki fakultet Sveu\u010dili\u0161ta u Zagrebu<\/span><\/p><\/td><td width=\"142\"><p>\u00a0<\/p><\/td><\/tr><tr><td width=\"179\"><p><span style=\"font-size: 10pt;\">17:15 \u2013 17:45<\/span><\/p><\/td><td width=\"510\"><p><span style=\"font-size: 10pt;\">INFRASTRUKTURNI TRENDOVI I PREDVI\u0110ANJA ZA MIROVINSKE I DR\u017dAVNE INVESTICIJSKE FONDOVE<\/span><\/p><\/td><td width=\"142\"><p>\u00a0<\/p><\/td><\/tr><tr><td width=\"179\"><p>\u00a0<\/p><\/td><td width=\"510\"><p><span style=\"font-size: 10pt;\">Michael Stirling, CEO at Stirling Infrastructure Partners<\/span><\/p><\/td><td width=\"142\"><p>\u00a0<\/p><\/td><\/tr><tr><td width=\"179\"><p><span style=\"font-size: 10pt;\">17:45 \u2013 18:15<\/span><\/p><\/td><td width=\"510\"><p><span style=\"font-size: 10pt;\">TR\u017dI\u0160TA I \u201eFADING GOLDILOCKS\u201c<\/span><\/p><\/td><td width=\"142\"><p>\u00a0<\/p><\/td><\/tr><tr><td width=\"179\"><p>\u00a0<\/p><\/td><td width=\"510\"><p><span style=\"font-size: 10pt;\">Amir Amin, VP, Macro Strategy, CITI Bank<\/span><\/p><\/td><td width=\"142\"><p>\u00a0<\/p><\/td><\/tr><tr><td width=\"179\"><p><span style=\"font-size: 10pt;\">19:00 \u2012 21:00<\/span><\/p><\/td><td width=\"510\"><p><span style=\"font-size: 10pt;\">Ve\u010dera\u00a0(Hotel Lone)<\/span><\/p><\/td><td width=\"142\"><p>\u00a0<\/p><\/td><\/tr><tr><td width=\"179\"><p><span style=\"font-size: 10pt;\">21:30 \u2012 22:30<\/span><\/p><\/td><td width=\"510\"><p><span style=\"font-size: 10pt;\">Dru\u0161tveno doga\u0111anje: BITTER SWEET<\/span><span style=\"font-size: 10pt;\">\u00a0SYMPHONY by<\/span>:<span style=\"font-size: 10pt;\"> Campari<\/span><\/p><\/td><td width=\"142\"><p><span style=\"font-size: 10pt;\"><img decoding=\"async\" loading=\"lazy\" src=\"http:\/\/ifmc-zse.hr\/2018\/wp-content\/uploads\/2018\/09\/PPDCroatia-1-300x118.jpg\" alt=\"\" width=\"300\" height=\"118\" \/><\/span><\/p><p><span style=\"font-size: 10pt;\"><img decoding=\"async\" loading=\"lazy\" src=\"http:\/\/ifmc-zse.hr\/2018\/wp-content\/uploads\/2018\/09\/campari_logo-300x212.png\" alt=\"\" width=\"300\" height=\"212\" \/><\/span><\/p><\/td><\/tr><tr><td width=\"179\"><p><span style=\"font-size: 10pt;\">22:30<\/span><\/p><\/td><td width=\"510\"><p><span style=\"font-size: 10pt;\">Zabavna ve\u010der\u00a0(Hotel Lone Night Club): Neno Belan<\/span><\/p><\/td><td width=\"142\">\u00a0<\/td><\/tr><\/tbody><\/table><\/div>\n\t\t\t\t\t\t\t\t\t<div class=\"elementor-tab-title elementor-tab-mobile-title\" aria-selected=\"false\" data-tab=\"3\" role=\"tab\" tabindex=\"-1\" aria-controls=\"elementor-tab-content-2623\" aria-expanded=\"false\">Petak, 19. listopada 2018.<\/div>\n\t\t\t\t\t<div id=\"elementor-tab-content-2623\" class=\"elementor-tab-content elementor-clearfix\" data-tab=\"3\" role=\"tabpanel\" aria-labelledby=\"elementor-tab-title-2623\" tabindex=\"0\" hidden=\"hidden\"><table width=\"831\"><tbody><tr><td width=\"179\"><p><span style=\"font-size: 10pt;\">09:30 \u2013 10:00<\/span><\/p><\/td><td width=\"510\"><p><span style=\"font-size: 10pt;\">2019 &#8211; GODINA PROMJENA ZA MIROVNE FONDOVE: KAKO EU INICIJATIVE O ODR\u017dIVOM FINANCIRANJU, IORP2 I PEPP MIJENJAJU POSLOVANJE<\/span><\/p><\/td><td width=\"142\"><p><span style=\"font-size: 10pt;\"><img decoding=\"async\" loading=\"lazy\" class=\"aligncenter wp-image-984 size-medium\" src=\"http:\/\/ifmc-zse.hr\/2018\/wp-content\/uploads\/2018\/10\/image001-300x136.png\" alt=\"\" width=\"300\" height=\"136\" srcset=\"http:\/\/ifmc-zse.hr\/2018\/wp-content\/uploads\/2018\/10\/image001-300x136.png 300w, http:\/\/ifmc-zse.hr\/2018\/wp-content\/uploads\/2018\/10\/image001.png 720w\" sizes=\"(max-width: 300px) 100vw, 300px\" \/><\/span><\/p><\/td><\/tr><tr><td width=\"179\"><p>\u00a0<\/p><\/td><td width=\"510\"><p><span style=\"font-size: 10pt;\">Adam Lessing, Fidelity Head of Central and Eastern Europe<\/span><\/p><\/td><td width=\"142\">\u00a0<\/td><\/tr><tr><td width=\"179\"><p><span style=\"font-size: 10pt;\">10:00 \u2012 10:30<\/span><\/p><\/td><td width=\"510\"><p><span style=\"font-size: 10pt;\">BUDU\u0106NOST MIROVINA U EUROPI<\/span><\/p><\/td><td width=\"142\"><p>\u00a0<\/p><\/td><\/tr><tr><td width=\"179\"><p>\u00a0<\/p><\/td><td width=\"510\"><p><span style=\"font-size: 10pt;\">Matti Lepp\u00e4l\u00e4, Secretary General\/CEO, PensionsEurope<\/span><\/p><\/td><td width=\"142\"><p>\u00a0<\/p><\/td><\/tr><tr><td width=\"179\"><p><span style=\"font-size: 10pt;\">10:30 \u2012 11:30<\/span><\/p><\/td><td width=\"510\"><p><span style=\"font-size: 10pt;\">Mirovinska reforma &#8211; najuspje\u0161nija reforma do sada: kako dalje?<\/span><\/p><\/td><td width=\"142\"><p>\u00a0<\/p><\/td><\/tr><tr><td width=\"179\"><p><span style=\"font-size: 10pt;\">\u00a0<\/span><\/p><\/td><td width=\"510\"><p><span style=\"font-size: 10pt;\">Moderator:\u00a0 Marina \u0160unjerga, novinarka, Ve\u010dernji list<\/span><\/p><p><span style=\"font-size: 10pt;\">\u00a0<\/span><\/p><p><span style=\"font-size: 10pt;\">Dubravko \u0160timac, predsjedniko Uprave PBZ CROATIA OSIGURANJA d.d. za upravljanje obveznim mirovinskim fondom<\/span><\/p><p><span style=\"font-size: 10pt;\">Matti Leppala, Secretary General, CEO, \u00a0Pension Europe<\/span><\/p><p><span style=\"font-size: 10pt;\">dr. sc. Danijel Nesti\u0107, znanstveni savjetnik u trajnom zvanju, Ekonomski institut Zagreb<\/span><\/p><p><span style=\"font-size: 10pt;\">Damir Grbavac, Predsjednik Uprave Raiffeisen Dru\u0161tva za upravljanje obveznim i dobrovoljnim mirovinskim fondovima d.d.<\/span><\/p><p><span style=\"font-size: 10pt;\">Ljubica Gatari\u0107, novinarka, Ve\u010dernji list<\/span><\/p><p><span style=\"font-size: 10pt;\">Zdeslav \u0160anti\u0107, Glavni ekonomist, Splitska banka \u2013 OTP Group<\/span><\/p><p><span style=\"font-size: 10pt;\">prof.dr.sc\u00a0\u017deljko Poto\u010dnjak, Pravni fakultet<\/span><\/p><\/td><td width=\"142\"><p>\u00a0<\/p><\/td><\/tr><tr><td width=\"179\"><p><span style=\"font-size: 10pt;\">11:30 \u2012 12:00<\/span><\/p><\/td><td width=\"510\"><p><span style=\"font-size: 10pt;\">Stanka za kavu<\/span><\/p><\/td><td width=\"142\"><p><span style=\"font-size: 10pt;\"><img decoding=\"async\" loading=\"lazy\" class=\"aligncenter wp-image-862 size-medium\" src=\"http:\/\/ifmc-zse.hr\/2018\/wp-content\/uploads\/2018\/09\/HPB-logo-300x139.png\" alt=\"\" width=\"300\" height=\"139\" srcset=\"http:\/\/ifmc-zse.hr\/2018\/wp-content\/uploads\/2018\/09\/HPB-logo-300x139.png 300w, http:\/\/ifmc-zse.hr\/2018\/wp-content\/uploads\/2018\/09\/HPB-logo.png 435w\" sizes=\"(max-width: 300px) 100vw, 300px\" \/><\/span><\/p><p><span style=\"font-size: 10pt;\"><img decoding=\"async\" loading=\"lazy\" class=\"aligncenter wp-image-933 size-medium\" src=\"http:\/\/ifmc-zse.hr\/2018\/wp-content\/uploads\/2018\/09\/barcafe_logo-300x76.jpg\" alt=\"\" width=\"300\" height=\"76\" srcset=\"http:\/\/ifmc-zse.hr\/2018\/wp-content\/uploads\/2018\/09\/barcafe_logo-300x76.jpg 300w, http:\/\/ifmc-zse.hr\/2018\/wp-content\/uploads\/2018\/09\/barcafe_logo-768x194.jpg 768w, http:\/\/ifmc-zse.hr\/2018\/wp-content\/uploads\/2018\/09\/barcafe_logo.jpg 1000w\" sizes=\"(max-width: 300px) 100vw, 300px\" \/><\/span><\/p><\/td><\/tr><tr><td width=\"179\"><p><span style=\"font-size: 10pt;\">12:00 \u2012 12:30<\/span><\/p><\/td><td width=\"510\"><p><span style=\"font-size: 10pt;\">RAZLIKE IZME\u0110U MU\u0160KARACA I \u017dENA U POSLOVNOM SVIJETU\u2026 A NISU PLA\u0106E<\/span><\/p><\/td><td width=\"142\"><p>\u00a0<\/p><\/td><\/tr><tr><td width=\"179\"><p>\u00a0<\/p><\/td><td width=\"510\"><p><span style=\"font-size: 10pt;\">Lidija Gamulin, Voditeljica Odjela za partnerstva, UNICEF Office for Croatia<\/span><\/p><p><span style=\"font-size: 10pt;\">doc. dr. sc. Tanja Sli\u0161kovi\u0107, Ekonomski fakultet Sveu\u010dili\u0161ta u Zagrebu<\/span><\/p><\/td><td width=\"142\"><p>\u00a0<\/p><\/td><\/tr><tr><td width=\"179\"><p><span style=\"font-size: 10pt;\">12:30 \u2012 13:00<\/span><\/p><\/td><td width=\"510\"><p><span style=\"font-size: 10pt;\">KORPORATIVNO UPRAVLJANJE 2018. \u2013 PROMJENE I IZAZOVI<\/span><\/p><\/td><td width=\"142\"><p>\u00a0<\/p><\/td><\/tr><tr><td width=\"179\"><p>\u00a0<\/p><\/td><td width=\"510\"><p><span style=\"font-size: 10pt;\">David Doughty, CDir FIoD FCIM, Chief Executive, <\/span>Excellencia<span style=\"font-size: 10pt;\"> Limited<\/span><\/p><\/td><td width=\"142\"><p>\u00a0<\/p><\/td><\/tr><tr><td width=\"179\"><p><span style=\"font-size: 10pt;\">13:00 \u2012 13:15<\/span><\/p><\/td><td width=\"510\"><p><span style=\"font-size: 10pt;\">ZATVARANJE KONFERENCIJE<\/span><\/p><\/td><td width=\"142\"><p>\u00a0<\/p><\/td><\/tr><tr><td width=\"179\"><p><span style=\"font-size: 10pt;\">13:15 \u2012 14:15<\/span><\/p><\/td><td width=\"510\"><p><span style=\"font-size: 10pt;\">Ru\u010dak\u00a0(Hotel Lone)<\/span><\/p><\/td><td width=\"142\"><span style=\"font-size: 10pt;\"><img decoding=\"async\" loading=\"lazy\" class=\"aligncenter wp-image-870 size-medium\" src=\"http:\/\/ifmc-zse.hr\/2018\/wp-content\/uploads\/2018\/09\/OTPbanka_color-300x57.jpg\" alt=\"\" width=\"300\" height=\"57\" srcset=\"http:\/\/ifmc-zse.hr\/2018\/wp-content\/uploads\/2018\/09\/OTPbanka_color-300x57.jpg 300w, http:\/\/ifmc-zse.hr\/2018\/wp-content\/uploads\/2018\/09\/OTPbanka_color.jpg 627w\" sizes=\"(max-width: 300px) 100vw, 300px\" \/><\/span><\/td><\/tr><\/tbody><\/table><\/div>\n\t\t\t\t\t\t\t\t\t<div class=\"elementor-tab-title elementor-tab-mobile-title\" aria-selected=\"false\" data-tab=\"4\" role=\"tab\" tabindex=\"-1\" aria-controls=\"elementor-tab-content-2624\" aria-expanded=\"false\">Preuzmi<\/div>\n\t\t\t\t\t<div id=\"elementor-tab-content-2624\" class=\"elementor-tab-content elementor-clearfix\" data-tab=\"4\" role=\"tabpanel\" aria-labelledby=\"elementor-tab-title-2624\" tabindex=\"0\" hidden=\"hidden\"><p><a href=\"http:\/\/ifmc-zse.hr\/2018\/wp-content\/uploads\/2018\/10\/final_program.pdf\">Pozivamo Vas da preuzmete\u00a0finalni program OVDJE.<\/a><\/p><\/div>\n\t\t\t\t\t\t\t<\/div>\n\t\t<\/div>\n\t\t\t\t<\/div>\n\t\t\t\t<\/div>\n\t\t\t\t\t\t<\/div>\n\t\t\t\t\t<\/div>\n\t\t<\/div>\n\t\t\t\t\t\t\t\t<\/div>\n\t\t\t\t\t<\/div>\n\t\t<\/section>\n\t\t\t\t\t\t\t\t\t<\/div>\n\t\t\t<\/div>\n\t\t\t\t\t<\/div>\n\t\t","protected":false},"excerpt":{"rendered":"<p>Srijeda, 17. listopada 2018. \u010cetvrtak, 18. listopada 2018. Petak, 19. listopada 2018. Preuzmi Srijeda, 17. listopada 2018. 19:00 ...<\/p>","protected":false},"author":2,"featured_media":0,"parent":0,"menu_order":0,"comment_status":"closed","ping_status":"closed","template":"","meta":[],"_links":{"self":[{"href":"http:\/\/ifmc-zse.hr\/2018\/wp-json\/wp\/v2\/pages\/27"}],"collection":[{"href":"http:\/\/ifmc-zse.hr\/2018\/wp-json\/wp\/v2\/pages"}],"about":[{"href":"http:\/\/ifmc-zse.hr\/2018\/wp-json\/wp\/v2\/types\/page"}],"author":[{"embeddable":true,"href":"http:\/\/ifmc-zse.hr\/2018\/wp-json\/wp\/v2\/users\/2"}],"replies":[{"embeddable":true,"href":"http:\/\/ifmc-zse.hr\/2018\/wp-json\/wp\/v2\/comments?post=27"}],"version-history":[{"count":5,"href":"http:\/\/ifmc-zse.hr\/2018\/wp-json\/wp\/v2\/pages\/27\/revisions"}],"predecessor-version":[{"id":1112,"href":"http:\/\/ifmc-zse.hr\/2018\/wp-json\/wp\/v2\/pages\/27\/revisions\/1112"}],"wp:attachment":[{"href":"http:\/\/ifmc-zse.hr\/2018\/wp-json\/wp\/v2\/media?parent=27"}],"curies":[{"name":"wp","href":"https:\/\/api.w.org\/{rel}","templated":true}]}}