{"id":14,"date":"2016-05-02T09:50:26","date_gmt":"2016-05-02T09:50:26","guid":{"rendered":"http:\/\/ifmc-zse.hr\/2016\/hr\/?page_id=14"},"modified":"2016-10-03T10:07:58","modified_gmt":"2016-10-03T10:07:58","slug":"kotizacija-i-smjestaj","status":"publish","type":"page","link":"http:\/\/ifmc-zse.hr\/2016\/hr\/kotizacija-i-smjestaj\/","title":{"rendered":"Kotizacija i smje\u0161taj"},"content":{"rendered":"<h4 style=\"text-align: center; border: 1px solid #ddd; background-color: #f1f1f1;\">Registrations are closed. For all other information, please contact the technical organiser.<\/h4>\n<div style=\"width:100%;display:flex;justify-content:center;align-items:center;margin-top:-35px;\"><a href=\"http:\/\/ifmc-zse.hr\/2016\/wp-content\/uploads\/2016\/10\/Servisne-informacije-hr.pdf\"><br \/>\n                        <img decoding=\"async\" src=\"http:\/\/ifmc-zse.hr\/2016\/wp-content\/uploads\/2016\/10\/servisneinfo-hr-long.png\" alt=\"document for conference participants\"><br \/>\n                      <\/a><\/div>\n<h3><span style=\"color: #0000ff;\"><strong>Smje\u0161taj<\/strong><\/span><\/h3>\n<p>Smje\u0161taj za sudionike Konferencije osiguran\u00a0je u\u00a0<span style=\"color: #993366;\"><a style=\"color: #993366;\" href=\"http:\/\/www.valamar.com\/hr\/hoteli-porec\/valamar-isabella-island-resort\">Valamar Isabella Island Resortu<\/a><\/span>, Pore\u010d (otok sv. Nikole), po posebnim cijenama.<\/p>\n<p>Cijene za sudionike Konferencije <strong>dnevno (po osobi i po danu)<\/strong>:<\/p>\n<p>Cijene uklju\u010duju: <em><strong>no\u0107enje s doru\u010dkom po osobi po danu<\/strong>, boravi\u0161nu prostojbu i\u00a0 PDV, vo\u017enju brodom na relaciji Pore\u010d \u2012 otok sv. Nikole \u2012 Pore\u010d, pi\u0107e dobrodo\u0161lice.<\/em><\/p>\n<p><span style=\"color: #ff0000;\">&gt;&gt;&gt;\u00a0<a style=\"color: #ff0000;\" href=\"http:\/\/www.valamar.com\/hr\/hoteli-porec\/valamar-isabella-island-resort\">Valamar Isabella Island Resort<\/a>\u00a0je u potpunosti popunjen. Za mogu\u0107nosti smje\u0161taja, molimo, <a style=\"color: #ff0000;\" href=\"http:\/\/ifmc-zse.hr\/2016\/hr\/kotizacija-i-smjestaj\/kontakti\/\">kontaktirajte nas<\/a>. &lt;&lt;&lt;<\/span><\/p>\n<ul>\n<li><del>Single room, <span style=\"color: #993366;\"><a style=\"color: #993366;\" href=\"http:\/\/www.valamar.com\/hr\/hoteli-porec\/valamar-isabella-hotel\">Valamar Isabella Hotel (4*)<\/a><\/span> \u2013 830,00\u00a0HRK<\/del><\/li>\n<li><del>Double room, <span style=\"color: #993366;\"><a style=\"color: #993366;\" href=\"http:\/\/www.valamar.com\/hr\/hoteli-porec\/valamar-isabella-hotel\">Valamar Isabella Hotel (4*)<\/a><\/span> &#8211; 542,00 HRK<\/del><\/li>\n<li><del>Single room, <span style=\"color: #993366;\"><a style=\"color: #993366;\" href=\"http:\/\/www.valamar.com\/hr\/hoteli-porec\/valamar-isabella-villas\">Valmar Isabella Villas (4*) <\/a><\/span>\u2013 1.147,00 HRK<\/del><\/li>\n<li><del>Double room, <a href=\"http:\/\/www.valamar.com\/hr\/hoteli-porec\/valamar-isabella-villas\"><span style=\"color: #993366;\">Valmar Isabella Villas (4*)<\/span> <\/a>&#8211; 687,00HRK<\/del><\/li>\n<li><del>Single room, <span style=\"color: #993366;\"><a style=\"color: #993366;\" href=\"http:\/\/www.valamar.com\/hr\/hoteli-porec\/valamar-isabella-miramare\">Valamar Isabella Miramare (junior apartment, 5*)<\/a> <\/span>\u2013 1.325,00 HRK<\/del><\/li>\n<li><del>Double room, <a href=\"http:\/\/www.valamar.com\/hr\/hoteli-porec\/valamar-isabella-miramare\"><span style=\"color: #993366;\">Valamar Isabella Miramare (junior apartment, 5*)<\/span> <\/a>\u2013 790,00 HRK<\/del><\/li>\n<li><del>Single room,<span style=\"color: #993366;\"> <a style=\"color: #993366;\" href=\"http:\/\/www.valamar.com\/hr\/hoteli-porec\/valamar-isabella-castle\">Valamar Isabella Castle (castle apartment, 5*)<\/a><\/span> \u2013 1.261,00 HRK<\/del><\/li>\n<li><del>Double room, <span style=\"color: #993366;\"><a style=\"color: #993366;\" href=\"http:\/\/www.valamar.com\/hr\/hoteli-porec\/valamar-isabella-castle\">Valamar Isabella Castle (castle apartment, 5*)<\/a> <\/span>\u2012 758,00 HRK<\/del><\/li>\n<\/ul>\n<p>Konferencija i sva doga\u0111anja prema programu Konferencije odr\u017eat \u0107e se u<span style=\"color: #993366;\">\u00a0<a style=\"color: #993366;\" href=\"http:\/\/www.valamar.com\/hr\/hoteli-porec\/valamar-isabella-island-resort\">Valamar Isabella Island Resortu<\/a><\/span>.<\/p>\n<h3><span style=\"color: #0000ff;\"><strong>Kotizacija<\/strong><\/span><\/h3>\n<ul>\n<li><del>Kotizacija\u00a0za rane prijave (do 8. rujna 2016.):\u00a02.600,00 HRK\u00a0(PDV uklju\u010den).<\/del><\/li>\n<li>Kotizacija\u00a0za prijave od 8. rujna 2016.:\u00a03.100,00 HRK\u00a0(PDV uklju\u010den).<\/li>\n<\/ul>\n<p>Kotizacija uklju\u010duje konferencijski materijal, sve obroke te sva doga\u0111anja prema programu Konferencije. Kotizacija ne uklju\u010duje tro\u0161kove smje\u0161taja u hotelu niti putne tro\u0161kove.<\/p>\n<h3><span style=\"color: #0000ff;\"><strong>Pla\u0107anje<\/strong><\/span><\/h3>\n<p>Smje\u0161taj i kotizacija bit \u0107e napla\u0107eni sukladno podacima navedenima u<span style=\"color: #000000;\"> elektroni\u010dkoj prijavi.<\/span><\/p>\n<p>Elektroni\u010dka prijava omogu\u0107uje\u00a0pla\u0107anje putem virmana ili kreditnom karticom.<\/p>\n<p>Pla\u0107anje putem virmana mora biti izvr\u0161eno u roku navedenom na ponudi.<\/p>\n<p>Svi osobni tro\u0161kovi (minibar, telefonski tro\u0161kovi itd.) pla\u0107aju se na recepciji hotela prije odlaska.<\/p>\n<h3><span style=\"color: #0000ff;\"><strong>Otkazni uvjeti<\/strong><\/span><\/h3>\n<p><strong>Uvjeti otkaza za smje\u0161taj:<\/strong><\/p>\n<ul>\n<li>Otkaz smje\u0161taja do 12. rujna 2016. \u2013 bez tro\u0161kova.<\/li>\n<li>Za otkaz smje\u0161taja izme\u0111u 12. rujna 2016. i 25. rujna 2016. \u2012 sudionik je du\u017ean platiti iznos u visini 100% tro\u0161ka prvog no\u0107enja.<\/li>\n<li>Za otkaz smje\u0161taja nakon 25. rujna 2016. te za slu\u010daj nedolaska, kasnijeg dolaska ili ranijeg odlaska, sudionik je du\u017ean platiti iznos u visini 100% tro\u0161kova cijelog smje\u0161taja.<\/li>\n<\/ul>\n<p><strong>Uvjeti otkaza za kotizaciju:<\/strong><\/p>\n<ul>\n<li>Otkaz sudjelovanja do 8. rujna 2016. \u2013 bez tro\u0161kova.<\/li>\n<li>Za otkaz sudjelovanja izme\u0111u 8. rujna 2016. i 25. rujna 2016. \u2012 sudioniku \u0107e se vratiti iznos u visini 80% tro\u0161kova kotizacije, umanjen za administrativne tro\u0161kove u iznosu od 100,00 HRK po sudioniku.<\/li>\n<li>Za otkaz sudjelovanja nakon 25. rujna 2016. povrat kotizacije nije mogu\u0107, osim uz pisanu potvrdu Organizatora.<\/li>\n<\/ul>\n<p>Bilo kakvi otkazi ili promjene moraju se javiti Organizatoru u pisanoj formi: pismom, faxom ili e-po\u0161tom na kontakte navedene na stranici\u00a0<span style=\"color: #993366;\"><a style=\"color: #993366;\" href=\"http:\/\/ifmc-zse.hr\/2015\/hr\/informacije-i-kontakti\/kontakti\/\">Kontakti<\/a><\/span>.<\/p>\n<p>Za otkaze sudjelovanja zaprimljene nakon 25. rujna 2016., ili za nedolazak, kasniji dolazak ili raniji odlazak, povrat novca ne\u0107e biti mogu\u0107, no mogu\u0107e je slanje zamjenskog sudionika uz pisanu obavijest do 3. listopada 2016. na kontakte navedene na stranici\u00a0<span style=\"color: #993366;\"><a style=\"color: #993366;\" href=\"http:\/\/ifmc-zse.hr\/2015\/hr\/informacije-i-kontakti\/kontakti\/\">Kontakti<\/a><\/span>, uz suglasnost Organizatora.<\/p>\n<p>U slu\u010daju da uplata nije zaprimljena\u00a0do 3. listopada 2016., sudjelovanje na Konferenciji ne\u0107e biti mogu\u0107e.<\/p>\n<p>Eventualni povrati upla\u0107enih sredstava vr\u0161it \u0107e se po zavr\u0161etku Konferencije.<\/p>\n<h3><span style=\"color: #0000ff;\"><strong>Registracija<\/strong><\/span><\/h3>\n<p>Registracija se vr\u0161i putem\u00a0<span style=\"color: #993366;\"><a style=\"color: #993366;\" href=\"#\" data-toggle=\"modal\" data-target=\"#modalHR\">elektroni\u010dke prijave<\/a><\/span>.<\/p>\n<p>Po primitku registracije, ista \u0107e\u00a0biti potvr\u0111ena automatskim odgovorom. Sudjelovanje na Konferenciji bit \u0107e potvr\u0111eno po primitku uplate.<\/p>\n<h3><span style=\"color: #0000ff;\"><strong>Administracija<\/strong><\/span><\/h3>\n<p>Za sva pitanja slobodno kontaktirajte tehni\u010dkog organizatora konferencije \u2013 tvrtku\u00a0<span style=\"color: #993366;\"><a style=\"color: #993366;\" href=\"http:\/\/www.globtour.hr\/\">GLOBTOUR EVENT d.o.o.<\/a><\/span>:<\/p>\n<p>&nbsp;<\/p>\n<p><a href=\"http:\/\/www.globtour.hr\/\"><img decoding=\"async\" class=\"alignnone wp-image-46 size-thumbnail\" src=\"http:\/\/ifmc-zse.hr\/2014\/wp-content\/themes\/iconic-one-child\/img\/sponsors\/Globtour-Logo.png\" alt=\"GLOBTOUR EVENT\" \/><\/a><br \/>\nGLOBTOUR EVENT<br \/>\nTrg Nikole \u0160ubi\u0107a Zrinskog 1\/l, Zagreb Croatia<br \/>\nE-mail: <a href=\"mailto:info@ifmc-zse.hr\">info@ifmc-zse.hr<\/a><br \/>\nT.: +385 1 488 1100 \/\u00a0T.: +385 1 488 1116<br \/>\nFAX: +385 1 4881 119<\/p>\n","protected":false},"excerpt":{"rendered":"<p>Registrations are closed. For all other information, please contact the technical organiser. Smje\u0161taj Smje\u0161taj za sudionike Konferencije osiguran\u00a0je u\u00a0Valamar Isabella Island Resortu, Pore\u010d (otok sv. Nikole), po posebnim cijenama. Cijene za sudionike Konferencije dnevno (po osobi i po danu): Cijene uklju\u010duju: no\u0107enje s doru\u010dkom po osobi po danu, boravi\u0161nu prostojbu i\u00a0 PDV, vo\u017enju brodom na\u2026 <span class=\"read-more\"><a href=\"http:\/\/ifmc-zse.hr\/2016\/hr\/kotizacija-i-smjestaj\/\">Read More &raquo;<\/a><\/span><\/p>\n","protected":false},"author":1,"featured_media":0,"parent":0,"menu_order":3,"comment_status":"closed","ping_status":"closed","template":"my-templates\/full-width-reg-hr.php","meta":[],"_links":{"self":[{"href":"http:\/\/ifmc-zse.hr\/2016\/hr\/wp-json\/wp\/v2\/pages\/14"}],"collection":[{"href":"http:\/\/ifmc-zse.hr\/2016\/hr\/wp-json\/wp\/v2\/pages"}],"about":[{"href":"http:\/\/ifmc-zse.hr\/2016\/hr\/wp-json\/wp\/v2\/types\/page"}],"author":[{"embeddable":true,"href":"http:\/\/ifmc-zse.hr\/2016\/hr\/wp-json\/wp\/v2\/users\/1"}],"replies":[{"embeddable":true,"href":"http:\/\/ifmc-zse.hr\/2016\/hr\/wp-json\/wp\/v2\/comments?post=14"}],"version-history":[{"count":5,"href":"http:\/\/ifmc-zse.hr\/2016\/hr\/wp-json\/wp\/v2\/pages\/14\/revisions"}],"predecessor-version":[{"id":284,"href":"http:\/\/ifmc-zse.hr\/2016\/hr\/wp-json\/wp\/v2\/pages\/14\/revisions\/284"}],"wp:attachment":[{"href":"http:\/\/ifmc-zse.hr\/2016\/hr\/wp-json\/wp\/v2\/media?parent=14"}],"curies":[{"name":"wp","href":"https:\/\/api.w.org\/{rel}","templated":true}]}}