{"id":33,"date":"2015-05-15T13:42:22","date_gmt":"2015-05-15T13:42:22","guid":{"rendered":"http:\/\/ifmc-zse.hr\/2015\/hr\/?page_id=33"},"modified":"2015-10-20T14:07:49","modified_gmt":"2015-10-20T14:07:49","slug":"informacije-i-kontakti","status":"publish","type":"page","link":"http:\/\/ifmc-zse.hr\/2015\/hr\/informacije-i-kontakti\/","title":{"rendered":"Kotizacija i smje\u0161taj"},"content":{"rendered":"<h4 style=\"text-align: center;border: 1px solid #ddd;background-color: #f1f1f1\">Prijave su zatvorene. Za sve daljnje informacije molimo kontaktirajte tehni\u010dkog organizatora.<\/h4>\n<h2>Smje\u0161taj<\/h2>\n<p>Smje\u0161taj za sudionike Konferencije mogu\u0107\u00a0je u <a href=\"http:\/\/www.maistra.hr\/eden_rovinj\">Hotelu Eden<\/a> (4*) i <a href=\"http:\/\/www.montemulinihotel.com\/hr\/\">Hotelu Monte Mulini<\/a> (5*), Rovinj.<\/p>\n<p>Cijene za sudionike Konferencije dnevno (po osobi i po danu):<\/p>\n<p><strong><a href=\"http:\/\/www.montemulinihotel.com\/hr\/\">Hotel Monte Mulini<\/a><\/strong> (5*):<\/p>\n<ul>\n<li>jednokrevetna soba: <strong>1.148,00 HRK<\/strong><\/li>\n<li>dvokrevetna soba: <strong>742,00 HRK<\/strong><\/li>\n<\/ul>\n<p><strong><a href=\"http:\/\/www.maistra.hr\/eden_rovinj\">Hotel Eden<\/a><\/strong> (4*):<\/p>\n<ul>\n<li>jednokrevetna soba: <strong>398,00 HRK<\/strong><\/li>\n<li>dvokrevetna soba: <strong>253,00 HRK<\/strong><\/li>\n<\/ul>\n<p><del><a href=\"http:\/\/www.lonehotel.com\/\">Hotel Lone<\/a>:<\/del><\/p>\n<ul>\n<li><del>jednokrevetna soba: <strong>827,00 HRK<\/strong><\/del><\/li>\n<li><del>dvokrevetna soba: <strong>498,00 HRK<\/strong><\/del><\/li>\n<\/ul>\n<p>PDV i boravi\u0161na pristojba uklju\u010deni su u cijenu.<\/p>\n<p>Konferencija i sva doga\u0111anja prema programu Konferencije odr\u017eat \u0107e se u <a href=\"http:\/\/www.lonehotel.com\/\">Hotelu Lone<\/a>, Rovinj.<\/p>\n<h2>Kotizacija<\/h2>\n<p><del>Kotizacija <strong>za rane prijave (do 15. rujna 2015.)<\/strong>: <strong>2.600,00 HRK<\/strong> (PDV uklju\u010den).<\/del><\/p>\n<p>Kotizacija <strong>za prijave od 15. rujna 2015.<\/strong>: <strong>3.100,00 HRK<\/strong> (PDV uklju\u010den).<\/p>\n<p>Kotizacija uklju\u010duje konferencijski materijal, sve obroke te sva doga\u0111anja prema programu Konferencije. Kotizacija ne uklju\u010duje tro\u0161kove smje\u0161taja u hotelu niti putne tro\u0161kove.<\/p>\n<h2>Pla\u0107anje<\/h2>\n<p>Smje\u0161taj i kotizacija bit \u0107e napla\u0107eni sukladno podacima navedenima u elektroni\u010dkoj prijavi (dostupna od kolovoza 2015.).<\/p>\n<p>Elektroni\u010dka prijava omogu\u0107uje\u00a0pla\u0107anje putem virmana ili kreditnom karticom.<\/p>\n<p>Pla\u0107anje putem virmana mora biti izvr\u0161eno u roku navedenom na ponudi.<\/p>\n<p>Svi osobni tro\u0161kovi (minibar, telefonski tro\u0161kovi itd.) pla\u0107aju se na recepciji hotela prije odlaska.<\/p>\n<h2 id=\"OtkazniUvjeti\">Otkazni uvjeti<\/h2>\n<p>Uvjeti otkaza za smje\u0161taj:<\/p>\n<ul>\n<li>Otkaz smje\u0161taja do 18. rujna 2015. \u2013 bez tro\u0161kova.<\/li>\n<li>Za otkaz smje\u0161taja izme\u0111u 18. rujna 2015. i 9. listopada 2015. sudionik je du\u017ean platiti iznos u visini 100% tro\u0161ka prvog no\u0107enja.<\/li>\n<li>Za otkaz smje\u0161taja nakon 9. listopada 2015. te za slu\u010daj nedolaska, kasnijeg dolaska ili ranijeg odlaska, sudionik je du\u017ean platiti iznos u visini 100% tro\u0161kova cijelog smje\u0161taja.<\/li>\n<\/ul>\n<p>Uvjeti otkaza za kotizaciju:<\/p>\n<ul>\n<li>Otkaz sudjelovanja do 18. rujna 2015. \u2013 bez tro\u0161kova.<\/li>\n<li>Za otkaz sudjelovanja izme\u0111u 18. rujna 2015. i 9. listopada 2015. sudioniku \u0107e se vratiti iznos u visini 80% tro\u0161kova kotizacije, umanjen za administrativne tro\u0161kove u iznosu od 100,00 HRK po sudioniku.<\/li>\n<li>Za otkaz sudjelovanja nakon 9. listopada 2015. povrat kotizacije nije mogu\u0107, osim uz pisanu potvrdu Organizatora.<\/li>\n<\/ul>\n<p>Bilo kakvi otkazi ili promjene moraju se javiti Organizatoru u pisanoj formi: pismom, faxom ili e-po\u0161tom na kontakte navedene na stranici <a href=\"http:\/\/ifmc-zse.hr\/2015\/hr\/informacije-i-kontakti\/kontakti\/\">Kontakti<\/a>.<\/p>\n<p>Za otkaze sudjelovanja zaprimljene nakon 9. listopada 2015., ili za nedolazak, kasniji dolazak ili raniji odlazak, povrat novca ne\u0107e biti mogu\u0107, no mogu\u0107e je slanje zamjenskog sudionika uz pisanu obavijest do 19. listopada 2015. na kontakte navedene na stranici <a href=\"http:\/\/ifmc-zse.hr\/2015\/hr\/informacije-i-kontakti\/kontakti\/\">Kontakti<\/a>, uz suglasnost Organizatora.<\/p>\n<p>U slu\u010daju da uplata nije zaprimljena\u00a0do 20. listopada 2015., sudjelovanje na Konferenciji ne\u0107e biti mogu\u0107e.<\/p>\n<p>Eventualni povrati upla\u0107enih sredstava vr\u0161it \u0107e se po zavr\u0161etku Konferencije.<\/p>\n<h2>Registracija<\/h2>\n<p>Registracija se vr\u0161i putem <s>elektroni\u010dke prijave<\/s>.<\/p>\n<p>Po primitku registracije, ista \u0107e\u00a0biti potvr\u0111ena automatskim odgovorom. Sudjelovanje na Konferenciji bit \u0107e potvr\u0111eno po primitku uplate.<\/p>\n<h2>Administracija<\/h2>\n<p>Za sva pitanja slobodno kontaktirajte tehni\u010dkog organizatora konferencije \u2013 tvrtku <span style=\"color: #000000\">GLOBTOUR EVENT d.o.o.<\/span>:<\/p>\n<p><a href=\"http:\/\/www.globtour.hr\/Default.aspx?sifraStranica=18\"><img decoding=\"async\" class=\"alignnone wp-image-46 size-thumbnail\" src=\"http:\/\/ifmc-zse.hr\/2014\/wp-content\/themes\/iconic-one-child\/img\/sponsors\/Globtour-Logo.png\" alt=\"GLOBTOUR EVENT\" \/><\/a><br \/>\nGLOBTOUR EVENT d.o.o.<br \/>\nTrg Nikole \u0160ubi\u0107a Zrinskog 1\/l, Zagreb<br \/>\nE-po\u0161ta: <a href=\"mailto:info@ifmc-zse.hr\">info@ifmc-zse.hr<\/a><br \/>\nTEL.: +385 1 488 1100<br \/>\nFAX: +385 1 481 22 77<\/p>\n<\/div>\n","protected":false},"excerpt":{"rendered":"<p>Prijave su zatvorene. Za sve daljnje informacije molimo kontaktirajte tehni\u010dkog organizatora. Smje\u0161taj Smje\u0161taj za sudionike Konferencije mogu\u0107\u00a0je u Hotelu Eden (4*) i Hotelu Monte Mulini (5*), Rovinj. Cijene za sudionike Konferencije dnevno (po osobi i po danu): Hotel Monte Mulini (5*): jednokrevetna soba: 1.148,00 HRK dvokrevetna soba: 742,00 HRK Hotel Eden (4*): jednokrevetna soba: 398,00\u2026 <span class=\"read-more\"><a href=\"http:\/\/ifmc-zse.hr\/2015\/hr\/informacije-i-kontakti\/\">Read More &raquo;<\/a><\/span><\/p>\n","protected":false},"author":1,"featured_media":0,"parent":0,"menu_order":3,"comment_status":"closed","ping_status":"closed","template":"my-templates\/full-width-reg-hr.php","meta":[],"_links":{"self":[{"href":"http:\/\/ifmc-zse.hr\/2015\/hr\/wp-json\/wp\/v2\/pages\/33"}],"collection":[{"href":"http:\/\/ifmc-zse.hr\/2015\/hr\/wp-json\/wp\/v2\/pages"}],"about":[{"href":"http:\/\/ifmc-zse.hr\/2015\/hr\/wp-json\/wp\/v2\/types\/page"}],"author":[{"embeddable":true,"href":"http:\/\/ifmc-zse.hr\/2015\/hr\/wp-json\/wp\/v2\/users\/1"}],"replies":[{"embeddable":true,"href":"http:\/\/ifmc-zse.hr\/2015\/hr\/wp-json\/wp\/v2\/comments?post=33"}],"version-history":[{"count":5,"href":"http:\/\/ifmc-zse.hr\/2015\/hr\/wp-json\/wp\/v2\/pages\/33\/revisions"}],"predecessor-version":[{"id":318,"href":"http:\/\/ifmc-zse.hr\/2015\/hr\/wp-json\/wp\/v2\/pages\/33\/revisions\/318"}],"wp:attachment":[{"href":"http:\/\/ifmc-zse.hr\/2015\/hr\/wp-json\/wp\/v2\/media?parent=33"}],"curies":[{"name":"wp","href":"https:\/\/api.w.org\/{rel}","templated":true}]}}