{"id":6,"date":"2014-03-18T12:04:34","date_gmt":"2014-03-18T12:04:34","guid":{"rendered":"http:\/\/ifmc-zse.hr\/2014\/hr\/?page_id=6"},"modified":"2014-10-13T13:02:16","modified_gmt":"2014-10-13T13:02:16","slug":"dobro-dosli","status":"publish","type":"page","link":"http:\/\/ifmc-zse.hr\/2014\/hr\/","title":{"rendered":"Dobro do\u0161li"},"content":{"rendered":"<p style=\"text-align: justify;\">Dok su mnoga svjetska, pa i neka srednjoeuropska tr\u017ei\u0161ta, do\u017eivjela potpuni <strong>oporavak<\/strong> i bilje\u017ee nove vrhunce, hrvatsko tr\u017ei\u0161te &#8211; pod utjecajem negativnih stopa gospodarskog rasta i pada stranih investicija u posljednjih nekoliko godina &#8211; i dalje tra\u017ei na\u010dine za ubrzani <strong>oporavak<\/strong>.<\/p>\n<p style=\"text-align: justify;\">Pritom svakako treba istaknuti veliku ulogu sudionika financijskog tr\u017ei\u0161ta u pru\u017eanju potpore razvoju i rastu. I dok su prve godine krize protekle u o\u010dekivanju povratka \u201ena staro\u201c, u posljednje vrijeme bilje\u017eimo zna\u010dajne pomake u kreiranju novih proizvoda, na\u010dina trgovanja, regulative, sve u \u017eelji da se promijene negativni trendovi. U tom procesu nesumnjivo poma\u017ee \u010dinjenica da Hrvatska ima vrlo razvijenu industriju mirovinskih fondova koja je zauzela aktivni pristup u oporavku hrvatskog gospodarstva, a \u0161to \u0107e novim propisima donesenima u 2014. godini biti jo\u0161 izra\u017eenije.<\/p>\n<p style=\"text-align: justify;\">\u0160to nosi <strong>budu\u0107nost<\/strong>, kako prona\u0107i na\u010din da se aktivno doprinese razvoju i rastu ekonomije te koja je uloga tr\u017ei\u0161ta kapitala u tom procesu, sredi\u0161nja je tema ovogodi\u0161nje konferencije <strong>Zagreba\u010dke burze<\/strong> i <strong>Udru\u017eenja dru\u0161tava za upravljanje mirovinskim fondovima i mirovinskih osiguravaju\u0107ih dru\u0161tava<\/strong>, te <strong>Udru\u017eenja dru\u0161tava za upravljanje investicijskim fondovima pri Hrvatskoj gospodarskoj komori<\/strong>.<\/p>\n<p style=\"text-align: justify;\">\u017delja nam je jo\u0161 jednom u\u010dvrstiti jasnu poziciju ove konferencije kao sredi\u0161njeg doga\u0111anja cjelokupne financijske zajednice u Hrvatskoj, ali i u regiji. Konferencija veliku pozornost poklanja globalnim i europskim ekonomskim i tr\u017ei\u0161nim kretanjima i u tom kontekstu promatra trendove u Hrvatskoj, kako na tr\u017ei\u0161tu kapitala, tako i u upravljanju imovinom fondova.<\/p>\n<p style=\"text-align: justify;\">Brojni strani predava\u010di iz renomiranih institucija te rasprave u kojima \u0107e sudjelovati istaknuti hrvatski stru\u010dnjaci nesumnjivo \u0107e biti dobra polazna to\u010dka za <strong>otkrivanje budu\u0107nosti<\/strong>.<\/p>\n<p style=\"text-align: justify;\">S vi\u0161e od 350 sudionika iz financijske industrije, tijela dr\u017eavne uprave i kompanija, ovo je i idealna prilika za dijeljenje znanja i stvaranje novih kontakata, \u0161to se pokazalo neprocjenjivom sastavnicom ovog doga\u0111anja.<\/p>\n<p style=\"text-align: justify;\"><strong>Pridru\u017eite nam se u zajedni\u010dkom otkrivanju budu\u0107nosti!<\/strong><\/p>\n","protected":false},"excerpt":{"rendered":"<p>Dok su mnoga svjetska, pa i neka srednjoeuropska tr\u017ei\u0161ta, do\u017eivjela potpuni oporavak i bilje\u017ee nove vrhunce, hrvatsko tr\u017ei\u0161te &#8211; pod utjecajem negativnih stopa gospodarskog rasta i pada stranih investicija u posljednjih nekoliko godina &#8211; i dalje tra\u017ei na\u010dine za ubrzani oporavak. Pritom svakako treba istaknuti veliku ulogu sudionika financijskog tr\u017ei\u0161ta u pru\u017eanju potpore razvoju i\u2026 <span class=\"read-more\"><a href=\"http:\/\/ifmc-zse.hr\/2014\/hr\/\">Read More &raquo;<\/a><\/span><\/p>\n","protected":false},"author":1,"featured_media":0,"parent":0,"menu_order":0,"comment_status":"closed","ping_status":"closed","template":"","meta":[],"_links":{"self":[{"href":"http:\/\/ifmc-zse.hr\/2014\/hr\/wp-json\/wp\/v2\/pages\/6"}],"collection":[{"href":"http:\/\/ifmc-zse.hr\/2014\/hr\/wp-json\/wp\/v2\/pages"}],"about":[{"href":"http:\/\/ifmc-zse.hr\/2014\/hr\/wp-json\/wp\/v2\/types\/page"}],"author":[{"embeddable":true,"href":"http:\/\/ifmc-zse.hr\/2014\/hr\/wp-json\/wp\/v2\/users\/1"}],"replies":[{"embeddable":true,"href":"http:\/\/ifmc-zse.hr\/2014\/hr\/wp-json\/wp\/v2\/comments?post=6"}],"version-history":[{"count":5,"href":"http:\/\/ifmc-zse.hr\/2014\/hr\/wp-json\/wp\/v2\/pages\/6\/revisions"}],"predecessor-version":[{"id":291,"href":"http:\/\/ifmc-zse.hr\/2014\/hr\/wp-json\/wp\/v2\/pages\/6\/revisions\/291"}],"wp:attachment":[{"href":"http:\/\/ifmc-zse.hr\/2014\/hr\/wp-json\/wp\/v2\/media?parent=6"}],"curies":[{"name":"wp","href":"https:\/\/api.w.org\/{rel}","templated":true}]}}