{"id":187,"date":"2014-09-05T12:24:51","date_gmt":"2014-09-05T12:24:51","guid":{"rendered":"http:\/\/ifmc-zse.hr\/2014\/hr\/?page_id=187"},"modified":"2014-10-23T14:52:27","modified_gmt":"2014-10-23T14:52:27","slug":"prijava-radova","status":"publish","type":"page","link":"http:\/\/ifmc-zse.hr\/2014\/hr\/prezentacije\/prijava-radova\/","title":{"rendered":"Prijava radova"},"content":{"rendered":"<p>Konferencija <em>Izazov promjene: Otkrivanje budu\u0107nosti<\/em> u suradnji s akademskim partnerom Konferencije, <a title=\"Effectus\" href=\"http:\/\/www.effectus-uciliste.eu\/\">Visokom u\u010dili\u0161tem EFFECTUS &#8211; visokom \u0161kolom za financije i pravo<\/a>, poziva na prijavljivanje radova koji \u0107e biti objavljeni u znanstvenom \u010dasopisu <a href=\"http:\/\/www.effectus-uciliste.eu\/fip-journal-1.html\">Financije i pravo<\/a> nakon Konferencije.<\/p>\n<p>Pozdravljamo radove na teme koje pokrivaju sve aspekte ekonomije i prava, posebice interdisciplinarni radove koji povezuju teme iz prava i ekonomije u kombinaciji s drugim znanostima.<\/p>\n<p>Rok za predaju radova je 20. listopada 2014. putem e-po\u0161te na adresu <a href=\"mailto:nvidakovic@vsfp.eu\">nvidakovic@vsfp.eu<\/a>.<\/p>\n<p>Nakon revizije rada od strane stru\u010dnog tima \u010dasopisa i prihva\u0107anja istog, rad \u0107e biti objavljen u \u010dasopisu <a href=\"http:\/\/www.effectus-uciliste.eu\/fip-journal-1.html\">Financije i pravo<\/a>.<\/p>\n<p><span class=\"fa fa-file-pdf-o fa-lg\">\u00a0<\/span><a href=\"http:\/\/ifmc-zse.hr\/2014\/wp-content\/uploads\/2014\/09\/CoC_Guidelines_for_Authors.pdf\">Upute za autore<\/a><\/p>\n","protected":false},"excerpt":{"rendered":"<p>Konferencija Izazov promjene: Otkrivanje budu\u0107nosti u suradnji s akademskim partnerom Konferencije, Visokom u\u010dili\u0161tem EFFECTUS &#8211; visokom \u0161kolom za financije i pravo, poziva na prijavljivanje radova koji \u0107e biti objavljeni u znanstvenom \u010dasopisu Financije i pravo nakon Konferencije. Pozdravljamo radove na teme koje pokrivaju sve aspekte ekonomije i prava, posebice interdisciplinarni radove koji povezuju teme iz\u2026 <span class=\"read-more\"><a href=\"http:\/\/ifmc-zse.hr\/2014\/hr\/prezentacije\/prijava-radova\/\">Read More &raquo;<\/a><\/span><\/p>\n","protected":false},"author":1,"featured_media":0,"parent":577,"menu_order":6,"comment_status":"closed","ping_status":"closed","template":"","meta":[],"_links":{"self":[{"href":"http:\/\/ifmc-zse.hr\/2014\/hr\/wp-json\/wp\/v2\/pages\/187"}],"collection":[{"href":"http:\/\/ifmc-zse.hr\/2014\/hr\/wp-json\/wp\/v2\/pages"}],"about":[{"href":"http:\/\/ifmc-zse.hr\/2014\/hr\/wp-json\/wp\/v2\/types\/page"}],"author":[{"embeddable":true,"href":"http:\/\/ifmc-zse.hr\/2014\/hr\/wp-json\/wp\/v2\/users\/1"}],"replies":[{"embeddable":true,"href":"http:\/\/ifmc-zse.hr\/2014\/hr\/wp-json\/wp\/v2\/comments?post=187"}],"version-history":[{"count":4,"href":"http:\/\/ifmc-zse.hr\/2014\/hr\/wp-json\/wp\/v2\/pages\/187\/revisions"}],"predecessor-version":[{"id":212,"href":"http:\/\/ifmc-zse.hr\/2014\/hr\/wp-json\/wp\/v2\/pages\/187\/revisions\/212"}],"up":[{"embeddable":true,"href":"http:\/\/ifmc-zse.hr\/2014\/hr\/wp-json\/wp\/v2\/pages\/577"}],"wp:attachment":[{"href":"http:\/\/ifmc-zse.hr\/2014\/hr\/wp-json\/wp\/v2\/media?parent=187"}],"curies":[{"name":"wp","href":"https:\/\/api.w.org\/{rel}","templated":true}]}}